{"id":54582,"date":"2018-08-03T04:25:19","date_gmt":"2018-08-03T04:25:19","guid":{"rendered":"https:\/\/fmed.eu\/product\/sam-e\/"},"modified":"2025-04-22T13:05:38","modified_gmt":"2025-04-22T11:05:38","slug":"sam-e","status":"publish","type":"product","link":"https:\/\/fmed.eu\/de\/produkt\/sam-e\/","title":{"rendered":"Life Extension, SAM-e 400mg x 30 tablet"},"content":{"rendered":"<p>Life Extension SAMe<\/p>\n<p>LifeExtension Sam-e vsebuje le vrhunski, italijanski Soloesse\u00ae , s po\u010dasnim in ciljni spro\u0161\u010danjem za manj vpliva na prebavo in bolj\u0161o absorpcijo. Tablete so enteri\u010dno prevele\u010dene zato jih ne \u017eve\u010dite ali drobite.<\/p>\n<p>SAMe je okraj\u0161ava za s-Adenozil metionin, ki je snov z velikim potencialom oddajanja metilnih skupin. Metilne skupine priskrbi za veliko drugih metabolnih reakcij, kar vpliva pozitivno na razpolo\u017eenje, depresijo, anksioznost, pa tudi sklepe in jetra.<\/p>\n<p>SAMe je v bistvu aminokislina metionin, pripeta na ATP molekulo in potuje prosto v krvnem obtoku. Zaradi aminokisline metionin vsebuje tudi \u017eveplo in sodeluje v transulfuraciji in tudi aminopropilaciji. Ve\u010dina SAMe se tvori in porabi v jetrih. Poznamo preko 40 prenosov metilne skupine iz SAMe. Nekatere od teh reakcij vodijo na eni strani do glutationa in na drugi do monoaminskih nevrotansmitorjev (dopamin, serotonin, adrenalin\/epinefrin).<\/p>\n<p>SAMe ciklus<\/p>\n<p>SAMe izhaja iz metilacijskega ciklusa kjer se lahko preko homocisteina ponovno regenerira v metionin in nato spet v s-adenozil metionin (SAMe).<\/p>\n","protected":false},"excerpt":{"rendered":"<p>Vpliva na dobro po\u010dutje, sre\u010do in motivacijo.<\/p>\n","protected":false},"featured_media":54583,"comment_status":"open","ping_status":"closed","template":"","meta":[],"etheme_brands":[{"term_id":4696,"name":"LifeExtension","slug":"lifeextension","term_group":0,"term_taxonomy_id":4696,"taxonomy":"brand","description":"LifeExtenstion je podjetje, ki polaga posebno pozornost na kvaliteto. Osredoto\u010deni so na dva posebna podro\u010dja:\r\n\r\nSurovine: Za razliko od drugih proizvajalcev, sestavine, ki gredo v njihove izdelke, niso izbrane na podlagi stro\u0161kov. Namesto tega so izbrane na podlagi \u010distosti, u\u010dinkovitosti in dokazov iz znanstvenih raziskav.\r\n\r\nPotrjevanje u\u010dinkovitosti u\u010dinkovin z znanstvenimi raziskavami: Uporabljajo sestavine in odmerke, ki natan\u010dno posnemajo najuspe\u0161nej\u0161e rezultate, pridobljene v znanstvenih \u0161tudijah, za najve\u010djo u\u010dinkovitost.","parent":0,"count":12,"filter":"raw"}],"product_brand":[],"product_cat":[3731,3722,3732,3733,5384,3715,3724,3735,3736],"product_tag":[5448,5449,5450,5440,5451,5452,5453,5445,5454,5455],"class_list":{"0":"post-54582","1":"product","2":"type-product","3":"status-publish","4":"has-post-thumbnail","6":"brand-lifeextension","7":"product_cat-akcija","8":"product_cat-antioksidanti","9":"product_cat-energija-in-motivacija","10":"product_cat-imunski-sistem","11":"product_cat-obvladovanje-stresa","12":"product_cat-ostalo","13":"product_cat-razstrupljanje-in-jetra","14":"product_cat-spanje-insomnia","15":"product_cat-spomin-in-zdravje-mozganov","16":"product_tag-anksioznost","17":"product_tag-depresija","18":"product_tag-detox","19":"product_tag-glutation","20":"product_tag-jetra","21":"product_tag-metilacija","22":"product_tag-nevrotransmitorji","23":"product_tag-razstrupljanje","24":"product_tag-serotonin","25":"product_tag-sklepi","27":"first","28":"outofstock","29":"taxable","30":"shipping-taxable","31":"purchasable","32":"product-type-simple"},"_links":{"self":[{"href":"https:\/\/fmed.eu\/de\/wp-json\/wp\/v2\/product\/54582","targetHints":{"allow":["GET"]}}],"collection":[{"href":"https:\/\/fmed.eu\/de\/wp-json\/wp\/v2\/product"}],"about":[{"href":"https:\/\/fmed.eu\/de\/wp-json\/wp\/v2\/types\/product"}],"replies":[{"embeddable":true,"href":"https:\/\/fmed.eu\/de\/wp-json\/wp\/v2\/comments?post=54582"}],"version-history":[{"count":1,"href":"https:\/\/fmed.eu\/de\/wp-json\/wp\/v2\/product\/54582\/revisions"}],"predecessor-version":[{"id":69412,"href":"https:\/\/fmed.eu\/de\/wp-json\/wp\/v2\/product\/54582\/revisions\/69412"}],"wp:featuredmedia":[{"embeddable":true,"href":"https:\/\/fmed.eu\/de\/wp-json\/wp\/v2\/media\/54583"}],"wp:attachment":[{"href":"https:\/\/fmed.eu\/de\/wp-json\/wp\/v2\/media?parent=54582"}],"wp:term":[{"taxonomy":"brand","embeddable":true,"href":"https:\/\/fmed.eu\/de\/wp-json\/wp\/v2\/etheme_brands?post=54582"},{"taxonomy":"product_brand","embeddable":true,"href":"https:\/\/fmed.eu\/de\/wp-json\/wp\/v2\/product_brand?post=54582"},{"taxonomy":"product_cat","embeddable":true,"href":"https:\/\/fmed.eu\/de\/wp-json\/wp\/v2\/product_cat?post=54582"},{"taxonomy":"product_tag","embeddable":true,"href":"https:\/\/fmed.eu\/de\/wp-json\/wp\/v2\/product_tag?post=54582"}],"curies":[{"name":"wp","href":"https:\/\/api.w.org\/{rel}","templated":true}]}}