{"id":54626,"date":"2018-08-03T06:25:20","date_gmt":"2018-08-03T06:25:20","guid":{"rendered":"https:\/\/fmed.eu\/product\/cink-karnozin-helikobakter-zgaga-refluks\/"},"modified":"2026-01-06T12:37:17","modified_gmt":"2026-01-06T10:37:17","slug":"cink-karnozin-helikobakter-zgaga-refluks","status":"publish","type":"product","link":"https:\/\/fmed.eu\/de\/produkt\/cink-karnozin-helikobakter-zgaga-refluks\/","title":{"rendered":"Doctor&#8217;s Best, Cink Carnosine, Pepzin GI, 120 kapsul"},"content":{"rendered":"<p>Doctor&#8217;s Best PepZinGI<\/p>\n<p>Doctors\u2019s Best PepZinGI je skovanka iz Pep (za \u017eelodec), Zin (za cink), in GI (prebavni sistem). Gre za posebno spojino cinka in karnozina, poznano tudi kot Cink L-karnozin ali polaprezinc. Vsebuje 23% cinka in 77% karnozina in je na Japonskem odobren kot klini\u010dno zdravilo proti rani na \u017eelodcu.<\/p>\n<p>Cink je znan antioksidant, kar pomeni, da \u0161\u010diti celice pred oksidativnim stresom. Prav ta njegova lastnost je klju\u010dna, saj cink karnozin ve\u017ee nase proste radikale neposredno v \u017eelodcu.<\/p>\n<p>Klini\u010dne \u0161tudije so pokazale, da je cink karnozin varen za uporabo v odmerkih 150mg, brez vsakr\u0161nih stranskih u\u010dinkov.<\/p>\n","protected":false},"excerpt":{"rendered":"<p>Posebna oblika cinka, ki jo na Japonskem uporabljajo v medicini proti rani na \u017eelodcu.<\/p>\n","protected":false},"featured_media":64620,"comment_status":"open","ping_status":"closed","template":"","meta":[],"etheme_brands":[{"term_id":4643,"name":"Doctor's Best","slug":"doctors-best","term_group":0,"term_taxonomy_id":4643,"taxonomy":"brand","description":"Doctor's Best je znamka, ki so jo leta 1990 ustanovili zdravniki. Podjetje ponuja ve\u010d kot 200 izdelkov, katerih ve\u010dina je narejenih iz sestavin lastne blagovne znamke. Podjetje se lahko pohvali z izdelki, ki jih odlikujejo standardi najvi\u0161je kakovosti.","parent":0,"count":32,"filter":"raw"}],"product_brand":[],"product_cat":[3722,3716,3725],"product_tag":[5457,5437,5458,5459,5460,5439],"class_list":{"0":"post-54626","1":"product","2":"type-product","3":"status-publish","4":"has-post-thumbnail","6":"brand-doctors-best","7":"product_cat-antioksidanti","8":"product_cat-prebava-zelodec-crevesje","9":"product_cat-vitamini-in-minerali","10":"product_tag-helikobakter","11":"product_tag-refluks","12":"product_tag-sluznica","13":"product_tag-ulcer","14":"product_tag-zelodec","15":"product_tag-zgaga","17":"first","18":"outofstock","19":"taxable","20":"shipping-taxable","21":"purchasable","22":"product-type-simple"},"_links":{"self":[{"href":"https:\/\/fmed.eu\/de\/wp-json\/wp\/v2\/product\/54626","targetHints":{"allow":["GET"]}}],"collection":[{"href":"https:\/\/fmed.eu\/de\/wp-json\/wp\/v2\/product"}],"about":[{"href":"https:\/\/fmed.eu\/de\/wp-json\/wp\/v2\/types\/product"}],"replies":[{"embeddable":true,"href":"https:\/\/fmed.eu\/de\/wp-json\/wp\/v2\/comments?post=54626"}],"version-history":[{"count":1,"href":"https:\/\/fmed.eu\/de\/wp-json\/wp\/v2\/product\/54626\/revisions"}],"predecessor-version":[{"id":69385,"href":"https:\/\/fmed.eu\/de\/wp-json\/wp\/v2\/product\/54626\/revisions\/69385"}],"wp:featuredmedia":[{"embeddable":true,"href":"https:\/\/fmed.eu\/de\/wp-json\/wp\/v2\/media\/64620"}],"wp:attachment":[{"href":"https:\/\/fmed.eu\/de\/wp-json\/wp\/v2\/media?parent=54626"}],"wp:term":[{"taxonomy":"brand","embeddable":true,"href":"https:\/\/fmed.eu\/de\/wp-json\/wp\/v2\/etheme_brands?post=54626"},{"taxonomy":"product_brand","embeddable":true,"href":"https:\/\/fmed.eu\/de\/wp-json\/wp\/v2\/product_brand?post=54626"},{"taxonomy":"product_cat","embeddable":true,"href":"https:\/\/fmed.eu\/de\/wp-json\/wp\/v2\/product_cat?post=54626"},{"taxonomy":"product_tag","embeddable":true,"href":"https:\/\/fmed.eu\/de\/wp-json\/wp\/v2\/product_tag?post=54626"}],"curies":[{"name":"wp","href":"https:\/\/api.w.org\/{rel}","templated":true}]}}