{"id":54642,"date":"2018-08-03T06:25:20","date_gmt":"2018-08-03T06:25:20","guid":{"rendered":"https:\/\/fmed.eu\/product\/benfotiamin-ala-alpha-lipoic-acid-sladkorna-glukoza\/"},"modified":"2025-04-22T13:05:30","modified_gmt":"2025-04-22T11:05:30","slug":"benfotiamin-ala-alpha-lipoic-acid-sladkorna-glukoza","status":"publish","type":"product","link":"https:\/\/fmed.eu\/de\/produkt\/benfotiamin-ala-alpha-lipoic-acid-sladkorna-glukoza\/","title":{"rendered":"Doctor&#8217;s Best, Benfotiamine 150 + ALA, Benfotiamin, 60 kapsul"},"content":{"rendered":"<p>Doctor&#8217;s Best Benfotiamine + Alpha lipoic acid<\/p>\n<p>Benfotiamin \u2013 bolj\u0161i vitamin B1<\/p>\n<p>Benfotiamin je derivat vitamina B1 (tiamin), ki ima ob bolj\u0161i bioaktivnosti in absorpciji \u0161e dodatne funkcije v telesu.<\/p>\n<p>Benfotiamin je v nekaterih dr\u017eavah registriran kot zdravilo (tudi v Sloveniji) proti diabeti\u010dni nevropatiji (bole\u010dinah, ki jih povzro\u010dajo zapleti zaradi sladkorne bolezni), pod imenom Milgamma. Kot prehransko dopolnilo se Benfotiamin ne sme uporabljati za zdravljenje.<\/p>\n<p>Ker je Benfotiamin bolj BIO razpolo\u017eljiv kot navaden vitamin B1, bolje dviguje koncentracijo tiamina v mi\u0161icah, mo\u017eganih, jetrih in ledvicah. Ve\u010dina tega u\u010dinka gre na ra\u010dun topnosti v ma\u0161\u010dobah in bolj\u0161em transportu iz \u010drevesja v krvni obtok ter nato v celice, to pa tudi pomeni, da je benfotiamin potrebno zau\u017eiti z obrokom.<\/p>\n<p>Pozitivne lastnosti vitamina B1 (tiamina)<\/p>\n<p>Nekatere pozitivne lastnosti tiamina pri ljudeh so:<\/p>\n<p>ve\u010d energije<\/p>\n<p>bolj\u0161e delovanje \u017eiv\u010devja<\/p>\n<p>bolj\u0161e psiholo\u0161ko zdravje<\/p>\n<p>bolj\u0161e delovanje srca<\/p>\n<p>Alfa lipoi\u010dna kislina (ALA)<\/p>\n<p>ALA tvorijo \u017eivali in ljudje in je nujno potrebna za aerobni metabolizem (proizvodnjo energije ob prisotnosti kisika). V telesu se nahaja znotraj celic v mitohondrijih, ki so nekak\u0161ne celi\u010dne \u00bbelektrarne\u00ab. Kot kofaktor sodeluje vsaj pri 5 encimih od katerih sta dva iz Krebsovega cikla (glavni metabolni proces proizvodnje energije v telesu).<\/p>\n<p>ALA je v Nem\u010diji odobren kot zdravilo proti diabeti\u010dni nevropatiji \u017ee od leta 1966 in jo lahko dobite tudi na recept. Prehranska dopolnila se ne smejo uporabljati za zdravljenje.<\/p>\n<p>ALA je vodo topna v \u010drevesju vendar se enako dobro absorbira tudi s hrano. Absorpcijo lahko prepre\u010di avidin, saj se na njega zelo mo\u010dno ve\u017ee. Avidina je veliko v surovih jaj\u010dnih beljakih zato zau\u017eitje skupaj z njimi ni priporo\u010dljivo.<\/p>\n","protected":false},"excerpt":{"rendered":"<p>BIO-aktivni derivat vitamina B1, ki se uporablja tudi kot zdravilo pri diabetesu.<\/p>\n","protected":false},"featured_media":64604,"comment_status":"open","ping_status":"closed","template":"","meta":[],"etheme_brands":[{"term_id":4643,"name":"Doctor's Best","slug":"doctors-best","term_group":0,"term_taxonomy_id":4643,"taxonomy":"brand","description":"Doctor's Best je znamka, ki so jo leta 1990 ustanovili zdravniki. Podjetje ponuja ve\u010d kot 200 izdelkov, katerih ve\u010dina je narejenih iz sestavin lastne blagovne znamke. Podjetje se lahko pohvali z izdelki, ki jih odlikujejo standardi najvi\u0161je kakovosti.","parent":0,"count":32,"filter":"raw"}],"product_brand":[],"product_cat":[3722,3732,3723,3736,3740,3725],"product_tag":[5468,5469,5462,5470,5467],"class_list":{"0":"post-54642","1":"product","2":"type-product","3":"status-publish","4":"has-post-thumbnail","6":"brand-doctors-best","7":"product_cat-antioksidanti","8":"product_cat-energija-in-motivacija","9":"product_cat-podpora-srca-in-ozilja","10":"product_cat-spomin-in-zdravje-mozganov","11":"product_cat-uravnavanje-krvnega-sladkorja","12":"product_cat-vitamini-in-minerali","13":"product_tag-diabetes","14":"product_tag-energija","15":"product_tag-krvni-sladkor","16":"product_tag-stres","17":"product_tag-utrujenost","19":"first","20":"outofstock","21":"taxable","22":"shipping-taxable","23":"purchasable","24":"product-type-simple"},"_links":{"self":[{"href":"https:\/\/fmed.eu\/de\/wp-json\/wp\/v2\/product\/54642","targetHints":{"allow":["GET"]}}],"collection":[{"href":"https:\/\/fmed.eu\/de\/wp-json\/wp\/v2\/product"}],"about":[{"href":"https:\/\/fmed.eu\/de\/wp-json\/wp\/v2\/types\/product"}],"replies":[{"embeddable":true,"href":"https:\/\/fmed.eu\/de\/wp-json\/wp\/v2\/comments?post=54642"}],"version-history":[{"count":1,"href":"https:\/\/fmed.eu\/de\/wp-json\/wp\/v2\/product\/54642\/revisions"}],"predecessor-version":[{"id":69387,"href":"https:\/\/fmed.eu\/de\/wp-json\/wp\/v2\/product\/54642\/revisions\/69387"}],"wp:featuredmedia":[{"embeddable":true,"href":"https:\/\/fmed.eu\/de\/wp-json\/wp\/v2\/media\/64604"}],"wp:attachment":[{"href":"https:\/\/fmed.eu\/de\/wp-json\/wp\/v2\/media?parent=54642"}],"wp:term":[{"taxonomy":"brand","embeddable":true,"href":"https:\/\/fmed.eu\/de\/wp-json\/wp\/v2\/etheme_brands?post=54642"},{"taxonomy":"product_brand","embeddable":true,"href":"https:\/\/fmed.eu\/de\/wp-json\/wp\/v2\/product_brand?post=54642"},{"taxonomy":"product_cat","embeddable":true,"href":"https:\/\/fmed.eu\/de\/wp-json\/wp\/v2\/product_cat?post=54642"},{"taxonomy":"product_tag","embeddable":true,"href":"https:\/\/fmed.eu\/de\/wp-json\/wp\/v2\/product_tag?post=54642"}],"curies":[{"name":"wp","href":"https:\/\/api.w.org\/{rel}","templated":true}]}}