{"id":54764,"date":"2018-08-03T04:25:23","date_gmt":"2018-08-03T04:25:23","guid":{"rendered":"https:\/\/fmed.eu\/product\/ashwagandha-asvaganda\/"},"modified":"2026-03-16T12:52:18","modified_gmt":"2026-03-16T10:52:18","slug":"ashwagandha-asvaganda","status":"publish","type":"product","link":"https:\/\/fmed.eu\/de\/produkt\/ashwagandha-asvaganda\/","title":{"rendered":"Jarrow Formulas, Ashwagandha, A\u0161vaganda, 300mg, 120 kapsul"},"content":{"rendered":"<p>Jarrow Formulas Ashwagandha<\/p>\n<p>A\u0161vagando ( Withania somnifera ) imenujejo tudi \u00bbkraljico ajurvedskih zeli\u0161\u010d\u00ab. Tipi\u010dno se uporablja kot adaptogen (EFSA-Q-2008-3983), kar pomeni da uravnava hormonsko ravnovesje, predvsem v \u010dasu povi\u0161anega stresa.<\/p>\n<p>Pomaga pri psiholo\u0161kem stresu, napetosti in anksioznosti ter prispeva k optimalni sprostitvi ter splo\u0161nemu dobremu po\u010dutju in emocionalnem ravnovesju (EFSA-Q-2008-2916).<\/p>\n<p>Dodatno lahko ugodno vpliva tudi na srce in celoten sr\u010dno-\u017eilni sistem (EFSA-Q-2008-3236).<\/p>\n<p>Ashvaganda pomeni v dobesednem prevodu \u00bbvonj po konju\u00ab, kar izhaja iz tipi\u010dnega vonja, ki ga imajo sve\u017ee korenine. Raste v Severni Ameriki in Indiji in je v uporabi \u017ee tiso\u010dletja.<\/p>\n<p>Jarrow Formulas Ashwagandha vsebuje poseben, patentiran ekstrakt a\u0161vagandhe KSM-66\u00ae, kar pomeni preverjeno kakovost, standardizacijo u\u010dinkovin in optimalno absorpcijo ter u\u010dinek.<\/p>\n<p>Ekstrakt korenine je najbolj\u0161a oblika a\u0161vagandhe, saj se je edini pokazal kot u\u010dinkovit in netoksi\u010den. Bodite pozorni, da uporabljate le \u010disti ekstrakt korenine!<\/p>\n","protected":false},"excerpt":{"rendered":"<p>Imenovana tudi &#8220;kraljica ajurvedske medicine&#8221;, deluje kot adaptogen pri simptomih stresa.<\/p>\n","protected":false},"featured_media":54765,"comment_status":"open","ping_status":"closed","template":"","meta":[],"etheme_brands":[{"term_id":4642,"name":"Jarrow Formulas","slug":"jarrow-formulas","term_group":0,"term_taxonomy_id":4642,"taxonomy":"brand","description":"Jarrow Formulas (podjetje s sede\u017eem v ameri\u0161kem Los Angelesu) je snovalec in dobavitelj vrhunskih prehranskih dopolnil. Podjetje je bilo ustanovljeno leta 1977. Celotna linija Jarrow Formulas zajema vitamine, minerale, probiotike, standardizirane zeli\u0161\u010dne koncentrate, aminokisline in encime.\r\nPodjetje tudi financira raziskovalne \u0161tudije o pomembnosti prehranskih izdelkov, kot je denimo CoQ10. Cilj podjetja je namre\u010d spodbujati optimalno zdravje s prehranskimi dopolnili visoke kakovosti, u\u010dinkovitosti, dostopnosti in v vrhunskih oblikah.","parent":0,"count":36,"filter":"raw"}],"product_brand":[],"product_cat":[3732,3733,5384,3723,3736,3739,3752],"product_tag":[5495,5448,5449,5496,5464,5465,5497,5470,5466,5467],"class_list":{"0":"post-54764","1":"product","2":"type-product","3":"status-publish","4":"has-post-thumbnail","6":"brand-jarrow-formulas","7":"product_cat-energija-in-motivacija","8":"product_cat-imunski-sistem","9":"product_cat-obvladovanje-stresa","10":"product_cat-podpora-srca-in-ozilja","11":"product_cat-spomin-in-zdravje-mozganov","12":"product_cat-uravnavanje-hormonov","13":"product_cat-zelisca-izvlecki-in-tinkture","14":"product_tag-adaptogen","15":"product_tag-anksioznost","16":"product_tag-depresija","17":"product_tag-ozilje","18":"product_tag-spanje","19":"product_tag-sproscanje","20":"product_tag-srce","21":"product_tag-stres","22":"product_tag-umirjanje","23":"product_tag-utrujenost","25":"first","26":"instock","27":"taxable","28":"shipping-taxable","29":"purchasable","30":"product-type-simple"},"_links":{"self":[{"href":"https:\/\/fmed.eu\/de\/wp-json\/wp\/v2\/product\/54764","targetHints":{"allow":["GET"]}}],"collection":[{"href":"https:\/\/fmed.eu\/de\/wp-json\/wp\/v2\/product"}],"about":[{"href":"https:\/\/fmed.eu\/de\/wp-json\/wp\/v2\/types\/product"}],"replies":[{"embeddable":true,"href":"https:\/\/fmed.eu\/de\/wp-json\/wp\/v2\/comments?post=54764"}],"version-history":[{"count":1,"href":"https:\/\/fmed.eu\/de\/wp-json\/wp\/v2\/product\/54764\/revisions"}],"predecessor-version":[{"id":69411,"href":"https:\/\/fmed.eu\/de\/wp-json\/wp\/v2\/product\/54764\/revisions\/69411"}],"wp:featuredmedia":[{"embeddable":true,"href":"https:\/\/fmed.eu\/de\/wp-json\/wp\/v2\/media\/54765"}],"wp:attachment":[{"href":"https:\/\/fmed.eu\/de\/wp-json\/wp\/v2\/media?parent=54764"}],"wp:term":[{"taxonomy":"brand","embeddable":true,"href":"https:\/\/fmed.eu\/de\/wp-json\/wp\/v2\/etheme_brands?post=54764"},{"taxonomy":"product_brand","embeddable":true,"href":"https:\/\/fmed.eu\/de\/wp-json\/wp\/v2\/product_brand?post=54764"},{"taxonomy":"product_cat","embeddable":true,"href":"https:\/\/fmed.eu\/de\/wp-json\/wp\/v2\/product_cat?post=54764"},{"taxonomy":"product_tag","embeddable":true,"href":"https:\/\/fmed.eu\/de\/wp-json\/wp\/v2\/product_tag?post=54764"}],"curies":[{"name":"wp","href":"https:\/\/api.w.org\/{rel}","templated":true}]}}