{"id":55132,"date":"2018-08-03T04:25:32","date_gmt":"2018-08-03T04:25:32","guid":{"rendered":"https:\/\/fmed.eu\/product\/licorice-dgl\/"},"modified":"2026-01-06T12:37:17","modified_gmt":"2026-01-06T10:37:17","slug":"licorice-dgl","status":"publish","type":"product","link":"https:\/\/fmed.eu\/de\/produkt\/licorice-dgl\/","title":{"rendered":"Planetary Herbals, Licorice DGL (sladki koren), 380mg, 200 tablet"},"content":{"rendered":"<p>Sladki koren ali Likviricija (Glycyrrhiza glabra)<\/p>\n<p>Licorice DGL je posebna oblika sladkega korena, ki ji je bil odvzet Glycyrrhizin. Glicirizin je tipi\u010dna sestavina sladkega korena, ki vpliva na stresne hormone (nadledvi\u010dna \u017eleza) in dviguje krvni pritisk. Brez te sestavine lahko brez skrbi u\u017eivate koristne lastnosti sladkega korena, ki je \u017ee tradicionalno uporabljan kot zeli\u0161\u010de za podporo prebavi.<\/p>\n<p>Sladki koren pomaga in podpira prebavo (EFSA-Q-2008-4488),<\/p>\n<p>saj krepi in obnavlja \u017eelod\u010dno in \u010drevesno sluznico.<\/p>\n","protected":false},"excerpt":{"rendered":"<p>Posebna oblika sladkega korena, ki ureja prebavo brez negativnega vpliva na krvni pritisk in nadledvi\u010dno \u017elezo.<\/p>\n","protected":false},"featured_media":55133,"comment_status":"open","ping_status":"closed","template":"","meta":[],"etheme_brands":[{"term_id":4654,"name":"Planetary Herbals","slug":"planetary-herbals","term_group":0,"term_taxonomy_id":4654,"taxonomy":"brand","description":"Izdelki znamke Planetary Herbals nastajajo izpod rok in na podlagi znanja profesionalnih zeli\u0161\u010darjev. Ti znanje \u010drpajo iz ajurvede, tradicionalne kitajske ter zahodne medicine. Izdelki nastajajo po ve\u010d tiso\u010d let starih recepturah, ki jih dopolnjujejo s klini\u010dnimi raziskavami.","parent":0,"count":3,"filter":"raw"}],"product_brand":[],"product_cat":[3759,3716,3752],"product_tag":[5520,5433,5457,5436,5553,5455,5458,5522,5439],"class_list":{"0":"post-55132","1":"product","2":"type-product","3":"status-publish","4":"has-post-thumbnail","6":"brand-planetary-herbals","7":"product_cat-pljuca-dihala","8":"product_cat-prebava-zelodec-crevesje","9":"product_cat-zelisca-izvlecki-in-tinkture","10":"product_tag-artritis","11":"product_tag-gerb","12":"product_tag-helikobakter","13":"product_tag-prebava","14":"product_tag-rane","15":"product_tag-sklepi","16":"product_tag-sluznica","17":"product_tag-vnetja","18":"product_tag-zgaga","20":"first","21":"outofstock","22":"taxable","23":"shipping-taxable","24":"purchasable","25":"product-type-simple"},"_links":{"self":[{"href":"https:\/\/fmed.eu\/de\/wp-json\/wp\/v2\/product\/55132","targetHints":{"allow":["GET"]}}],"collection":[{"href":"https:\/\/fmed.eu\/de\/wp-json\/wp\/v2\/product"}],"about":[{"href":"https:\/\/fmed.eu\/de\/wp-json\/wp\/v2\/types\/product"}],"replies":[{"embeddable":true,"href":"https:\/\/fmed.eu\/de\/wp-json\/wp\/v2\/comments?post=55132"}],"version-history":[{"count":1,"href":"https:\/\/fmed.eu\/de\/wp-json\/wp\/v2\/product\/55132\/revisions"}],"predecessor-version":[{"id":69403,"href":"https:\/\/fmed.eu\/de\/wp-json\/wp\/v2\/product\/55132\/revisions\/69403"}],"wp:featuredmedia":[{"embeddable":true,"href":"https:\/\/fmed.eu\/de\/wp-json\/wp\/v2\/media\/55133"}],"wp:attachment":[{"href":"https:\/\/fmed.eu\/de\/wp-json\/wp\/v2\/media?parent=55132"}],"wp:term":[{"taxonomy":"brand","embeddable":true,"href":"https:\/\/fmed.eu\/de\/wp-json\/wp\/v2\/etheme_brands?post=55132"},{"taxonomy":"product_brand","embeddable":true,"href":"https:\/\/fmed.eu\/de\/wp-json\/wp\/v2\/product_brand?post=55132"},{"taxonomy":"product_cat","embeddable":true,"href":"https:\/\/fmed.eu\/de\/wp-json\/wp\/v2\/product_cat?post=55132"},{"taxonomy":"product_tag","embeddable":true,"href":"https:\/\/fmed.eu\/de\/wp-json\/wp\/v2\/product_tag?post=55132"}],"curies":[{"name":"wp","href":"https:\/\/api.w.org\/{rel}","templated":true}]}}