{"id":55166,"date":"2018-08-03T04:25:32","date_gmt":"2018-08-03T04:25:32","guid":{"rendered":"https:\/\/fmed.eu\/product\/sladki-koren-licorice-ekstrakt\/"},"modified":"2025-04-22T13:05:35","modified_gmt":"2025-04-22T11:05:35","slug":"sladki-koren-licorice-ekstrakt","status":"publish","type":"product","link":"https:\/\/fmed.eu\/de\/produkt\/sladki-koren-licorice-ekstrakt\/","title":{"rendered":"Nature&#8217;s Answer, Licorice Root, Sladki Koren, 2000mg, 30ml"},"content":{"rendered":"<p>Nature&#8217;s Answer ekstrakt sladkega korena<\/p>\n<p>Nature&#8217;s Answer sladki koren je ekstrakt sladkega korena v obliki tinkture brez alkohola. Sladki koren (licorice root, glycyrrhiza spp.) je dobro poznana zdravilna rastlina v tradicionalni kitajski medicini, kjer se uporablja za \u0161tevilne namene, med drugim tudi prebavne te\u017eave (EFSA-Q-2008-4488).<\/p>\n<p>Posebna aktivna sestavina sladkega korena je glicirizin (glycyrrhizin), sestavina, ki daje sladkemu korenu zna\u010dilen sladkast okus. Glicirizin lahko ima negativen u\u010dinek na krvni pritisk (ga dviguje). Posamezniki z \u017ee povi\u0161anim krvnim tlakom naj bodo pri jemanju zato posebej pozorni in se pred uporabo posvetujejo z zdravnikom.<\/p>\n<p>Metabolit glicirizinske kisline zavira pretvorbo kortizola (stresnega hormona) v \u00bbneaktiven\u00ab kortizon. Na ta na\u010din sladki koren dviguje kortizol v telesu.<\/p>\n<p>V kolikor i\u0161\u010dete samo pozitivne u\u010dinke sladkega korena na prebavo brez vpliva na kortizol in krvni pritisk vam priporo\u010damo Sladki koren brez glicirizina (licorice DGL) .<\/p>\n","protected":false},"excerpt":{"rendered":"<p>Okusna, brezalkoholna tinktura, ki vpliva na \u017eelodec, prebavo, hormone nadledvi\u010dne \u017eleze in podalj\u0161uje u\u010dinke kortizola.<\/p>\n","protected":false},"featured_media":0,"comment_status":"open","ping_status":"closed","template":"","meta":[],"etheme_brands":[{"term_id":4661,"name":"Nature's Answer","slug":"natures-answer","term_group":0,"term_taxonomy_id":4661,"taxonomy":"brand","description":"Nature's Answer\u00ae kot eden najve\u010djih in najstarej\u0161ih ameri\u0161kih proizvajalcev prehranskih dodatkov ima ponosno tradicijo zagotavljanja sestavin najvi\u0161je kakovosti in \u010distosti v vsakem proizvodu \u017ee od leta 1972. Edinstveno lahko zagotavljajo te standarde za vse njihove teko\u010de rastlinske izvle\u010dke, saj oboje proizvajajo in pakirajo.\nDanes Nature's Answer\u00ae \u0161e naprej zdru\u017euje najbolj\u0161a tradicionalna zeli\u0161\u010dna zdravila, vitamine in minerale z inovativnimi znanstvenimi tehnikami in fitofarmacevtskimi postopki, ki prina\u0161ajo dodatke najbolj\u0161e kakovosti in vrednosti za vso dru\u017eino.","parent":0,"count":5,"filter":"raw"}],"product_brand":[],"product_cat":[3732,5384,3716,3739,3752],"product_tag":[5495,5565,5508,5509,5472,5566,5567],"class_list":{"0":"post-55166","1":"product","2":"type-product","3":"status-publish","5":"brand-natures-answer","6":"product_cat-energija-in-motivacija","7":"product_cat-obvladovanje-stresa","8":"product_cat-prebava-zelodec-crevesje","9":"product_cat-uravnavanje-hormonov","10":"product_cat-zelisca-izvlecki-in-tinkture","11":"product_tag-adaptogen","12":"product_tag-hormoni","13":"product_tag-izgorelost","14":"product_tag-kortizol","15":"product_tag-nadledvicna-zleza","16":"product_tag-nihanje-energije","17":"product_tag-nizek-pritisk","19":"first","20":"outofstock","21":"taxable","22":"shipping-taxable","23":"purchasable","24":"product-type-simple"},"_links":{"self":[{"href":"https:\/\/fmed.eu\/de\/wp-json\/wp\/v2\/product\/55166","targetHints":{"allow":["GET"]}}],"collection":[{"href":"https:\/\/fmed.eu\/de\/wp-json\/wp\/v2\/product"}],"about":[{"href":"https:\/\/fmed.eu\/de\/wp-json\/wp\/v2\/types\/product"}],"replies":[{"embeddable":true,"href":"https:\/\/fmed.eu\/de\/wp-json\/wp\/v2\/comments?post=55166"}],"version-history":[{"count":1,"href":"https:\/\/fmed.eu\/de\/wp-json\/wp\/v2\/product\/55166\/revisions"}],"predecessor-version":[{"id":69404,"href":"https:\/\/fmed.eu\/de\/wp-json\/wp\/v2\/product\/55166\/revisions\/69404"}],"wp:attachment":[{"href":"https:\/\/fmed.eu\/de\/wp-json\/wp\/v2\/media?parent=55166"}],"wp:term":[{"taxonomy":"brand","embeddable":true,"href":"https:\/\/fmed.eu\/de\/wp-json\/wp\/v2\/etheme_brands?post=55166"},{"taxonomy":"product_brand","embeddable":true,"href":"https:\/\/fmed.eu\/de\/wp-json\/wp\/v2\/product_brand?post=55166"},{"taxonomy":"product_cat","embeddable":true,"href":"https:\/\/fmed.eu\/de\/wp-json\/wp\/v2\/product_cat?post=55166"},{"taxonomy":"product_tag","embeddable":true,"href":"https:\/\/fmed.eu\/de\/wp-json\/wp\/v2\/product_tag?post=55166"}],"curies":[{"name":"wp","href":"https:\/\/api.w.org\/{rel}","templated":true}]}}