{"id":55326,"date":"2018-08-03T06:25:40","date_gmt":"2018-08-03T06:25:40","guid":{"rendered":"https:\/\/fmed.eu\/product\/edta-kelator\/"},"modified":"2026-01-06T12:37:12","modified_gmt":"2026-01-06T10:37:12","slug":"edta-kelator","status":"publish","type":"product","link":"https:\/\/fmed.eu\/de\/produkt\/edta-kelator\/","title":{"rendered":"Arizona Natural, EDTA, kelator za te\u017eke kovine, 600mg, 100 kapsul"},"content":{"rendered":"<p>EDTA, kelator za te\u017eke kovine<\/p>\n<p>EDTA ali kalcijev dinatrijev EDTA (etilendiamintetraocetna kislina) je kelacijska formula, ki jo znamka Arizona Natural ponuja v obliki kapsul. Kot kelator EDTA ve\u017ee nase kovine in minerale zato je med jemanjem pomembno, da prehrano nadome\u0161\u010date s kvalitetno multi vitaminsko formulo . Dolgoro\u010dno jemanje EDTA brez nadome\u0161\u010danja vitaminov in mineralov lahko vodi v pomanjkanje le-teh v telesu.<\/p>\n","protected":false},"excerpt":{"rendered":"<p>Arizona Natural EDTA je u\u010dinkovita kelacijska formula, ki nase ve\u017ee te\u017eke kovine.<\/p>\n","protected":false},"featured_media":64451,"comment_status":"open","ping_status":"closed","template":"","meta":[],"etheme_brands":[{"term_id":4656,"name":"Arizona Natural","slug":"arizona-natural","term_group":0,"term_taxonomy_id":4656,"taxonomy":"brand","description":"Arizona Natural Products \u017ee od leta 1979 je ponuja dopolnila z najvi\u0161jimi kakovostnimi zeli\u0161\u010dnimi in vitaminskimi dodatki. Arizona Natural je pionir v proizvodnem procesu za izdelavo \u010desnovih dopolnil brez vonja, bogatih z alicilinom, in se osredoto\u010da na edinstvene, izdelke, kot so EDTA, Chaparral, Wild Bear's \u010desen (Ramsons) in specializirane specifi\u010dne formule.","parent":0,"count":1,"filter":"raw"}],"product_brand":[],"product_cat":[3723,3724,3725],"product_tag":[5450,5589,5502,5445,5590,5591],"class_list":{"0":"post-55326","1":"product","2":"type-product","3":"status-publish","4":"has-post-thumbnail","6":"brand-arizona-natural","7":"product_cat-podpora-srca-in-ozilja","8":"product_cat-razstrupljanje-in-jetra","9":"product_cat-vitamini-in-minerali","10":"product_tag-detox","11":"product_tag-edta","12":"product_tag-kelacija","13":"product_tag-razstrupljanje","14":"product_tag-tezke-kovine","15":"product_tag-vratne-zile","17":"first","18":"outofstock","19":"featured","20":"taxable","21":"shipping-taxable","22":"purchasable","23":"product-type-simple"},"_links":{"self":[{"href":"https:\/\/fmed.eu\/de\/wp-json\/wp\/v2\/product\/55326","targetHints":{"allow":["GET"]}}],"collection":[{"href":"https:\/\/fmed.eu\/de\/wp-json\/wp\/v2\/product"}],"about":[{"href":"https:\/\/fmed.eu\/de\/wp-json\/wp\/v2\/types\/product"}],"replies":[{"embeddable":true,"href":"https:\/\/fmed.eu\/de\/wp-json\/wp\/v2\/comments?post=55326"}],"version-history":[{"count":1,"href":"https:\/\/fmed.eu\/de\/wp-json\/wp\/v2\/product\/55326\/revisions"}],"predecessor-version":[{"id":69359,"href":"https:\/\/fmed.eu\/de\/wp-json\/wp\/v2\/product\/55326\/revisions\/69359"}],"wp:featuredmedia":[{"embeddable":true,"href":"https:\/\/fmed.eu\/de\/wp-json\/wp\/v2\/media\/64451"}],"wp:attachment":[{"href":"https:\/\/fmed.eu\/de\/wp-json\/wp\/v2\/media?parent=55326"}],"wp:term":[{"taxonomy":"brand","embeddable":true,"href":"https:\/\/fmed.eu\/de\/wp-json\/wp\/v2\/etheme_brands?post=55326"},{"taxonomy":"product_brand","embeddable":true,"href":"https:\/\/fmed.eu\/de\/wp-json\/wp\/v2\/product_brand?post=55326"},{"taxonomy":"product_cat","embeddable":true,"href":"https:\/\/fmed.eu\/de\/wp-json\/wp\/v2\/product_cat?post=55326"},{"taxonomy":"product_tag","embeddable":true,"href":"https:\/\/fmed.eu\/de\/wp-json\/wp\/v2\/product_tag?post=55326"}],"curies":[{"name":"wp","href":"https:\/\/api.w.org\/{rel}","templated":true}]}}