{"id":55584,"date":"2018-08-03T06:25:48","date_gmt":"2018-08-03T06:25:48","guid":{"rendered":"https:\/\/fmed.eu\/product\/huperzine-a-mozgani-nootropik\/"},"modified":"2026-01-06T12:37:24","modified_gmt":"2026-01-06T10:37:24","slug":"huperzine-a-mozgani-nootropik","status":"publish","type":"product","link":"https:\/\/fmed.eu\/de\/produkt\/huperzine-a-mozgani-nootropik\/","title":{"rendered":"Source Naturals, Huperzine A, 200mcg 120tablet"},"content":{"rendered":"<p>Source Naturals Huperzine A (huperzin A)<\/p>\n<p>Huperzin A je izvle\u010dek lista rastline Huperzia Serrata. Gre za standardiziran ekstrakt kar pomeni, da je njegova kvaliteta zagotovoljena. Huperzine A je acetylholinesterase inhibitor, kar pomeni, da ureja delovanej encima, ki razgrajuje nevrotransmitor acetil holin. Kot tak\u0161en torej spada med nootropike.<\/p>\n<p>Njegova uporaba je bila skozi ve\u010d \u0161tudij dokazana za varno, prav tako pa ima \u017ee tradicionalno rabo v kitajski medicini, kjer se imenuje Qian Ceng Ta.<\/p>\n<p>Huperzin A je vodotopen zato jemanje z obrokom ni potrebno in ga lahko vzamete na te\u0161\u010de. Priporo\u010deno je jemanje zjturaj. Zelo dobro se kombinira s kolinergiki, to je dodatki, ki vplivajo na holin kot npr. Citicoline .<\/p>\n<p>Huperzin A je trenutno pod pregledom pozitivnih u\u010dinkov s strani EFSE s slede\u010dimi trditvami:<\/p>\n<p>izbolj\u0161uje splo\u0161no mentalno delovanje (EFSA-Q-2008-4581)<\/p>\n","protected":false},"excerpt":{"rendered":"<p>Huperzine A je znan nootropik s tradicionalno rabo v kitajski medicini. Vpliva na nevrotrasmitor acetil holin in lahko ima pozitivne u\u010dinke na mentalne funkcije.<\/p>\n","protected":false},"featured_media":55585,"comment_status":"open","ping_status":"closed","template":"","meta":[],"etheme_brands":[{"term_id":4651,"name":"Source Naturals","slug":"source-naturals","term_group":0,"term_taxonomy_id":4651,"taxonomy":"brand","description":"Podjetje Source Naturals je na svetovnem trgu prisotno \u017ee vse od leta 1982. Vajeti ima v rokah direktor Ira Goldberg, ki se ves ta \u010das trudi zasledovati glavni cilj, ki je: podpirati potencial vsakega posameznika, da u\u017eiva v optimalnem zdravju. V tistih za\u010detnih \u010dasih je bila ideja zdru\u017eiti \u0161tevilne hranilne snovi, zeli\u0161\u010da in farmacevtske dodatke, prava redkost. Podjetje se danes lahko pohvali s \u0161tevilnimi nagrajenimi formulami, ki so priznane in poznane po svoji odli\u010dnosti. To podpirajo tudi neodvisne raziskave in prehranske analize.","parent":0,"count":21,"filter":"raw"}],"product_brand":[],"product_cat":[3732,5384,3715,3736,3752],"product_tag":[5627,5625,5449,5506,5586,5492,5493,5527,5628],"class_list":{"0":"post-55584","1":"product","2":"type-product","3":"status-publish","4":"has-post-thumbnail","6":"brand-source-naturals","7":"product_cat-energija-in-motivacija","8":"product_cat-obvladovanje-stresa","9":"product_cat-ostalo","10":"product_cat-spomin-in-zdravje-mozganov","11":"product_cat-zelisca-izvlecki-in-tinkture","12":"product_tag-alzheimer","13":"product_tag-demenca","14":"product_tag-depresija","15":"product_tag-fokus","16":"product_tag-kap","17":"product_tag-koncentracija","18":"product_tag-mozgani","19":"product_tag-spomin","20":"product_tag-ucenje","22":"first","23":"instock","24":"taxable","25":"shipping-taxable","26":"purchasable","27":"product-type-simple"},"_links":{"self":[{"href":"https:\/\/fmed.eu\/de\/wp-json\/wp\/v2\/product\/55584","targetHints":{"allow":["GET"]}}],"collection":[{"href":"https:\/\/fmed.eu\/de\/wp-json\/wp\/v2\/product"}],"about":[{"href":"https:\/\/fmed.eu\/de\/wp-json\/wp\/v2\/types\/product"}],"replies":[{"embeddable":true,"href":"https:\/\/fmed.eu\/de\/wp-json\/wp\/v2\/comments?post=55584"}],"version-history":[{"count":1,"href":"https:\/\/fmed.eu\/de\/wp-json\/wp\/v2\/product\/55584\/revisions"}],"predecessor-version":[{"id":69350,"href":"https:\/\/fmed.eu\/de\/wp-json\/wp\/v2\/product\/55584\/revisions\/69350"}],"wp:featuredmedia":[{"embeddable":true,"href":"https:\/\/fmed.eu\/de\/wp-json\/wp\/v2\/media\/55585"}],"wp:attachment":[{"href":"https:\/\/fmed.eu\/de\/wp-json\/wp\/v2\/media?parent=55584"}],"wp:term":[{"taxonomy":"brand","embeddable":true,"href":"https:\/\/fmed.eu\/de\/wp-json\/wp\/v2\/etheme_brands?post=55584"},{"taxonomy":"product_brand","embeddable":true,"href":"https:\/\/fmed.eu\/de\/wp-json\/wp\/v2\/product_brand?post=55584"},{"taxonomy":"product_cat","embeddable":true,"href":"https:\/\/fmed.eu\/de\/wp-json\/wp\/v2\/product_cat?post=55584"},{"taxonomy":"product_tag","embeddable":true,"href":"https:\/\/fmed.eu\/de\/wp-json\/wp\/v2\/product_tag?post=55584"}],"curies":[{"name":"wp","href":"https:\/\/api.w.org\/{rel}","templated":true}]}}