{"id":55610,"date":"2018-08-03T06:25:48","date_gmt":"2018-08-03T06:25:48","guid":{"rendered":"https:\/\/fmed.eu\/product\/fenil-alanin-dlpa-dl-phenylalanine-dopamin\/"},"modified":"2026-01-06T12:37:21","modified_gmt":"2026-01-06T10:37:21","slug":"fenil-alanin-dlpa-dl-phenylalanine-dopamin","status":"publish","type":"product","link":"https:\/\/fmed.eu\/de\/produkt\/fenil-alanin-dlpa-dl-phenylalanine-dopamin\/","title":{"rendered":"Source Naturals, Fenil-alanin (DLPA, DL-phenylalanine) 750mg, 60 tabl"},"content":{"rendered":"<p>Source naturals Fenil-alanin (DL-phenylalanine)<\/p>\n<p>Fenil-alanin (fenilalanin, phenylalanine) je esencialna aminokislina, kar pomeni, da je \u010dlove\u0161ko telo ne more ustvariti samo in jo moramo zau\u017eiti.<\/p>\n<p>Fenil-alanin obstaja v naravi v deveh oblika:<\/p>\n<p>D-phenylalanine in<\/p>\n<p>L-phenylalanine.<\/p>\n<p>Source Naturals vsebuje kombinacijo obeh oblik (DL-phenylalanine ali DLPA), saj se je tak\u0161na kombinacija pokazala kot najbolj u\u010dinkovito v \u0161tudijah.<\/p>\n<p>Fenil-alanin se v tak\u0161ni obliki nahaja tudi v beljakovinsko bogati hrani. V \u010dlove\u0161kem metabolizmu se iz phenylalanina tvori ve\u010d snovi, med drugim tudi aminokislina tirozin, L-DOPA , nevrtrasmitor dopamin ter hormona\/nevrotrasmitorja epinefrin (adrenalin) in norepinefrin (noradrenalin).<\/p>\n<p>Uporaba ni priporo\u010dena za posameznike s phenylketonurio. Phenylketonuria je prirojena, genska napaka pri kateri telo ne zna pravilno presnavljati fenilalanina.<\/p>\n","protected":false},"excerpt":{"rendered":"<p>Fenil-alanin je aminokilsina iz katere lahko telo tvori tirozin in L-DOPA ter posledi\u010dno dopamin, ki je nevrotransmitor v mo\u017eganih.<\/p>\n","protected":false},"featured_media":55611,"comment_status":"open","ping_status":"closed","template":"","meta":[],"etheme_brands":[{"term_id":4651,"name":"Source Naturals","slug":"source-naturals","term_group":0,"term_taxonomy_id":4651,"taxonomy":"brand","description":"Podjetje Source Naturals je na svetovnem trgu prisotno \u017ee vse od leta 1982. Vajeti ima v rokah direktor Ira Goldberg, ki se ves ta \u010das trudi zasledovati glavni cilj, ki je: podpirati potencial vsakega posameznika, da u\u017eiva v optimalnem zdravju. V tistih za\u010detnih \u010dasih je bila ideja zdru\u017eiti \u0161tevilne hranilne snovi, zeli\u0161\u010da in farmacevtske dodatke, prava redkost. Podjetje se danes lahko pohvali s \u0161tevilnimi nagrajenimi formulami, ki so priznane in poznane po svoji odli\u010dnosti. To podpirajo tudi neodvisne raziskave in prehranske analize.","parent":0,"count":21,"filter":"raw"}],"product_brand":[],"product_cat":[3732,5384,3715,3736],"product_tag":[5449,5574,5469,5506,5492,5629,5510,5584,5575,5494,5630],"class_list":{"0":"post-55610","1":"product","2":"type-product","3":"status-publish","4":"has-post-thumbnail","6":"brand-source-naturals","7":"product_cat-energija-in-motivacija","8":"product_cat-obvladovanje-stresa","9":"product_cat-ostalo","10":"product_cat-spomin-in-zdravje-mozganov","11":"product_tag-depresija","12":"product_tag-dopamin","13":"product_tag-energija","14":"product_tag-fokus","15":"product_tag-koncentracija","16":"product_tag-l-dopa","17":"product_tag-motivacija","18":"product_tag-nootropik","19":"product_tag-parkinsonova-bolezen","20":"product_tag-scitnica","21":"product_tag-tirozin","23":"first","24":"outofstock","25":"taxable","26":"shipping-taxable","27":"purchasable","28":"product-type-simple"},"_links":{"self":[{"href":"https:\/\/fmed.eu\/de\/wp-json\/wp\/v2\/product\/55610","targetHints":{"allow":["GET"]}}],"collection":[{"href":"https:\/\/fmed.eu\/de\/wp-json\/wp\/v2\/product"}],"about":[{"href":"https:\/\/fmed.eu\/de\/wp-json\/wp\/v2\/types\/product"}],"replies":[{"embeddable":true,"href":"https:\/\/fmed.eu\/de\/wp-json\/wp\/v2\/comments?post=55610"}],"version-history":[{"count":1,"href":"https:\/\/fmed.eu\/de\/wp-json\/wp\/v2\/product\/55610\/revisions"}],"predecessor-version":[{"id":69351,"href":"https:\/\/fmed.eu\/de\/wp-json\/wp\/v2\/product\/55610\/revisions\/69351"}],"wp:featuredmedia":[{"embeddable":true,"href":"https:\/\/fmed.eu\/de\/wp-json\/wp\/v2\/media\/55611"}],"wp:attachment":[{"href":"https:\/\/fmed.eu\/de\/wp-json\/wp\/v2\/media?parent=55610"}],"wp:term":[{"taxonomy":"brand","embeddable":true,"href":"https:\/\/fmed.eu\/de\/wp-json\/wp\/v2\/etheme_brands?post=55610"},{"taxonomy":"product_brand","embeddable":true,"href":"https:\/\/fmed.eu\/de\/wp-json\/wp\/v2\/product_brand?post=55610"},{"taxonomy":"product_cat","embeddable":true,"href":"https:\/\/fmed.eu\/de\/wp-json\/wp\/v2\/product_cat?post=55610"},{"taxonomy":"product_tag","embeddable":true,"href":"https:\/\/fmed.eu\/de\/wp-json\/wp\/v2\/product_tag?post=55610"}],"curies":[{"name":"wp","href":"https:\/\/api.w.org\/{rel}","templated":true}]}}