{"id":56924,"date":"2018-08-03T06:25:51","date_gmt":"2018-08-03T06:25:51","guid":{"rendered":"https:\/\/fmed.eu\/product\/vitamin-k-osteoporoza\/"},"modified":"2025-01-22T09:39:37","modified_gmt":"2025-01-22T09:39:37","slug":"vitamin-k-osteoporoza","status":"publish","type":"product","link":"https:\/\/fmed.eu\/de\/produkt\/vitamin-k-osteoporoza\/","title":{"rendered":"Healthy Origins, Vitamin K (K-2, MK-7), 100mcg"},"content":{"rendered":"<h3>Healthy Origins K-2<\/h3>\n<p>Healthy Origins K2 je vitamin K v obliki MenaKvinon 7 (MK7).<\/p>\n<h3>Vitamin K pomaga pri mineralizaciji kosti<\/h3>\n<p>Vitamin K deluje v kombinaciji z <a href=\"\/?p=7177\">vitaminom D<\/a> in pomagata telesu pri shranjevanju kalcija v kosti in s tem dobri mineralizaciji. Na ta na\u010din lahko prepre\u010duje osteoporozo, bole\u010dine in zlome v kosteh in sklepih ter prepre\u010dujeta kalcinacije (nalaganje kalcija v mehkih tkivih in \u017eilah).<\/p>\n<h3>Vitamin K kompleks<\/h3>\n<p>Vitamin K v naravi obstaja v ve\u010d razli\u010dnih oblikah. Najpomembnej\u0161i za na\u0161e telo je vitamin K2 (v Healthy Origins K2 kot menakvinon-7 (MK-7))<\/p>\n<h3>Primerni odmerki vitamina K2<\/h3>\n<p>Vitamin K2 je u\u010dinkovit \u0161ele v visokih odmerkih. Nekateri priporo\u010dajo odmerke od 2.000mcg navzgor. Vitamin K2 ni toksi\u010den tudi v visokih odmerkih.<\/p>\n<p>Healthy Origins MK-7 vsebuje bioaktivno obliko vitamina K2 (MK7), ki se absoribira 10x bolje od nadnega vitamina K.<\/p>\n<h3>Vitamin K in vitamin D<\/h3>\n<p>Vitamin K in <a href=\"\/?p=7177\">Vitamin D<\/a> delujeta sinergisti\u010dno pri usmerjanju kalcija v kosti zato ju je primerno jemati skupaj.<\/p>\n<h2>Najbolj\u0161a absorpcija vitaminov \u2013 softgel<\/h2>\n<p>K-2 prihaja v obliki softgelov saj se v njem nahaja emulzija vitaminov K v ekstra devi\u0161kem olj\u010dnem olju. Ker jo vitamin K ma\u0161\u010dobotopni vitamini to mo\u010dno izbolj\u0161a njegovo absorpcijo hkrati pa so majhne softgel kapsule enostavne za pogoltnit.<\/p>\n<h4><strong>Vitamin K dokazano pomaga pri (trditve preverjene od EFSE):<\/strong><\/h4>\n<ul>\n<li>normalnemu strjevanju krvi,<\/li>\n<li>ohranjanju zdravih kosti.<\/li>\n<\/ul>\n<p>&nbsp;<\/p>\n<p>Vitamin K priporo\u010da tudi dr. Feil v njegovi knjigi <a href=\"http:\/\/www.buca.si\/index.php?nav1=knjigarna&amp;nav2=izdelek&amp;id=4970\" target=\"_blank\" rel=\"noopener noreferrer\">Premagajmo artrozo in bole\u010dine v sklepih<\/a>.<\/p>\n<p>Izdelek ne vsebuje glutena, mleka, jajc, rib, lupinarjev, ara\u0161idov, p\u0161enice ali soje.<\/p>\n<div><\/div>\n","protected":false},"excerpt":{"rendered":"<p>K2 za zdrave kosti in sklepe.<\/p>\n<div><\/div>\n","protected":false},"featured_media":56925,"comment_status":"open","ping_status":"closed","template":"","meta":[],"etheme_brands":[{"term_id":4645,"name":"Healthy Origins","slug":"healthy-origins","term_group":0,"term_taxonomy_id":4645,"taxonomy":"brand","description":"Healthy Origins je ameri\u0161ko podjetje, ustanovljeno leta 1996. Velik del njihovih izdelkov vsebuje patentirane sestavine najbolj\u0161ih proizvajalcev. V podjetju zatrjujejo, da na deklaracijah zmeraj navedejo \u010disto vse sestavine, ki jih najdemo oziroma ki sestavljajo posamezne izdelke.","parent":0,"count":16,"filter":"raw"}],"product_brand":[],"product_cat":[3723,3766,3725,3726],"product_tag":[],"class_list":{"0":"post-56924","1":"product","2":"type-product","3":"status-publish","4":"has-post-thumbnail","6":"brand-healthy-origins","7":"product_cat-podpora-srca-in-ozilja","8":"product_cat-vitamin-d","9":"product_cat-vitamini-in-minerali","10":"product_cat-vnetja-kosti-in-sklepi","12":"first","13":"instock","14":"taxable","15":"shipping-taxable","16":"purchasable","17":"product-type-variable"},"_links":{"self":[{"href":"https:\/\/fmed.eu\/de\/wp-json\/wp\/v2\/product\/56924","targetHints":{"allow":["GET"]}}],"collection":[{"href":"https:\/\/fmed.eu\/de\/wp-json\/wp\/v2\/product"}],"about":[{"href":"https:\/\/fmed.eu\/de\/wp-json\/wp\/v2\/types\/product"}],"replies":[{"embeddable":true,"href":"https:\/\/fmed.eu\/de\/wp-json\/wp\/v2\/comments?post=56924"}],"version-history":[{"count":0,"href":"https:\/\/fmed.eu\/de\/wp-json\/wp\/v2\/product\/56924\/revisions"}],"wp:featuredmedia":[{"embeddable":true,"href":"https:\/\/fmed.eu\/de\/wp-json\/wp\/v2\/media\/56925"}],"wp:attachment":[{"href":"https:\/\/fmed.eu\/de\/wp-json\/wp\/v2\/media?parent=56924"}],"wp:term":[{"taxonomy":"brand","embeddable":true,"href":"https:\/\/fmed.eu\/de\/wp-json\/wp\/v2\/etheme_brands?post=56924"},{"taxonomy":"product_brand","embeddable":true,"href":"https:\/\/fmed.eu\/de\/wp-json\/wp\/v2\/product_brand?post=56924"},{"taxonomy":"product_cat","embeddable":true,"href":"https:\/\/fmed.eu\/de\/wp-json\/wp\/v2\/product_cat?post=56924"},{"taxonomy":"product_tag","embeddable":true,"href":"https:\/\/fmed.eu\/de\/wp-json\/wp\/v2\/product_tag?post=56924"}],"curies":[{"name":"wp","href":"https:\/\/api.w.org\/{rel}","templated":true}]}}