{"id":56970,"date":"2018-08-03T04:25:51","date_gmt":"2018-08-03T04:25:51","guid":{"rendered":"https:\/\/fmed.eu\/product\/magnezijev-glicinat-v-prahu\/"},"modified":"2026-04-28T11:43:07","modified_gmt":"2026-04-28T09:43:07","slug":"magnezijev-glicinat-v-prahu","status":"publish","type":"product","link":"https:\/\/fmed.eu\/de\/produkt\/magnezijev-glicinat-v-prahu\/","title":{"rendered":"Healthy Origins, Magnezijev glicinat v prahu, 227g"},"content":{"rendered":"<p>Healthy Origins Magnezijev glicinat (bis-glicinat) v prahu<\/p>\n<p>Magnezijev glicinat (bisglicinat) sodi med najkvalitetnej\u0161e oblike magnezija in ne dra\u017ei \u010drevesja. Absorbira se v 90% ali ve\u010d zato ga potrebujete manj kot navadnega magnezija (absorpcija magnezijevega oksida, ki se najpogostej\u0161a oblika magnezija v dopolnilnih je manj\u0161a do 10%).<\/p>\n<p>Magnezij je eden najpomembnej\u0161ih mineralov v \u010dlove\u0161kem telesu saj je od njega odvisnih pribli\u017eno 400 metabolnih procesov. Ker ga je v zemlji in s tem prehrani vse manj, so pomanjkanja pogosta, s tem pa sodi med najbolj u\u010dinkovita in za\u017eelena prehranska dopolnila.<\/p>\n<p>Magnezij je verjetno eden redkih dopolnil, ki se ga spla\u010da nadome\u0161\u010dati neprestano saj telo potrebuje velike koli\u010dine, ki jih je iz hrane vse te\u017eje pridobiti. \u0160e posebej so v nevarnosti pomanjkanja:<\/p>\n<p>starej\u0161i (preko 80% bolnikov starej\u0161ih od 60 let ima pomanjkanje magnezija) in<\/p>\n<p>\u0161portniki<\/p>\n<p>Zakaj so med magneziji tako velike razlike?<\/p>\n<p>Magneziji prihajajo v razli\u010dnih oblika, ki se med seboj mo\u010dno razlikujejo. Magnezij je zelo nestabilna molekula, zato je v naravi (in tudi hrani ter dopolnilih) zmeraj vezan \u0161e na nosilni element. Od tega nosilnega elementa je odvisno kako se bo magnezij v na\u0161em telesu absorbiral.<\/p>\n<p>Magnezij kot elektrolit vpliva na osmoti\u010dni pritisk zato ga na\u0161e telo v \u010drevesju ne \u017eeli veliko. Kadar je magnezija v \u010drevesju preve\u010d, ga bo telo zalilo z vodo, da ga \u010dim prej izplakne in rezultat je mehkej\u0161e blato ali celo driska. Iz te iritacije \u010drevesja izhaja odvajalni u\u010dinek magnezija.<\/p>\n<p>Vezava na razli\u010dne elemente ustvarja razli\u010dno velike molekule (in posledi\u010dno tudi razli\u010dno velike tablete). Kot prvo velja torej, da v eni malo tabletki ne morete dobiti zadostno dnevno koli\u010dino magnezija (ali pa je ta slabe kvalitete in se ne bo absorbiral).<\/p>\n<p>Kadar so molekule majhne (kot na primer pri oksidu, kloridu, sulfatu) je absorpcija praviloma zelo slaba (okrog 10%). Velike molekule (npr. glicinat, bisglicinat, tavrat, treonat, malat) pa se absorbirajo v 90% ali ve\u010d. S tem boste dobili ve\u010d magnezija v telo in manj iritirali \u010drevesje.<\/p>\n<p>MAGNEZIJ dokazano pomaga:<\/p>\n<p>prispeva k zmanj\u0161evanju utrujenosti in iz\u010drpanosti<\/p>\n<p>prispeva k ravnote\u017eju elektrolitov<\/p>\n<p>prispeva k spro\u0161\u010danju energije pri presnovi<\/p>\n<p>prispeva k delovanju \u017eiv\u010dnega sistema<\/p>\n<p>prispeva k delovanju mi\u0161ic<\/p>\n<p>ima vlogo pri sintezi beljakovin<\/p>\n<p>prispeva k normalnemu psiholo\u0161kemu delovanju<\/p>\n<p>prispeva k ohranjanju zdravih kosti in zob<\/p>\n<p>ima vlogo pri delitvi celic<\/p>\n<p>Opozorilo: H<\/p>\n","protected":false},"excerpt":{"rendered":"<p>Magnezijev glicinat sodi med najkvalitetnej\u0161e oblike magnezija z absorpcijo preko 90%. Prispeva k zmanj\u0161evanju utrujenosti in iz\u010drpanosti ter k delovanju mi\u0161ic.<\/p>\n","protected":false},"featured_media":56971,"comment_status":"open","ping_status":"closed","template":"","meta":[],"etheme_brands":[{"term_id":4645,"name":"Healthy Origins","slug":"healthy-origins","term_group":0,"term_taxonomy_id":4645,"taxonomy":"brand","description":"Healthy Origins je ameri\u0161ko podjetje, ustanovljeno leta 1996. Velik del njihovih izdelkov vsebuje patentirane sestavine najbolj\u0161ih proizvajalcev. V podjetju zatrjujejo, da na deklaracijah zmeraj navedejo \u010disto vse sestavine, ki jih najdemo oziroma ki sestavljajo posamezne izdelke.","parent":0,"count":16,"filter":"raw"}],"product_brand":[],"product_cat":[3732,3738,5384,3723,3716,3735,3739,3740,3725,3726],"product_tag":[5518,5461,5462,5493,5463,5436,5464,5465,5466,5467],"class_list":{"0":"post-56970","1":"product","2":"type-product","3":"status-publish","4":"has-post-thumbnail","6":"brand-healthy-origins","7":"product_cat-energija-in-motivacija","8":"product_cat-magnezij","9":"product_cat-obvladovanje-stresa","10":"product_cat-podpora-srca-in-ozilja","11":"product_cat-prebava-zelodec-crevesje","12":"product_cat-spanje-insomnia","13":"product_cat-uravnavanje-hormonov","14":"product_cat-uravnavanje-krvnega-sladkorja","15":"product_cat-vitamini-in-minerali","16":"product_cat-vnetja-kosti-in-sklepi","17":"product_tag-glavobol","18":"product_tag-krci","19":"product_tag-krvni-sladkor","20":"product_tag-mozgani","21":"product_tag-pms","22":"product_tag-prebava","23":"product_tag-spanje","24":"product_tag-sproscanje","25":"product_tag-umirjanje","26":"product_tag-utrujenost","28":"first","29":"instock","30":"taxable","31":"shipping-taxable","32":"purchasable","33":"product-type-simple"},"_links":{"self":[{"href":"https:\/\/fmed.eu\/de\/wp-json\/wp\/v2\/product\/56970","targetHints":{"allow":["GET"]}}],"collection":[{"href":"https:\/\/fmed.eu\/de\/wp-json\/wp\/v2\/product"}],"about":[{"href":"https:\/\/fmed.eu\/de\/wp-json\/wp\/v2\/types\/product"}],"replies":[{"embeddable":true,"href":"https:\/\/fmed.eu\/de\/wp-json\/wp\/v2\/comments?post=56970"}],"version-history":[{"count":1,"href":"https:\/\/fmed.eu\/de\/wp-json\/wp\/v2\/product\/56970\/revisions"}],"predecessor-version":[{"id":69390,"href":"https:\/\/fmed.eu\/de\/wp-json\/wp\/v2\/product\/56970\/revisions\/69390"}],"wp:featuredmedia":[{"embeddable":true,"href":"https:\/\/fmed.eu\/de\/wp-json\/wp\/v2\/media\/56971"}],"wp:attachment":[{"href":"https:\/\/fmed.eu\/de\/wp-json\/wp\/v2\/media?parent=56970"}],"wp:term":[{"taxonomy":"brand","embeddable":true,"href":"https:\/\/fmed.eu\/de\/wp-json\/wp\/v2\/etheme_brands?post=56970"},{"taxonomy":"product_brand","embeddable":true,"href":"https:\/\/fmed.eu\/de\/wp-json\/wp\/v2\/product_brand?post=56970"},{"taxonomy":"product_cat","embeddable":true,"href":"https:\/\/fmed.eu\/de\/wp-json\/wp\/v2\/product_cat?post=56970"},{"taxonomy":"product_tag","embeddable":true,"href":"https:\/\/fmed.eu\/de\/wp-json\/wp\/v2\/product_tag?post=56970"}],"curies":[{"name":"wp","href":"https:\/\/api.w.org\/{rel}","templated":true}]}}