{"id":57150,"date":"2018-09-27T09:32:25","date_gmt":"2018-09-27T09:32:25","guid":{"rendered":"https:\/\/fmed.eu\/product\/ribje-olje-jeter-podganje-ribe\/"},"modified":"2025-04-22T13:05:17","modified_gmt":"2025-04-22T11:05:17","slug":"ribje-olje-jeter-podganje-ribe","status":"publish","type":"product","link":"https:\/\/fmed.eu\/de\/produkt\/ribje-olje-jeter-podganje-ribe\/","title":{"rendered":"Ribje olje jeter podganje ribe"},"content":{"rendered":"<p>Rosita Ribje olje jeter podganje ribe<\/p>\n<p>Rosita proizvaja to, zelo posebno ribje olje na tradicionalen na\u010din, popolnoma ro\u010dno in brez uporabe toplote iz divjih podganjih rib (Rat fish, Chimaera Monstrosa), ulovljenih v \u010distih vodah Norve\u0161ke. Zaradi redkosti in premi\u0161ljenega izlova, ki spodbuja dolgoro\u010dno ohranjanje vrst, se to olje izdeluje le v zelo majhnih koli\u010dinah.<\/p>\n<p>Narejeno je samo iz sve\u017eih jeter najbolj\u0161e kakovosti z uporabo prastare metode vikingov. Rezulatat je izjemno \u010disto in avtenti\u010dno olje, kot so ga poznali na\u0161i predniki, pred stoletji.<\/p>\n<p>To ribje olje vsebuje \u0161irok spekter naravnih ma\u0161\u010dobnih kislin ter ma\u0161\u010dobo topnih hranil in antioksidantov. Je odli\u010den vir naravno pojavljajo\u010dih, biolo\u0161ko aktivnih alkilglicerol lipidov .<\/p>\n<p>Proizvedeno brez vseh alergenov (razen ribe) z vso skrbnostjo in predanostjo.<\/p>\n<p>Alkylglicerols<\/p>\n<p>Alkilgliceroli so posebna vrsta ma\u0161\u010dobnih kislin z izjemno mo\u010dnimi u\u010dinki. Njihov vir je ribje olje morskih psov ali podganje ribe.<\/p>\n<p>Po zau\u017eitju se vgradijo v celi\u010dne ovojnice in vplivajo na njihovo delovanje. Alkylgliceroli se pojavljajo ve\u010d razli\u010dnih \u0161tudijah z resni\u010dno pozitivnimi u\u010dinki.<\/p>\n<p>Podganja riba (Chimaera monstroza)<\/p>\n<p>Po na\u0161e tudi himera, sodi v skupino rib Holocephali, ki opisuje votlost glave. Podganja riba ima veliko glavo z majhnimi usti in velikimi ustnicami, za njeno ime pa je poskrbel kratek in ozek rep. Razvila se je pred okoli 350 milijoni let in od takrat razvila prilagoditve, ki jih druge ribe nimajo. Ima pokrite \u0161krge in zobovje oblikovano za tretje in mletje lupin \u0161koljk in mehku\u017ecev, nima pa razvitih lusk.<\/p>\n<p>Njihovi najbli\u017eji \u017eive\u010di sorodniki so morski psi. \u017divijo na dnu oceanov do globine 2.600m in le redko priplavajo plitveje od 200m.<\/p>\n","protected":false},"excerpt":{"rendered":"<p>Zelo posebno ribje olje z visoko vsebnostjo raziskanih alkylglicerolov.<\/p>\n","protected":false},"featured_media":57151,"comment_status":"open","ping_status":"closed","template":"","meta":[],"etheme_brands":[{"term_id":4647,"name":"Rosita","slug":"rosita","term_group":0,"term_taxonomy_id":4647,"taxonomy":"brand","description":"Rosita ponuja ro\u010dno izdelana dopolinla za bolj\u0161e zdravjaein doseganje vi\u0161je ravni zavesti. Znana je po zagotavljanju divje ulovljenih, nepredelanih, surovih in trajnostnih ribjih jeternih olj, ki so sve\u017ea in iz kristalno \u010diste vode Norve\u0161ke.\nCilj je zagotoviti ribja olja, ki zagotavljajo \u010dim ve\u010djo sve\u017eino in hranila, kot bi jih na\u0161li v \u017eivih ribah.","parent":0,"count":3,"filter":"raw"}],"product_brand":[],"product_cat":[3722,3733,3715,3723,3717,3736,3762],"product_tag":[5525,5500,5644,5546,5645,5646,5647],"class_list":{"0":"post-57150","1":"product","2":"type-product","3":"status-publish","4":"has-post-thumbnail","6":"brand-rosita","7":"product_cat-antioksidanti","8":"product_cat-imunski-sistem","9":"product_cat-ostalo","10":"product_cat-podpora-srca-in-ozilja","11":"product_cat-slabokrvnost-anemija","12":"product_cat-spomin-in-zdravje-mozganov","13":"product_cat-zdrave-mascobe","14":"product_tag-hemoglobin","15":"product_tag-imunski-sistem","16":"product_tag-metastaze","17":"product_tag-rak","18":"product_tag-ratfish","19":"product_tag-spermiji","20":"product_tag-tumor","22":"first","23":"outofstock","24":"taxable","25":"shipping-taxable","26":"purchasable","27":"product-type-simple"},"_links":{"self":[{"href":"https:\/\/fmed.eu\/de\/wp-json\/wp\/v2\/product\/57150","targetHints":{"allow":["GET"]}}],"collection":[{"href":"https:\/\/fmed.eu\/de\/wp-json\/wp\/v2\/product"}],"about":[{"href":"https:\/\/fmed.eu\/de\/wp-json\/wp\/v2\/types\/product"}],"replies":[{"embeddable":true,"href":"https:\/\/fmed.eu\/de\/wp-json\/wp\/v2\/comments?post=57150"}],"version-history":[{"count":1,"href":"https:\/\/fmed.eu\/de\/wp-json\/wp\/v2\/product\/57150\/revisions"}],"predecessor-version":[{"id":69344,"href":"https:\/\/fmed.eu\/de\/wp-json\/wp\/v2\/product\/57150\/revisions\/69344"}],"wp:featuredmedia":[{"embeddable":true,"href":"https:\/\/fmed.eu\/de\/wp-json\/wp\/v2\/media\/57151"}],"wp:attachment":[{"href":"https:\/\/fmed.eu\/de\/wp-json\/wp\/v2\/media?parent=57150"}],"wp:term":[{"taxonomy":"brand","embeddable":true,"href":"https:\/\/fmed.eu\/de\/wp-json\/wp\/v2\/etheme_brands?post=57150"},{"taxonomy":"product_brand","embeddable":true,"href":"https:\/\/fmed.eu\/de\/wp-json\/wp\/v2\/product_brand?post=57150"},{"taxonomy":"product_cat","embeddable":true,"href":"https:\/\/fmed.eu\/de\/wp-json\/wp\/v2\/product_cat?post=57150"},{"taxonomy":"product_tag","embeddable":true,"href":"https:\/\/fmed.eu\/de\/wp-json\/wp\/v2\/product_tag?post=57150"}],"curies":[{"name":"wp","href":"https:\/\/api.w.org\/{rel}","templated":true}]}}