{"id":57164,"date":"2018-09-27T14:01:53","date_gmt":"2018-09-27T14:01:53","guid":{"rendered":"https:\/\/fmed.eu\/product\/pqq-mitohondriji-energija\/"},"modified":"2025-04-22T13:05:17","modified_gmt":"2025-04-22T11:05:17","slug":"pqq-mitohondriji-energija","status":"publish","type":"product","link":"https:\/\/fmed.eu\/de\/produkt\/pqq-mitohondriji-energija\/","title":{"rendered":"Jarrow Formulas, PQQ, 10mg 30 kapsul"},"content":{"rendered":"<p>Jarrow Formulas PQQ (Pyrroloquinoline quinine)<\/p>\n<p>PQQ (tudi Methoxatin) je majhna molekula za katero so sprva mislili, da je vitamin, kar pa se je kasneje pokazalo kot napa\u010dno. Ima mo\u010dno sposobnost REDOX reakcij, torej pobiranja elektronov oksidaativnega stresa. Glutation ga lahko reciklira v prvotno stanje. Je ena izmed bolj stabilnih molekul, saj lahko opravi ve\u010d tiso\u010d tak\u0161nih ciklov v telesu preden se iztro\u0161i.<\/p>\n<p>V naravi se PQQ pojavlja v kiviju in \u010dlove\u0161kem materinem mleku.<\/p>\n<p>Je razmeroma nova molekula, saj so odkrili \u0161ele leta 1979. Leta 2003 so ga \u017eeleli dodati med vitamine, kar pa so leta 2005 ovrgli.<\/p>\n","protected":false},"excerpt":{"rendered":"<p>Majhna molekula z ogromnim antioksidativni potencialom.<\/p>\n","protected":false},"featured_media":57165,"comment_status":"open","ping_status":"closed","template":"","meta":[],"etheme_brands":[{"term_id":4642,"name":"Jarrow Formulas","slug":"jarrow-formulas","term_group":0,"term_taxonomy_id":4642,"taxonomy":"brand","description":"Jarrow Formulas (podjetje s sede\u017eem v ameri\u0161kem Los Angelesu) je snovalec in dobavitelj vrhunskih prehranskih dopolnil. Podjetje je bilo ustanovljeno leta 1977. Celotna linija Jarrow Formulas zajema vitamine, minerale, probiotike, standardizirane zeli\u0161\u010dne koncentrate, aminokisline in encime.\r\nPodjetje tudi financira raziskovalne \u0161tudije o pomembnosti prehranskih izdelkov, kot je denimo CoQ10. Cilj podjetja je namre\u010d spodbujati optimalno zdravje s prehranskimi dopolnili visoke kakovosti, u\u010dinkovitosti, dostopnosti in v vrhunskih oblikah.","parent":0,"count":36,"filter":"raw"}],"product_brand":[],"product_cat":[3731,3722,3732,3715,3723,3736],"product_tag":[5471,5469,5648,5649],"class_list":{"0":"post-57164","1":"product","2":"type-product","3":"status-publish","4":"has-post-thumbnail","6":"brand-jarrow-formulas","7":"product_cat-akcija","8":"product_cat-antioksidanti","9":"product_cat-energija-in-motivacija","10":"product_cat-ostalo","11":"product_cat-podpora-srca-in-ozilja","12":"product_cat-spomin-in-zdravje-mozganov","13":"product_tag-antioksidant","14":"product_tag-energija","15":"product_tag-mitohondriji","16":"product_tag-vitalnost","18":"first","19":"outofstock","20":"taxable","21":"shipping-taxable","22":"purchasable","23":"product-type-simple"},"_links":{"self":[{"href":"https:\/\/fmed.eu\/de\/wp-json\/wp\/v2\/product\/57164","targetHints":{"allow":["GET"]}}],"collection":[{"href":"https:\/\/fmed.eu\/de\/wp-json\/wp\/v2\/product"}],"about":[{"href":"https:\/\/fmed.eu\/de\/wp-json\/wp\/v2\/types\/product"}],"replies":[{"embeddable":true,"href":"https:\/\/fmed.eu\/de\/wp-json\/wp\/v2\/comments?post=57164"}],"version-history":[{"count":1,"href":"https:\/\/fmed.eu\/de\/wp-json\/wp\/v2\/product\/57164\/revisions"}],"predecessor-version":[{"id":69343,"href":"https:\/\/fmed.eu\/de\/wp-json\/wp\/v2\/product\/57164\/revisions\/69343"}],"wp:featuredmedia":[{"embeddable":true,"href":"https:\/\/fmed.eu\/de\/wp-json\/wp\/v2\/media\/57165"}],"wp:attachment":[{"href":"https:\/\/fmed.eu\/de\/wp-json\/wp\/v2\/media?parent=57164"}],"wp:term":[{"taxonomy":"brand","embeddable":true,"href":"https:\/\/fmed.eu\/de\/wp-json\/wp\/v2\/etheme_brands?post=57164"},{"taxonomy":"product_brand","embeddable":true,"href":"https:\/\/fmed.eu\/de\/wp-json\/wp\/v2\/product_brand?post=57164"},{"taxonomy":"product_cat","embeddable":true,"href":"https:\/\/fmed.eu\/de\/wp-json\/wp\/v2\/product_cat?post=57164"},{"taxonomy":"product_tag","embeddable":true,"href":"https:\/\/fmed.eu\/de\/wp-json\/wp\/v2\/product_tag?post=57164"}],"curies":[{"name":"wp","href":"https:\/\/api.w.org\/{rel}","templated":true}]}}