{"id":57182,"date":"2018-09-28T06:22:34","date_gmt":"2018-09-28T06:22:34","guid":{"rendered":"https:\/\/fmed.eu\/product\/pregnenolon-hormonsko-ravnovesje\/"},"modified":"2025-04-22T13:05:17","modified_gmt":"2025-04-22T11:05:17","slug":"pregnenolon-hormonsko-ravnovesje","status":"publish","type":"product","link":"https:\/\/fmed.eu\/de\/produkt\/pregnenolon-hormonsko-ravnovesje\/","title":{"rendered":"Source Naturals, Pregnenolone, Pregnenolon 25mg 120 tabl"},"content":{"rendered":"<p>Source Naturals Pregnenolon 25mg x 120 pastil<\/p>\n<p>Pregnenolon imenujemo tudi &#8220;mati vseh hormonov&#8221;, saj slu\u017ei kot skupno izhodi\u0161\u010de vseh steroidnih hormonov, vklju\u010dno s progestogeni, androgeni, estrogeni, glukokortikoidi in mineralokortikoidi. Dodatno je tudi sam pregnenolon rahlo bioaktiven in deluje kot nevrosteroid. Sodi v skupino pro-hormonov, kar pomeni, da telo iz njega \u0161ele naredi prave hormone, telesu je pregnenolon torej kot nekak\u0161na surovina za izdelavo aktivnej\u0161ih snovi.<\/p>\n<p>Pregnenolon v obliki pastil<\/p>\n<p>Pregnenolon v obliki pastil omogo\u010da najbolj\u0161o absorpcijo, saj se absorbira \u017ee v ustih in tako zaobide prebavne ogane ter jetra. Na ta na\u010din je veliko u\u010dinkovitej\u0161i in bolj prijazen telesu nasploh.<\/p>\n<p>Pastile raztopite v ustih in so odli\u010dnega okusa po \u010de\u0161njah.<\/p>\n","protected":false},"excerpt":{"rendered":"<p>Imenovan tudi &#8220;mati vseh hormonov&#8221;, je prohormon iz katerega telo izdeluje nove hormone.<\/p>\n<div><\/div>\n<div><\/div>\n<div><\/div>\n<div><\/div>\n<div><\/div>\n","protected":false},"featured_media":57183,"comment_status":"open","ping_status":"closed","template":"","meta":[],"etheme_brands":[{"term_id":4651,"name":"Source Naturals","slug":"source-naturals","term_group":0,"term_taxonomy_id":4651,"taxonomy":"brand","description":"Podjetje Source Naturals je na svetovnem trgu prisotno \u017ee vse od leta 1982. Vajeti ima v rokah direktor Ira Goldberg, ki se ves ta \u010das trudi zasledovati glavni cilj, ki je: podpirati potencial vsakega posameznika, da u\u017eiva v optimalnem zdravju. V tistih za\u010detnih \u010dasih je bila ideja zdru\u017eiti \u0161tevilne hranilne snovi, zeli\u0161\u010da in farmacevtske dodatke, prava redkost. Podjetje se danes lahko pohvali s \u0161tevilnimi nagrajenimi formulami, ki so priznane in poznane po svoji odli\u010dnosti. To podpirajo tudi neodvisne raziskave in prehranske analize.","parent":0,"count":21,"filter":"raw"}],"product_brand":[],"product_cat":[5384,3715,3739,3726],"product_tag":[5650,5508,5472,5651,5652],"class_list":{"0":"post-57182","1":"product","2":"type-product","3":"status-publish","4":"has-post-thumbnail","6":"brand-source-naturals","7":"product_cat-obvladovanje-stresa","8":"product_cat-ostalo","9":"product_cat-uravnavanje-hormonov","10":"product_cat-vnetja-kosti-in-sklepi","11":"product_tag-hormonsko-ravnovesje","12":"product_tag-izgorelost","13":"product_tag-nadledvicna-zleza","14":"product_tag-prohormon","15":"product_tag-revmatoidni-artritis","17":"first","18":"outofstock","19":"taxable","20":"shipping-taxable","21":"purchasable","22":"product-type-simple"},"_links":{"self":[{"href":"https:\/\/fmed.eu\/de\/wp-json\/wp\/v2\/product\/57182","targetHints":{"allow":["GET"]}}],"collection":[{"href":"https:\/\/fmed.eu\/de\/wp-json\/wp\/v2\/product"}],"about":[{"href":"https:\/\/fmed.eu\/de\/wp-json\/wp\/v2\/types\/product"}],"replies":[{"embeddable":true,"href":"https:\/\/fmed.eu\/de\/wp-json\/wp\/v2\/comments?post=57182"}],"version-history":[{"count":1,"href":"https:\/\/fmed.eu\/de\/wp-json\/wp\/v2\/product\/57182\/revisions"}],"predecessor-version":[{"id":69342,"href":"https:\/\/fmed.eu\/de\/wp-json\/wp\/v2\/product\/57182\/revisions\/69342"}],"wp:featuredmedia":[{"embeddable":true,"href":"https:\/\/fmed.eu\/de\/wp-json\/wp\/v2\/media\/57183"}],"wp:attachment":[{"href":"https:\/\/fmed.eu\/de\/wp-json\/wp\/v2\/media?parent=57182"}],"wp:term":[{"taxonomy":"brand","embeddable":true,"href":"https:\/\/fmed.eu\/de\/wp-json\/wp\/v2\/etheme_brands?post=57182"},{"taxonomy":"product_brand","embeddable":true,"href":"https:\/\/fmed.eu\/de\/wp-json\/wp\/v2\/product_brand?post=57182"},{"taxonomy":"product_cat","embeddable":true,"href":"https:\/\/fmed.eu\/de\/wp-json\/wp\/v2\/product_cat?post=57182"},{"taxonomy":"product_tag","embeddable":true,"href":"https:\/\/fmed.eu\/de\/wp-json\/wp\/v2\/product_tag?post=57182"}],"curies":[{"name":"wp","href":"https:\/\/api.w.org\/{rel}","templated":true}]}}