{"id":57932,"date":"2018-10-30T09:42:56","date_gmt":"2018-10-30T09:42:56","guid":{"rendered":"https:\/\/fmed.eu\/product\/liposomski-vitamin-c-za-otroke\/"},"modified":"2026-03-17T11:45:05","modified_gmt":"2026-03-17T09:45:05","slug":"liposomski-vitamin-c-za-otroke","status":"publish","type":"product","link":"https:\/\/fmed.eu\/de\/produkt\/liposomski-vitamin-c-za-otroke\/","title":{"rendered":"Dr. Mercola, Liposomski vitamin C za otroke, 30 kapsul"},"content":{"rendered":"<p>Dr. Mercola &#8211; liposomski Vitamin C za otroke 125mg x 30 kapsul<\/p>\n<p>Posebna oblika vitamina C, prirejena za uporabo pri otrocih. Prilagojen je odmerek in kapsule so majhne, za la\u017eje po\u017eiranje.<\/p>\n<p>Liposomska oblika Vitamina C je trenutno najkvalitetnej\u0161a oblika tega vitamina na tr\u017ei\u0161\u010du. Posebnost je ta, da je vitamin C obdan z ma\u0161\u010dobno ovojnico (liposomom), ki omogo\u010da absorpcijo preko limfnega sistema. Klasi\u010dni vitamin C se absorbira preko portalnega sistema in mora najprej v jetra in \u0161ele nato v krvni obtok. Z liposomskim vitaminom se temu izognete. Tak\u0161en na\u010din manj obremenjuje prebavo, \u0161\u010diti jetra in omogo\u010da bolj\u0161o bio-razpolo\u017eljivost vitamina C. Nekatere \u0161tudije celo dokazujejo, da je dostava v same celice bolj\u0161a kot pri intravenoznem vitaminu C.<\/p>\n<p>Iz tega razloga potrebujete manj\u0161o koli\u010dino vitamina za enak u\u010dinek, hkrati pa se izognete neprijetnim prebavnim simptomov klasi\u010dne askorbinske kisline.<\/p>\n<p>Dr. Mercola je eden najuglednej\u0161ih specialistov funkcionalne medicine in skrbi za visok standard svojih dopolnil. To se ka\u017ee tudi v uporabljenih sestavinah v Liposomskih izdelkih, kjer zmeraj uporablja samo son\u010dni\u010dni lecitin , medtem ko ve\u010dina ostalih proizvajalcev uporablja cenej\u0161ega in pogosto spornega sojin lecitin.<\/p>\n<p>Lastnosti vitamina C<\/p>\n<p>Gre za enega od \u017eivljenjsko pomembnih vitaminov, za katerega se je pokazalo, da ga zau\u017eijemo premalo.<\/p>\n<p>Predvsem ga poznamo za njegove antioksidativne lastnosti ter ugodnega vpliva na imunski sistem, predvsem v jesenskih in zimskih mesecih.<\/p>\n<p>Pozabljamo pa, da je vitamin C izredno pomemben za nastajanje kolagena, ki je pomemben za zdravo in lepo ko\u017eo, kosti, \u017eile, hrustanec, dlesni in zobe. Njegov vpliv na kolagen je tako mo\u010dan, da smo njegove pozitivne lastnosti odkrili prav zaradi te lastnosti. Zelo mo\u010dno pomanjkanje vitamina C namre\u010d povzro\u010da skorbut.<\/p>\n<p>Vitamin C in skorbut<\/p>\n<p>Skorbut je bolezen, ki jo povzro\u010da pomanjkanje vitamina C. Prvi simptomi so utrujenost, \u0161ibkost in te\u017eke noge in roke. Nato se zmanj\u0161a \u0161tevilo rde\u010dih krvni\u010dk in njegova najbolj zna\u010dilna lastnost, ki je obolenje dlesni (krvave\u010de dlesni). Sledijo \u0161e spremembe na laseh in ko\u017ei, ki prav tako pri\u010dne krvaveti, rane pa slabo celijo.<\/p>\n<p>Skorbut so opisali \u0161e stari Egip\u010dani, ki so ugotovili, da ga prepre\u010di u\u017eivanje citrusov, paradi\u017enika in krompirja, kasneje pa je postal glavna te\u017eava dolgih, \u010dezoceanskih odprav, kjer je lahko pogubil ve\u010dino posadke \u017ee po mesecu dni. Zato so leta 1795 angle\u017ei sprejeli zdravstveno reformo, ki je priporo\u010dala u\u017eivan<\/p>\n","protected":false},"excerpt":{"rendered":"<p>Vitamin C v liposomski obliki, primeren za otroke.<\/p>\n","protected":false},"featured_media":57029,"comment_status":"open","ping_status":"closed","template":"","meta":[],"etheme_brands":[{"term_id":4655,"name":"Dr. Mercola","slug":"dr-mercola","term_group":0,"term_taxonomy_id":4655,"taxonomy":"brand","description":"Dr. Mercola ponuja ali priporo\u010da izdelke, \u0161ele potem, ko je on ali njegova raziskovalna skupina aktivno testirala in pregledala vsako sestavino. Poleg tega ustvarja samo izdelke, za katere ve, da jih bo uporabljal tudi sam in bi priporo\u010dal svoji dru\u017eini in prijateljem.","parent":0,"count":6,"filter":"raw"}],"product_brand":[],"product_cat":[3731,3722,3773,3732,3733,5384,3723,3756,3724,3725,3726],"product_tag":[5523,5471,5579,5469,5580,5498,5525,5500,5581,5509,5441,5442,5582,5472,5654,5503,5470,5467],"class_list":{"0":"post-57932","1":"product","2":"type-product","3":"status-publish","4":"has-post-thumbnail","6":"brand-dr-mercola","7":"product_cat-akcija","8":"product_cat-antioksidanti","9":"product_cat-dojencki-in-otroci","10":"product_cat-energija-in-motivacija","11":"product_cat-imunski-sistem","12":"product_cat-obvladovanje-stresa","13":"product_cat-podpora-srca-in-ozilja","14":"product_cat-prehladna-obolenja","15":"product_cat-razstrupljanje-in-jetra","16":"product_cat-vitamini-in-minerali","17":"product_cat-vnetja-kosti-in-sklepi","18":"product_tag-anemija","19":"product_tag-antioksidant","20":"product_tag-celulit","21":"product_tag-energija","22":"product_tag-feritin","23":"product_tag-gripa","24":"product_tag-hemoglobin","25":"product_tag-imunski-sistem","26":"product_tag-kolagen","27":"product_tag-kortizol","28":"product_tag-kosti","29":"product_tag-koza","30":"product_tag-liposom","31":"product_tag-nadledvicna-zleza","32":"product_tag-otroci","33":"product_tag-prehlad","34":"product_tag-stres","35":"product_tag-utrujenost","37":"first","38":"instock","39":"taxable","40":"shipping-taxable","41":"purchasable","42":"product-type-simple"},"_links":{"self":[{"href":"https:\/\/fmed.eu\/de\/wp-json\/wp\/v2\/product\/57932","targetHints":{"allow":["GET"]}}],"collection":[{"href":"https:\/\/fmed.eu\/de\/wp-json\/wp\/v2\/product"}],"about":[{"href":"https:\/\/fmed.eu\/de\/wp-json\/wp\/v2\/types\/product"}],"replies":[{"embeddable":true,"href":"https:\/\/fmed.eu\/de\/wp-json\/wp\/v2\/comments?post=57932"}],"version-history":[{"count":1,"href":"https:\/\/fmed.eu\/de\/wp-json\/wp\/v2\/product\/57932\/revisions"}],"predecessor-version":[{"id":69339,"href":"https:\/\/fmed.eu\/de\/wp-json\/wp\/v2\/product\/57932\/revisions\/69339"}],"wp:featuredmedia":[{"embeddable":true,"href":"https:\/\/fmed.eu\/de\/wp-json\/wp\/v2\/media\/57029"}],"wp:attachment":[{"href":"https:\/\/fmed.eu\/de\/wp-json\/wp\/v2\/media?parent=57932"}],"wp:term":[{"taxonomy":"brand","embeddable":true,"href":"https:\/\/fmed.eu\/de\/wp-json\/wp\/v2\/etheme_brands?post=57932"},{"taxonomy":"product_brand","embeddable":true,"href":"https:\/\/fmed.eu\/de\/wp-json\/wp\/v2\/product_brand?post=57932"},{"taxonomy":"product_cat","embeddable":true,"href":"https:\/\/fmed.eu\/de\/wp-json\/wp\/v2\/product_cat?post=57932"},{"taxonomy":"product_tag","embeddable":true,"href":"https:\/\/fmed.eu\/de\/wp-json\/wp\/v2\/product_tag?post=57932"}],"curies":[{"name":"wp","href":"https:\/\/api.w.org\/{rel}","templated":true}]}}