{"id":58501,"date":"2019-09-17T13:45:58","date_gmt":"2019-09-17T13:45:58","guid":{"rendered":"https:\/\/fmed.eu\/product\/thorne-osnovna-hranila-multivitamin\/"},"modified":"2025-04-22T13:05:12","modified_gmt":"2025-04-22T11:05:12","slug":"thorne-osnovna-hranila-multivitamin","status":"publish","type":"product","link":"https:\/\/fmed.eu\/de\/produkt\/thorne-osnovna-hranila-multivitamin\/","title":{"rendered":"Thorne, Basic Nutrition 2\/Day, Osnovna hranila, 60 tabl"},"content":{"rendered":"<p>Thorne Basic Nutrients &#8211; Multi vitamini brez \u017eeleza<\/p>\n<p>Thorne Basic Nutrients je sigurno nadstandardna multi-vitaminska formula. Uporablja najkvalitetnej\u0161e oblike vitaminov in mineralov, kar pomeni, da bo absorpcija in dostava v celice optimalna in kot drugo so vsa hranila med seboj uravnote\u017eena.<\/p>\n<p>Multi brez \u017eeleza<\/p>\n<p>Thorne multi vitamin ne vsebuje \u017eeleza in to namenoma. Veliko je polemike glede dodajanja \u017eeleza saj preve\u010d \u017eeleza \u0161kodi celo bolj kot premalo \u017eeleza. Okrog 20% (ve\u010dinoma mo\u0161kih) se bori s previsokimi vrednostmi \u017eeleza, ki povzro\u010da oksidativni stres in \u0161kodi jetrom. Nekateri imajo celo bolezen imenovano hemokromatoza.<\/p>\n<p>Prav zato v ve\u010dini kvalitetnih multijev ne boste na\u0161li \u017eeleza. \u017delezo dodajajte le v primeru, da imate znano pomanjkanje. V tem primeru priporo\u010damo dopolnila v obliki organskega \u017eeleza kot je IronSorb .<\/p>\n<p>Zakaj dodajati minerali in vitamine?<\/p>\n<p>Dodajanje vitaminov in mineralov je danes, v \u010dasu u\u017eivanja predelane hrane, \u017ee skoraj nujno.Thorne multivitaminske tablete so kompleksen, vendar ne\u017een dodatek vitaminov in mineralov s posebno formulo, ki vklju\u010duje \u00a0sestavine, izdelane za optimalno absorpcijo in hitro sprostitev mikrohranil. Hrana je \u00a0precej bolj siroma\u0161na s hranilnimi snovmi, kot je bila pred petdesetimi, sto ali ve\u010d leti. Ve\u010dina, kar lahko kupimo v supermarketih, je pridelana v rastlinjakih in ve\u010dina produktov sonca sploh ni videla, pobrana je bila nezrela in prepotovala oceane. \u010ce \u017eelimo vnesti v telo vse potrebne vitamine in minerale, potem jih moramo dodajati v obliki raznih dopolnil. Thorne Basic Nutrients Multi vitamin je vsekakor ena od najbolj\u0161ih izbir na trgu.<\/p>\n<p>BAKER , ki:<\/p>\n<p>prispeva k ohranjanju normalnega vezivnega tkiva<\/p>\n<p>prispeva k spro\u0161\u010danju energije pri presnovi<\/p>\n<p>prispeva k delovanju \u017eiv\u010dnega sistema<\/p>\n<p>prispeva k normalni obarvanosti las<\/p>\n<p>prispeva k prenosu \u017eeleza v telesu<\/p>\n<p>prispeva k normalni obarvanosti ko\u017ee<\/p>\n<p>ima vlogo pri delovanju imunskega sistema<\/p>\n<p>ima vlogo pri za\u0161\u010diti celic pred oksidativnim stresom<\/p>\n<p>PANTOTENSKO KISLINO , ki:<\/p>\n<p>ima vlogo pri sintezi in presnovi steroidnih hormonov, vitamina D in nekaterih prena\u0161alcev \u017eiv\u010dnih impulzov<\/p>\n<p>prispeva k zmanj\u0161evanju utrujenosti in iz\u010drpanosti<\/p>\n<p>prispeva k umskim zmogljivostim<\/p>\n<p>BIOTIN , ki prispeva:<\/p>\n<p>k spro\u0161\u010danju energije pri presnovi<\/p>\n<p>k delovanju \u017eiv\u010dnega sistema<\/p>\n<p>k presnovi makrohranil<\/p>\n<p>k normalnemu psiholo\u0161kemu delovanju<\/p>\n<p>k ohranjanju zdravih lask ohranjanju zdravih sluznic<\/p>\n<p>k ohranjanju zdrave ko\u017ee<\/p>\n<p>VITAMIN B12 ,<\/p>\n","protected":false},"excerpt":{"rendered":"<p>Kakovostne multivitaminske tablete v aktivni, koencimski ali metilni obliki za najbolj\u0161o absorpcijo in bio-razpolo\u017eljivost.<\/p>\n","protected":false},"featured_media":58476,"comment_status":"open","ping_status":"closed","template":"","meta":[],"etheme_brands":[{"term_id":4657,"name":"Thorne Research","slug":"thorne-research","term_group":0,"term_taxonomy_id":4657,"taxonomy":"brand","description":"Thorne research sodi po kvaliteti proizvodov v sam vrh industrije prehranskih dopolnil. Njihov formule so edinstvene in prav vsak izdelek je u\u010dinkovit ter podprt s \u0161tudijami.","parent":0,"count":2,"filter":"raw"}],"product_brand":[],"product_cat":[3722,3732,3733,3723,3724,3736,3740,3725],"product_tag":[5471,5524,5469,5500,5561,5562,5563,5564],"class_list":{"0":"post-58501","1":"product","2":"type-product","3":"status-publish","4":"has-post-thumbnail","6":"brand-thorne-research","7":"product_cat-antioksidanti","8":"product_cat-energija-in-motivacija","9":"product_cat-imunski-sistem","10":"product_cat-podpora-srca-in-ozilja","11":"product_cat-razstrupljanje-in-jetra","12":"product_cat-spomin-in-zdravje-mozganov","13":"product_cat-uravnavanje-krvnega-sladkorja","14":"product_cat-vitamini-in-minerali","15":"product_tag-antioksidant","16":"product_tag-b-kompleks","17":"product_tag-energija","18":"product_tag-imunski-sistem","19":"product_tag-minerali","20":"product_tag-multivitamin","21":"product_tag-preventiva","22":"product_tag-vitamini","24":"first","25":"outofstock","26":"taxable","27":"shipping-taxable","28":"purchasable","29":"product-type-simple"},"_links":{"self":[{"href":"https:\/\/fmed.eu\/de\/wp-json\/wp\/v2\/product\/58501","targetHints":{"allow":["GET"]}}],"collection":[{"href":"https:\/\/fmed.eu\/de\/wp-json\/wp\/v2\/product"}],"about":[{"href":"https:\/\/fmed.eu\/de\/wp-json\/wp\/v2\/types\/product"}],"replies":[{"embeddable":true,"href":"https:\/\/fmed.eu\/de\/wp-json\/wp\/v2\/comments?post=58501"}],"version-history":[{"count":1,"href":"https:\/\/fmed.eu\/de\/wp-json\/wp\/v2\/product\/58501\/revisions"}],"predecessor-version":[{"id":69328,"href":"https:\/\/fmed.eu\/de\/wp-json\/wp\/v2\/product\/58501\/revisions\/69328"}],"wp:featuredmedia":[{"embeddable":true,"href":"https:\/\/fmed.eu\/de\/wp-json\/wp\/v2\/media\/58476"}],"wp:attachment":[{"href":"https:\/\/fmed.eu\/de\/wp-json\/wp\/v2\/media?parent=58501"}],"wp:term":[{"taxonomy":"brand","embeddable":true,"href":"https:\/\/fmed.eu\/de\/wp-json\/wp\/v2\/etheme_brands?post=58501"},{"taxonomy":"product_brand","embeddable":true,"href":"https:\/\/fmed.eu\/de\/wp-json\/wp\/v2\/product_brand?post=58501"},{"taxonomy":"product_cat","embeddable":true,"href":"https:\/\/fmed.eu\/de\/wp-json\/wp\/v2\/product_cat?post=58501"},{"taxonomy":"product_tag","embeddable":true,"href":"https:\/\/fmed.eu\/de\/wp-json\/wp\/v2\/product_tag?post=58501"}],"curies":[{"name":"wp","href":"https:\/\/api.w.org\/{rel}","templated":true}]}}