{"id":59435,"date":"2020-11-11T11:44:43","date_gmt":"2020-11-11T11:44:43","guid":{"rendered":"https:\/\/fmed.eu\/product\/folinska-kislina-v-tinkturi-folat\/"},"modified":"2025-04-22T13:05:06","modified_gmt":"2025-04-22T11:05:06","slug":"folinska-kislina-v-tinkturi-folat","status":"publish","type":"product","link":"https:\/\/fmed.eu\/de\/produkt\/folinska-kislina-v-tinkturi-folat\/","title":{"rendered":"California GOLD, Folinic Acid, Folinska kislina, 30ml"},"content":{"rendered":"<p>California gold folinska kislina v tinkturi 30ml<\/p>\n<p>Folinska kislina\u00a0je posebna oblika vitamina B9, ki se uporablja tudi v medicini. Svetovna organizacija za zdravje jo je uvrstila na Seznam esencialnih zdravil , saj sodi med zelo varna in predvsem zelo u\u010dinkovita zdravila.<\/p>\n<p>California gold nutrition ponuja visoko kakovostno folinsko kislino v obliki brezalkoholne tinkture , za enostavno konzumiranje in odmerjanje.<\/p>\n<p>Folinska kislina se uporablja v medicini \u017ee od leta 1945. Zanjo se uporablja tudi ime Leucovorin, u\u010dinkovita pa je proti toksi\u010dnim u\u010dinkom zdravila Metotreksat, ki se uporablja za kemoterapijo, pri raznih vrstah artritisov, raku ter avtoimunih obolenjih.<\/p>\n<p>Folinska kislina se uporablja tudi pri zdravljenju raka na \u010drevesju ter kot protistrup pri zastrupitvah z metanolom.<\/p>\n<p>Folinska kislina je u\u010dinkovita tudi pri pomanjkanju folne kisline (B9) in je varna za uporabo med nose\u010dnostjo in dojenjem.<\/p>\n<p>Folinska kislina in folna kislina nista enako<\/p>\n<p>Folinska kislina je posebna oblika folne kisline, ki je telo ne rabi aktivirati s pomo\u010djo encima dihidrofolat reduktaza in je tako neposredno uporabna v telesu. V primerih, ko je ta encim neaktiven, je folna kislina v telesu popolnoma neuporabna in lahko celo \u0161kodi telesu. Folinska kislina teh te\u017eav ne povzro\u010da.<\/p>\n<p>Folinska kislina in metil folat<\/p>\n<p>Tudi folinska kislina in metil folat nista enaka. Vsak ima v telesu nekoliko druga\u010dno funkcijo in \u010deprav jih telo lahko preoblikuje, je ta konverzija v\u010dasih te\u017eka.<\/p>\n<p>Metil folat podpira metilacijo. Metil folat sodeluje v metilacijskem ciklusu in mora biti uravnove\u0161en z metil kobalaminom (B12), da je u\u010dinkovit. Metilacija je ena najpomembnej\u0161ih telesnih metabolnih funkcij nasploh.<\/p>\n<p>Folinska kislina na drugi strani podpira proizvodnjo beljakovin na podlagi DNK. Vse kar v telesu na nek na\u010din zraste ali se obnavlja mora skozi DNK proizvodnjo. Na ta na\u010din lahko folinska kislina npr. zmanj\u0161a verjetnost za izpadanje las med kemoterapijo oz. hitrej\u0161o obnovo po njej. Seveda je to le eden od primerov.<\/p>\n","protected":false},"excerpt":{"rendered":"<p>Posebna oblika kakovostnega vitamina B9.<\/p>\n<div><\/div>\n<div><\/div>\n","protected":false},"featured_media":59419,"comment_status":"open","ping_status":"closed","template":"","meta":[],"etheme_brands":[{"term_id":4744,"name":"California Gold Nutrition","slug":"california-gold-nutrition","term_group":0,"term_taxonomy_id":4744,"taxonomy":"brand","description":"","parent":0,"count":1,"filter":"raw"}],"product_brand":[],"product_cat":[3773,3724,3717,3725,3726,3752],"product_tag":[5731,5441,5442,5444,5732,5733,5546],"class_list":{"0":"post-59435","1":"product","2":"type-product","3":"status-publish","4":"has-post-thumbnail","6":"brand-california-gold-nutrition","7":"product_cat-dojencki-in-otroci","8":"product_cat-razstrupljanje-in-jetra","9":"product_cat-slabokrvnost-anemija","10":"product_cat-vitamini-in-minerali","11":"product_cat-vnetja-kosti-in-sklepi","12":"product_cat-zelisca-izvlecki-in-tinkture","13":"product_tag-kemoterapija","14":"product_tag-kosti","15":"product_tag-koza","16":"product_tag-lasje","17":"product_tag-metanol","18":"product_tag-metotreksat","19":"product_tag-rak","21":"first","22":"outofstock","23":"featured","24":"taxable","25":"shipping-taxable","26":"purchasable","27":"product-type-simple"},"_links":{"self":[{"href":"https:\/\/fmed.eu\/de\/wp-json\/wp\/v2\/product\/59435","targetHints":{"allow":["GET"]}}],"collection":[{"href":"https:\/\/fmed.eu\/de\/wp-json\/wp\/v2\/product"}],"about":[{"href":"https:\/\/fmed.eu\/de\/wp-json\/wp\/v2\/types\/product"}],"replies":[{"embeddable":true,"href":"https:\/\/fmed.eu\/de\/wp-json\/wp\/v2\/comments?post=59435"}],"version-history":[{"count":1,"href":"https:\/\/fmed.eu\/de\/wp-json\/wp\/v2\/product\/59435\/revisions"}],"predecessor-version":[{"id":69308,"href":"https:\/\/fmed.eu\/de\/wp-json\/wp\/v2\/product\/59435\/revisions\/69308"}],"wp:featuredmedia":[{"embeddable":true,"href":"https:\/\/fmed.eu\/de\/wp-json\/wp\/v2\/media\/59419"}],"wp:attachment":[{"href":"https:\/\/fmed.eu\/de\/wp-json\/wp\/v2\/media?parent=59435"}],"wp:term":[{"taxonomy":"brand","embeddable":true,"href":"https:\/\/fmed.eu\/de\/wp-json\/wp\/v2\/etheme_brands?post=59435"},{"taxonomy":"product_brand","embeddable":true,"href":"https:\/\/fmed.eu\/de\/wp-json\/wp\/v2\/product_brand?post=59435"},{"taxonomy":"product_cat","embeddable":true,"href":"https:\/\/fmed.eu\/de\/wp-json\/wp\/v2\/product_cat?post=59435"},{"taxonomy":"product_tag","embeddable":true,"href":"https:\/\/fmed.eu\/de\/wp-json\/wp\/v2\/product_tag?post=59435"}],"curies":[{"name":"wp","href":"https:\/\/api.w.org\/{rel}","templated":true}]}}