{"id":59451,"date":"2020-08-18T14:34:32","date_gmt":"2020-08-18T12:34:32","guid":{"rendered":"https:\/\/fmed.eu\/product\/naturliche-hand-barriere-lauricare\/"},"modified":"2025-03-04T11:58:16","modified_gmt":"2025-03-04T11:58:16","slug":"naturliche-hand-barriere-lauricare","status":"publish","type":"product","link":"https:\/\/fmed.eu\/de\/produkt\/naturliche-hand-barriere-lauricare\/","title":{"rendered":"Nat\u00fcrliche Handbarriere Lauricare"},"content":{"rendered":"<h2>Nat\u00fcrliche Handbarriere Lauricare<\/h2>\n<p>Gehen Sie noch einen Schritt weiter und<strong> Sch\u00fctzen und unterst\u00fctzen Sie zus\u00e4tzlich den nat\u00fcrlichen Schutz Ihrer H\u00e4nde<\/strong> nach dem Gebrauch von <a href=\"\/?p=43274\"> H\u00e4ndedesinfektionsmittel<\/a> .<\/p>\n<p>Lauricare nat\u00fcrlicher Handschutz<strong> F\u00fcgt Ihren nat\u00fcrlichen Schutz hinzu und stellt ihn wieder her<\/strong> , die die Haut automatisch bildet und durch h\u00e4ufigen Einsatz von Desinfektionsmitteln geschw\u00e4cht werden kann. Nat\u00fcrlicher Handschutz ist in eine angenehme und pflegende Handcreme integriert und macht Ihre H\u00e4nde sanft, weich und sauber.<\/p>\n<p>Reinigen und befeuchten Sie Ihre H\u00e4nde sofort und jederzeit mit unserer 100% nat\u00fcrlichen und pflanzlichen Lotion mit lang anhaltendem Bakterienschutz durch die Kraft von<a href=\"\/?p=11448\"> Lauricidin<\/a> .<\/p>\n<p>Die t\u00e4gliche Anwendung des nat\u00fcrlichen Schutzes stellt sicher, dass Ihre H\u00e4nde sauber, frisch und Ihre Haut gesund ist.<\/p>\n<h3>Lauricare nat\u00fcrlicher Handschutz:<\/h3>\n<ul>\n<li>Basierend auf einer wissenschaftlichen Basis, um eine lang anhaltende und starke Schutzschicht auf Ihrer Haut zu erhalten.<\/li>\n<li>100% nat\u00fcrliche und pflanzliche Inhaltsstoffe, die Ihre H\u00e4nde reinigen und mit Feuchtigkeit versorgen.<\/li>\n<li>Reduziert die toxische Belastung Ihres K\u00f6rpers, da es keinen Alkohol oder andere potenzielle Toxine enth\u00e4lt.<\/li>\n<li>Keine Parabene, Sulfat, kein Triclosan.<\/li>\n<li>Mit einem angenehmen, nat\u00fcrlichen Duft nach Kokosnuss und Orange.<\/li>\n<\/ul>\n<p><strong>Erg\u00e4nzen oder ersetzen Sie Ihr H\u00e4ndedesinfektionsmittel durch<\/strong> nat\u00fcrliche Lauricare Schutzcreme. Es enth\u00e4lt \u00e4therische Pflanzen\u00f6le f\u00fcr weichere Haut und gesunde H\u00e4nde. Enth\u00e4lt gereinigte Emolientes zur zus\u00e4tzlichen Feuchtigkeitsversorgung und Reparatur gesch\u00e4digter Haut.<\/p>\n<p>G\u00f6nnen Sie Ihren H\u00e4nden eine Pause von den klassischen alkoholischen Desinfektionsmitteln, die Ihre Haut schnell austrocknen und knacken. Halten Sie Ihre H\u00e4nde sauber mit einer nat\u00fcrlichen Schutzlotion mit einem angenehmen Geruch nach Kokosnuss und Orangen.<\/p>\n<p><strong>Der nat\u00fcrliche Handschutz von Lauricare reduziert Ihre Aussetzung gegen\u00fcber Toxinen, da er so formuliert ist, dass er Folgendes nicht enth\u00e4lt:<\/strong><\/p>\n<ul>\n<li>Alkohol,<\/li>\n<li>Triclosan,<\/li>\n<li>Sulfate,<\/li>\n<li>Parabene,<\/li>\n<li>Propylenglykol,<\/li>\n<li>Polyethylenglykol (PEG),<\/li>\n<li>Steareths,<\/li>\n<li>Natriumlaurylsulfat (SLS),<\/li>\n<li>K\u00fcnstliche Farben,<\/li>\n<li>K\u00fcnstliche D\u00fcfte,<\/li>\n<li>Ethanolamine,<\/li>\n<li>Isothiazolinone,<\/li>\n<li>Phthalate,<\/li>\n<li>Aerosole: Butyliertes Hydroxytoluol (BHT), Propan, Butan, Isobutan,<\/li>\n<li>Fluorkohlenwasserstoffe.<\/li>\n<\/ul>\n<p>F\u00fcr eine gr\u00fcndliche H\u00e4ndedesinfektion verwenden Sie zusamen mit den ausgezeichneten <a href=\"\/?p=43274\"> Lauricare H\u00e4ndedesinfektionsspray<\/a> .<\/p>\n","protected":false},"excerpt":{"rendered":"<p>Sch\u00fctzen Sie Ihre H\u00e4nde auf nat\u00fcrliche Weise vor Viren und Bakterien.<\/p>\n","protected":false},"featured_media":59002,"comment_status":"open","ping_status":"closed","template":"","meta":[],"etheme_brands":[{"term_id":4755,"name":"Med-Chem Labs","slug":"med-chem-labs-de","term_group":0,"term_taxonomy_id":4755,"taxonomy":"brand","description":"Med-Chem Labs, Inc. wurde 1966 von Dr. Jon Kabara PhD gegr\u00fcndet und ist der stolze Hersteller von Lauricidin\u00ae, einem Nahrungserg\u00e4nzungsmittel f\u00fcr bessere Gesundheit und Selbstheilung. *\n\nDr. Kabaras bahnbrechende Forschung zur Entdeckung von Monolaurin in den 1960er Jahren ist die Grundlage, um Lauricidin\u00ae in die Gesundheitsbranche zu bringen.","parent":0,"count":6,"filter":"raw"}],"product_brand":[],"product_cat":[5430,5428,3859],"product_tag":[],"class_list":{"0":"post-59451","1":"product","2":"type-product","3":"status-publish","4":"has-post-thumbnail","6":"brand-med-chem-labs-de","7":"product_cat-erkaltungen","8":"product_cat-korperpflege","9":"product_cat-sonstiges","11":"first","12":"outofstock","13":"taxable","14":"shipping-taxable","15":"purchasable","16":"product-type-simple"},"_links":{"self":[{"href":"https:\/\/fmed.eu\/de\/wp-json\/wp\/v2\/product\/59451","targetHints":{"allow":["GET"]}}],"collection":[{"href":"https:\/\/fmed.eu\/de\/wp-json\/wp\/v2\/product"}],"about":[{"href":"https:\/\/fmed.eu\/de\/wp-json\/wp\/v2\/types\/product"}],"replies":[{"embeddable":true,"href":"https:\/\/fmed.eu\/de\/wp-json\/wp\/v2\/comments?post=59451"}],"version-history":[{"count":0,"href":"https:\/\/fmed.eu\/de\/wp-json\/wp\/v2\/product\/59451\/revisions"}],"wp:featuredmedia":[{"embeddable":true,"href":"https:\/\/fmed.eu\/de\/wp-json\/wp\/v2\/media\/59002"}],"wp:attachment":[{"href":"https:\/\/fmed.eu\/de\/wp-json\/wp\/v2\/media?parent=59451"}],"wp:term":[{"taxonomy":"brand","embeddable":true,"href":"https:\/\/fmed.eu\/de\/wp-json\/wp\/v2\/etheme_brands?post=59451"},{"taxonomy":"product_brand","embeddable":true,"href":"https:\/\/fmed.eu\/de\/wp-json\/wp\/v2\/product_brand?post=59451"},{"taxonomy":"product_cat","embeddable":true,"href":"https:\/\/fmed.eu\/de\/wp-json\/wp\/v2\/product_cat?post=59451"},{"taxonomy":"product_tag","embeddable":true,"href":"https:\/\/fmed.eu\/de\/wp-json\/wp\/v2\/product_tag?post=59451"}],"curies":[{"name":"wp","href":"https:\/\/api.w.org\/{rel}","templated":true}]}}