{"id":59453,"date":"2020-07-28T15:30:55","date_gmt":"2020-07-28T15:30:55","guid":{"rendered":"https:\/\/fmed.eu\/product\/naturdeodorant-lauricare\/"},"modified":"2025-03-04T11:58:16","modified_gmt":"2025-03-04T11:58:16","slug":"naturdeodorant-lauricare","status":"publish","type":"product","link":"https:\/\/fmed.eu\/de\/produkt\/naturdeodorant-lauricare\/","title":{"rendered":"Nat\u00fcrliches Deodorant Lauricare"},"content":{"rendered":"<h2>LauriCare nat\u00fcrliches Deodorant, aufrollbar<\/h2>\n<p><strong>Nat\u00fcrliches Deodorant Lauricare<\/strong> ist der perfekte Ersatz f\u00fcr Ihre Achselh\u00f6hlen, v\u00f6llig frei von allen sch\u00e4dlichen und unerw\u00fcnschten Inhaltsstoffen klassischer Deodorants.<\/p>\n<p>Es ist <strong>nur aus pflanzlichen Zutaten<\/strong> gemacht mit einem nat\u00fcrlichen Duft und wurde entwickelt, um unangenehmen K\u00f6rpergeruch zu reduzieren. Sch\u00fctzen Sie Ihre Achselh\u00f6hlen mit starkem und kontinuierlichem Schutz<strong> ohne aggressive Chemikalien<\/strong> in den meisten anderen Deodorants und Antitranspirantien enthalten.<\/p>\n<ul>\n<li>Jedes Produkt reicht f\u00fcr 4 Wochen Gebrauch<\/li>\n<li>Es kann zu einer nat\u00fcrlichen Entgiftung der Achselh\u00f6hlen kommen, so dass es bis zu einigen Wochen dauern kann, bis das Deodorant seine volle St\u00e4rke erreicht hat<\/li>\n<li>100% pflanzliche Lauricare-Produkt, der auch f\u00fcr Kinder, schwangere Frauen und andere Risikogruppen empfohlen ist<\/li>\n<li>Es enth\u00e4lt Lauricidin, einen einzigartigen nat\u00fcrlichen Extrakt, der kein Allergen ist und nicht mit anderen Substanzen reagiert<\/li>\n<li>Verhindert nicht das Schwitzen<\/li>\n<\/ul>\n<h3>Die Kraft von Lauricidin im Deodorant<\/h3>\n<p>Das nat\u00fcrliche Deodorant von Lauricare nutzt die Kraft von Lauricidin, um die nat\u00fcrliche Bakterienflora der Achselh\u00f6hle zu unterst\u00fctzen und zu erhalten.<\/p>\n<p>Ihre Achselh\u00f6hlen sind voller Bakterien, die die Proteine abbauen, die Sie durch Schwei\u00df freisetzen. Der Geruch, den Sie feststellen, ist ein aromatisches Nebenprodukt dieser bakteriellen Aktivit\u00e4t. Wenn Ihre Bakterien aufgrund Ihrer Ern\u00e4hrung, Toxine, Stress oder Kleidung aus dem Gleichgewicht geraten, wird Ihr Geruch weniger angenehm.<\/p>\n<h3>Roll-on f\u00fcr bessere Ergebnisse<\/h3>\n<p>Tragen Sie das Deodorant direkt auf die Stelle auf, an der es wirkt, und reiben Sie es in die Haut ein. Schnell und einfach.<\/p>\n<p>&nbsp;<\/p>\n<p>Sch\u00fctteln Sie das Produkt vor Gebrauch gut und reiben Sie es in die Mitte der Achselh\u00f6hle. Deodorant verhindert nicht das Schwitzen und sollte mehrmals am Tag angewendet werden.<\/p>\n<p><strong>Deodorant f\u00fcr die ganze Familie.<\/strong> Gesundheits- und umweltfreundlich. Unterst\u00fctzt eine ausgewogene Hautmikrobiota.<\/p>\n<p>Reduzieren Sie Ihre toxische Belastung mit nat\u00fcrlichen Lauricare-Kosmetika.<\/p>\n<p>Lauricare nat\u00fcrliches Deodorant wird hergestellt<strong> ohne<\/strong> ::<\/p>\n<ul>\n<li>k\u00fcnstliche D\u00fcfte,<\/li>\n<li>Verdickungsmittel,<\/li>\n<li>Farbstoffe,<\/li>\n<li>Konservierungsmittel,<\/li>\n<li>Aluminium,<\/li>\n<li>Sulfate,<\/li>\n<li>Parabene.<\/li>\n<\/ul>\n","protected":false},"excerpt":{"rendered":"<p>Ein ganz nat\u00fcrlicher Weg, um unangenehmen K\u00f6rpergeruch zu reduzieren.<\/p>\n","protected":false},"featured_media":58986,"comment_status":"open","ping_status":"closed","template":"","meta":[],"etheme_brands":[{"term_id":4755,"name":"Med-Chem Labs","slug":"med-chem-labs-de","term_group":0,"term_taxonomy_id":4755,"taxonomy":"brand","description":"Med-Chem Labs, Inc. wurde 1966 von Dr. Jon Kabara PhD gegr\u00fcndet und ist der stolze Hersteller von Lauricidin\u00ae, einem Nahrungserg\u00e4nzungsmittel f\u00fcr bessere Gesundheit und Selbstheilung. *\n\nDr. Kabaras bahnbrechende Forschung zur Entdeckung von Monolaurin in den 1960er Jahren ist die Grundlage, um Lauricidin\u00ae in die Gesundheitsbranche zu bringen.","parent":0,"count":6,"filter":"raw"}],"product_brand":[],"product_cat":[5428,3859],"product_tag":[6361,6307,6362],"class_list":{"0":"post-59453","1":"product","2":"type-product","3":"status-publish","4":"has-post-thumbnail","6":"brand-med-chem-labs-de","7":"product_cat-korperpflege","8":"product_cat-sonstiges","9":"product_tag-deodorant-de","10":"product_tag-haut-de","11":"product_tag-schwitzen","13":"first","14":"instock","15":"taxable","16":"shipping-taxable","17":"purchasable","18":"product-type-simple"},"_links":{"self":[{"href":"https:\/\/fmed.eu\/de\/wp-json\/wp\/v2\/product\/59453","targetHints":{"allow":["GET"]}}],"collection":[{"href":"https:\/\/fmed.eu\/de\/wp-json\/wp\/v2\/product"}],"about":[{"href":"https:\/\/fmed.eu\/de\/wp-json\/wp\/v2\/types\/product"}],"replies":[{"embeddable":true,"href":"https:\/\/fmed.eu\/de\/wp-json\/wp\/v2\/comments?post=59453"}],"version-history":[{"count":0,"href":"https:\/\/fmed.eu\/de\/wp-json\/wp\/v2\/product\/59453\/revisions"}],"wp:featuredmedia":[{"embeddable":true,"href":"https:\/\/fmed.eu\/de\/wp-json\/wp\/v2\/media\/58986"}],"wp:attachment":[{"href":"https:\/\/fmed.eu\/de\/wp-json\/wp\/v2\/media?parent=59453"}],"wp:term":[{"taxonomy":"brand","embeddable":true,"href":"https:\/\/fmed.eu\/de\/wp-json\/wp\/v2\/etheme_brands?post=59453"},{"taxonomy":"product_brand","embeddable":true,"href":"https:\/\/fmed.eu\/de\/wp-json\/wp\/v2\/product_brand?post=59453"},{"taxonomy":"product_cat","embeddable":true,"href":"https:\/\/fmed.eu\/de\/wp-json\/wp\/v2\/product_cat?post=59453"},{"taxonomy":"product_tag","embeddable":true,"href":"https:\/\/fmed.eu\/de\/wp-json\/wp\/v2\/product_tag?post=59453"}],"curies":[{"name":"wp","href":"https:\/\/api.w.org\/{rel}","templated":true}]}}