{"id":59461,"date":"2020-01-26T14:17:08","date_gmt":"2020-01-26T12:17:08","guid":{"rendered":"https:\/\/fmed.eu\/product\/laurishield-pflegende-schutzende-haut-salbe\/"},"modified":"2025-03-04T11:58:18","modified_gmt":"2025-03-04T11:58:18","slug":"laurishield-pflegende-schutzende-haut-salbe","status":"publish","type":"product","link":"https:\/\/fmed.eu\/de\/produkt\/laurishield-pflegende-schutzende-haut-salbe\/","title":{"rendered":"LauriShield sch\u00fctzende Hautsalbe"},"content":{"rendered":"<h2>LauriShield sch\u00fctzende Hautsalbe 40g<\/h2>\n<p>LauriShield Nat\u00fcrliche sch\u00fctzende und pflegende Hautsalbe ist f\u00fcr die gezielte Anwendung auf gereizter, trockener oder gesch\u00e4digter Haut vorgesehen. Es enth\u00e4lt gereinigte Weichmacher, die Feuchtigkeit speichern und die Hautbarriere dauerhaft st\u00e4rken.<\/p>\n<p>Sch\u00fctzen und pflegen Sie Ihre Haut mit der originalen Lauricidin-Formel.<\/p>\n<h3>Geeignet f\u00fcr besch\u00e4digte und verletzte Haut<\/h3>\n<p>LauriShield ist die perfekte Wahl f\u00fcr die Reparatur und Regeneration besch\u00e4digter und verletzter Haut. Verwenden Sie es auf:<\/p>\n<ul>\n<li>kleinen Kratzer,<\/li>\n<li>Schnitten,<\/li>\n<li>Rissen,<\/li>\n<li>trockener und schuppiger oder<\/li>\n<li>besch\u00e4digter oder<\/li>\n<li>gereizter Haut.<\/li>\n<\/ul>\n<h3>Sichere und wirksame Inhaltsstoffe<\/h3>\n<p>Pflegen Sie Ihre Haut mit Lauricidin ohne die aggressiven und sch\u00e4dlichen Inhaltsstoffe wie Parabene und Sulfate, die in den meisten Kosmetika enthalten sind.<\/p>\n<p>Unsere Zutaten sind so sicher, dass Sie sie sogar auf <strong>Wunden<\/strong>verwenden k\u00f6nnen.<\/p>\n<h2><img fetchpriority=\"high\" decoding=\"async\" class=\"size-medium wp-image-32683 alignright\" src=\"https:\/\/fmed.eu\/wp-content\/uploads\/2025\/01\/kozna-pregrada-ok-300x200-1.jpg\" alt=\"starke Hautbarriere\" width=\"300\" height=\"200\" \/> <a href=\"https:\/\/fmed.splet.in\/wp-content\/uploads\/2020\/01\/kozna-pregrada-poskodovana.jpg\"><img decoding=\"async\" class=\"alignright size-medium wp-image-32685\" src=\"https:\/\/fmed.eu\/wp-content\/uploads\/2025\/01\/kozna-pregrada-poskodovana-300x199-1.jpg\" alt=\"besch\u00e4digte Hautbarriere\" width=\"300\" height=\"199\" \/><\/a>Hautbarriere<\/h2>\n<p>Die Haut ist unser gr\u00f6\u00dftes Organ, das uns vor der \u00e4u\u00dferen Umgebung sch\u00fctzt. Daher ist es wichtig, dass die Haut auch auf mikrozellul\u00e4rer Ebene gesund ist und das Eindringen kleiner Partikel und Mikroorganismen in unseren K\u00f6rper verhindert.<\/p>\n<p>Eine besch\u00e4digte Hautbarriere (die \u00e4u\u00dfere Schicht der Epidermis) hinterl\u00e4sst sch\u00e4dliche Substanzen im K\u00f6rper und kann Feuchtigkeit und Lipide nicht effektiv im K\u00f6rper halten, was zu Austrocknung, Sch\u00e4digung und Infektionen der Haut f\u00fchrt.<\/p>\n<p>LauriShield enth\u00e4lt Lauricidin in einer speziellen Formel, die der Haut hilft, ihre Barriere zu erneuern, w\u00e4hrend sie gleichzeitig mit ihrer Schutzschicht hilft.<\/p>\n<h3><a href=\"https:\/\/fmed.splet.in\/wp-content\/uploads\/2020\/01\/laurishield-kozne-okuzbe.jpg\"><img decoding=\"async\" class=\"alignright size-medium wp-image-32687\" src=\"https:\/\/fmed.eu\/wp-content\/uploads\/2025\/01\/laurishield-kozne-okuzbe-300x165-1.jpg\" alt=\"Hautinfektionen, Milben, Bakterien\" width=\"300\" height=\"165\" \/><\/a> Pflegende Hautpflegeprodukte f\u00fcr gesch\u00e4digte Haut<\/h3>\n<p>Die LauriShield-Produktreihe enth\u00e4lt:<\/p>\n<ul>\n<li>LauriShield Hautlotion<\/li>\n<li>LauriShield Hautsalbe<\/li>\n<li>LauriShield Schaumseife<\/li>\n<\/ul>\n<p><a href=\"https:\/\/fmed.splet.in\/wp-content\/uploads\/2020\/01\/laurishield-suha-razpokana-koza.jpg\"><img loading=\"lazy\" decoding=\"async\" class=\"alignright size-medium wp-image-32681\" src=\"https:\/\/fmed.eu\/wp-content\/uploads\/2025\/01\/laurishield-suha-razpokana-koza-300x164-1.jpg\" alt=\"f\u00fcr trockene und rissige Haut\" width=\"300\" height=\"164\" \/><\/a>Zusammen eignen sie sich zur Reparatur besch\u00e4digter und gealterter Haut:<\/p>\n<ul>\n<li>Trockene und rissige Haut (besonders an F\u00fc\u00dfen und H\u00e4nden)<\/li>\n<li><a href=\"https:\/\/fmed.splet.in\/wp-content\/uploads\/2020\/01\/laurishield-rane.jpg\"><img loading=\"lazy\" decoding=\"async\" class=\"alignright size-medium wp-image-32691\" src=\"https:\/\/fmed.eu\/wp-content\/uploads\/2025\/01\/laurishield-rane-300x165-1.jpg\" alt=\"Hautwunden und Hautverletzungen\" width=\"300\" height=\"165\" \/><\/a>Schuppen und schuppige Haut<\/li>\n<li>Hautwunden<\/li>\n<li>Hautausschlag und Dermatitis<\/li>\n<li>Hautinfektionen<\/li>\n<\/ul>\n<p><a href=\"https:\/\/fmed.splet.in\/wp-content\/uploads\/2020\/01\/laurishield-izpuscaji-dermatitis.jpg\"><img loading=\"lazy\" decoding=\"async\" class=\"alignright size-medium wp-image-32689\" src=\"https:\/\/fmed.eu\/wp-content\/uploads\/2025\/01\/laurishield-izpuscaji-dermatitis-300x165-1.jpg\" alt=\"Hautausschlag, Dermatitis\" width=\"300\" height=\"165\" \/><\/a>Bei gesch\u00e4digter und problematischer Haut liegen die Ursachen h\u00e4ufig im K\u00f6rper, daher empfehlen wir, sie zusammen mit der oralen from des <a href=\"\/?p=11448\">Lauricidin<\/a> zu verwenden.<\/p>\n<h3>Mikrobiologisch getestete Produkte<\/h3>\n<p>Alle LauriShield-Produkte sind mikrobiologisch getestet und zerst\u00f6ren 99% der pathogenen Mikroorganismen.<\/p>\n<h3>Produktmerkmale<\/h3>\n<ul>\n<li>Praktische Pumpe<\/li>\n<li>F\u00fcr 4-6 Wochen regelm\u00e4\u00dfiger Gebrauch<\/li>\n<li>Gezielte Anwendung auf trockener, gereizter und gesch\u00e4digter Haut<\/li>\n<li>Befeuchtet und heilt Wunden<\/li>\n<li>Lang anhaltende Unterst\u00fctzung der Hautbarriere<\/li>\n<li>Kein Erd\u00f6l, keine Parabene<\/li>\n<\/ul>\n","protected":false},"excerpt":{"rendered":"<p>Pflegt und sch\u00fctzt rissige und sonst gesch\u00e4digte Haut.<\/p>\n","protected":false},"featured_media":55044,"comment_status":"open","ping_status":"closed","template":"","meta":[],"etheme_brands":[{"term_id":4755,"name":"Med-Chem Labs","slug":"med-chem-labs-de","term_group":0,"term_taxonomy_id":4755,"taxonomy":"brand","description":"Med-Chem Labs, Inc. wurde 1966 von Dr. Jon Kabara PhD gegr\u00fcndet und ist der stolze Hersteller von Lauricidin\u00ae, einem Nahrungserg\u00e4nzungsmittel f\u00fcr bessere Gesundheit und Selbstheilung. *\n\nDr. Kabaras bahnbrechende Forschung zur Entdeckung von Monolaurin in den 1960er Jahren ist die Grundlage, um Lauricidin\u00ae in die Gesundheitsbranche zu bringen.","parent":0,"count":6,"filter":"raw"}],"product_brand":[],"product_cat":[5409,5430,5428,3859],"product_tag":[],"class_list":{"0":"post-59461","1":"product","2":"type-product","3":"status-publish","4":"has-post-thumbnail","6":"brand-med-chem-labs-de","7":"product_cat-dojencki-in-otroci-de","8":"product_cat-erkaltungen","9":"product_cat-korperpflege","10":"product_cat-sonstiges","12":"first","13":"outofstock","14":"taxable","15":"shipping-taxable","16":"purchasable","17":"product-type-simple"},"_links":{"self":[{"href":"https:\/\/fmed.eu\/de\/wp-json\/wp\/v2\/product\/59461","targetHints":{"allow":["GET"]}}],"collection":[{"href":"https:\/\/fmed.eu\/de\/wp-json\/wp\/v2\/product"}],"about":[{"href":"https:\/\/fmed.eu\/de\/wp-json\/wp\/v2\/types\/product"}],"replies":[{"embeddable":true,"href":"https:\/\/fmed.eu\/de\/wp-json\/wp\/v2\/comments?post=59461"}],"version-history":[{"count":0,"href":"https:\/\/fmed.eu\/de\/wp-json\/wp\/v2\/product\/59461\/revisions"}],"wp:featuredmedia":[{"embeddable":true,"href":"https:\/\/fmed.eu\/de\/wp-json\/wp\/v2\/media\/55044"}],"wp:attachment":[{"href":"https:\/\/fmed.eu\/de\/wp-json\/wp\/v2\/media?parent=59461"}],"wp:term":[{"taxonomy":"brand","embeddable":true,"href":"https:\/\/fmed.eu\/de\/wp-json\/wp\/v2\/etheme_brands?post=59461"},{"taxonomy":"product_brand","embeddable":true,"href":"https:\/\/fmed.eu\/de\/wp-json\/wp\/v2\/product_brand?post=59461"},{"taxonomy":"product_cat","embeddable":true,"href":"https:\/\/fmed.eu\/de\/wp-json\/wp\/v2\/product_cat?post=59461"},{"taxonomy":"product_tag","embeddable":true,"href":"https:\/\/fmed.eu\/de\/wp-json\/wp\/v2\/product_tag?post=59461"}],"curies":[{"name":"wp","href":"https:\/\/api.w.org\/{rel}","templated":true}]}}