{"id":59465,"date":"2019-12-31T09:20:28","date_gmt":"2019-12-31T09:20:28","guid":{"rendered":"https:\/\/fmed.eu\/product\/l-glutamin-darm-leaky-gut\/"},"modified":"2026-01-26T16:55:09","modified_gmt":"2026-01-26T14:55:09","slug":"l-glutamin-darm-leaky-gut","status":"publish","type":"product","link":"https:\/\/fmed.eu\/de\/produkt\/l-glutamin-darm-leaky-gut\/","title":{"rendered":"L-Glutamin"},"content":{"rendered":"<h2>Klaire Labs L-Glutaminpulver &#8211; 351 g<\/h2>\n<p>Glutamin ist die am h\u00e4ufigsten vorkommende Aminos\u00e4ure im menschlichen K\u00f6rper. Es hilft, andere wichtige Aminos\u00e4uren, Glukose, Proteine und das Hauptantioxidans Glutathion zu bilden. Es kann teilweise in den Muskeln gespeichert werden und ist eine wichtige Energiequelle f\u00fcr D\u00fcnndarmzellen, Fibroblasten und das Immunsystem. Diese spezifischen Zellen verwenden es sogar anstelle von Glukose.<\/p>\n<h2>Glutamin ist wichtig f\u00fcr die Darmgesundheit<\/h2>\n<p>Glutamin-Supplementation unterst\u00fctzt die Darmgesundheit und deren Heilung. Es f\u00f6rdert die Erneuerung der Zellen der Darmbarriere und erh\u00f6ht somit die Integrit\u00e4t der Darmwand, was eine geringere Wahrscheinlichkeit f\u00fcr einen undichten Darm (leaky gut) bedeutet und somit ein besseres Immunsystem.<\/p>\n<p>Es wird von \u00c4rzten insbesondere bei schweren Traumata empfohlen<strong> schwere Verbrennungen und gr\u00f6\u00dfere Operationen<\/strong> (speziell am Darm).<\/p>\n<h2>Glutamin und das Immunsystem<\/h2>\n<p>Glutamin ist auch ein wichtiges Energiesubstrat f\u00fcr Zellen im Immunsystem (Leukozyten oder wei\u00dfe Blutk\u00f6rperchen). Glutamin tr\u00e4gt zum Wachstum und zur Reproduktion von Zellen des Immunsystems bei.<\/p>\n<p>In Kombination mit seiner positiven Wirkung auf Leaky gut eignet es sich hervorragend zur Verbesserung der Immunfunktion und zur Vorbeugung verschiedener Autoimmunerkrankungen.<\/p>\n<h3>Glutaminmangel und wirksame Dosen<\/h3>\n<p>Obwohl Glutamin keine essentielle Aminos\u00e4ure ist, ist es bedingt essentiell, da es im K\u00f6rper fehlen kann. Dies ist besonders h\u00e4ufig bei Veganern und Vegetariern der Fall, die wenig Milchprodukte konsumieren. Auch Ausdauersportler sind meistens befallen. Bei solchen Personen wird ein Glutaminersatz besonders empfohlen und ist wirksam.<\/p>\n<p>Glutaminmangel tritt h\u00e4ufig bei Opfern von Verbrennungen und Traumata des Darms sowie anderen Sch\u00e4den am Muskelgewebe auf.<\/p>\n<p>10 g Glutamin k\u00f6nnen Ihrem Verlangen nach S\u00fc\u00dfigkeiten entgegenwirken.<\/p>\n<p>Glutamin hilft Ammoniak im Blut zu senken (das der K\u00f6rper in Harns\u00e4ure umwandelt). Die niedrigste Dosis, die Ammoniak im Blut reduzieren kann, betr\u00e4gt 0,75 g \/ kg K\u00f6rpergewicht.<\/p>\n<p>Die Mindestdosis zur Behandlung des Darms betr\u00e4gt 2x 15 g t\u00e4glich auf leeren Magen.<\/p>\n<p>&nbsp;<\/p>\n<p>Klaire Labs Glutamin ist hypoallergen und wird auf eine Weise hergestellt, die keine: Milch \/ Kasein, Eier, Fisch, Schalentiere, N\u00fcsse, Erdn\u00fcsse, Weizen, Gluten, Soja, Mais und Hefe enth\u00e4lt. Es enth\u00e4lt keine k\u00fcnstlichen Farbstoffe, Aromen oder Konservierungsstoffe. Enth\u00e4lt keine GVO. Geeignet f\u00fcr Veganer.<\/p>\n","protected":false},"excerpt":{"rendered":"<p>Eine Aminos\u00e4ure zur Darmreparatur und ein starkes Immunsystem.<\/p>\n","protected":false},"featured_media":58653,"comment_status":"open","ping_status":"closed","template":"","meta":[],"etheme_brands":[{"term_id":4734,"name":"Klaire Labs","slug":"klaire-labs-de","term_group":0,"term_taxonomy_id":4734,"taxonomy":"brand","description":"Klaire Labs is a leading company in the field of probiotics and enzymes. With its products, it focuses primarily on the gut problems. It was established in 1969 with the aim of providing products for people who have problems with food allergies and are sensitive to environmental factors. In 2004 the brand was bought by ProThera.","parent":0,"count":3,"filter":"raw"}],"product_brand":[],"product_cat":[3862,3851,5430,3853,3860],"product_tag":[6334,6272,6333,6336,6335],"class_list":{"0":"post-59465","1":"product","2":"type-product","3":"status-publish","4":"has-post-thumbnail","6":"brand-klaire-labs-de","7":"product_cat-entgiftung-und-leber","8":"product_cat-entzundungen-autoimmunerkrankungen","9":"product_cat-erkaltungen","10":"product_cat-immunsystem","11":"product_cat-verdauung-magen-darm","12":"product_tag-avotoxin-erkrankungen","13":"product_tag-immunsystem-de","14":"product_tag-undichter-darm-de","15":"product_tag-undichter-darm-de-2","16":"product_tag-verbrennungen-de","18":"first","19":"instock","20":"taxable","21":"shipping-taxable","22":"purchasable","23":"product-type-simple"},"_links":{"self":[{"href":"https:\/\/fmed.eu\/de\/wp-json\/wp\/v2\/product\/59465","targetHints":{"allow":["GET"]}}],"collection":[{"href":"https:\/\/fmed.eu\/de\/wp-json\/wp\/v2\/product"}],"about":[{"href":"https:\/\/fmed.eu\/de\/wp-json\/wp\/v2\/types\/product"}],"replies":[{"embeddable":true,"href":"https:\/\/fmed.eu\/de\/wp-json\/wp\/v2\/comments?post=59465"}],"version-history":[{"count":0,"href":"https:\/\/fmed.eu\/de\/wp-json\/wp\/v2\/product\/59465\/revisions"}],"wp:featuredmedia":[{"embeddable":true,"href":"https:\/\/fmed.eu\/de\/wp-json\/wp\/v2\/media\/58653"}],"wp:attachment":[{"href":"https:\/\/fmed.eu\/de\/wp-json\/wp\/v2\/media?parent=59465"}],"wp:term":[{"taxonomy":"brand","embeddable":true,"href":"https:\/\/fmed.eu\/de\/wp-json\/wp\/v2\/etheme_brands?post=59465"},{"taxonomy":"product_brand","embeddable":true,"href":"https:\/\/fmed.eu\/de\/wp-json\/wp\/v2\/product_brand?post=59465"},{"taxonomy":"product_cat","embeddable":true,"href":"https:\/\/fmed.eu\/de\/wp-json\/wp\/v2\/product_cat?post=59465"},{"taxonomy":"product_tag","embeddable":true,"href":"https:\/\/fmed.eu\/de\/wp-json\/wp\/v2\/product_tag?post=59465"}],"curies":[{"name":"wp","href":"https:\/\/api.w.org\/{rel}","templated":true}]}}