{"id":59471,"date":"2019-12-09T15:34:11","date_gmt":"2019-12-09T15:34:11","guid":{"rendered":"https:\/\/fmed.eu\/product\/gaba-calm-entspannen-schlafen\/"},"modified":"2025-04-17T17:51:21","modified_gmt":"2025-04-17T15:51:21","slug":"gaba-calm-entspannen-schlafen","status":"publish","type":"product","link":"https:\/\/fmed.eu\/de\/produkt\/gaba-calm-entspannen-schlafen\/","title":{"rendered":"GABA Calm"},"content":{"rendered":"<h2>Source Naturals GABA Calm &#8211; 120 Pastillen mit Orangengeschmack<\/h2>\n<p>Source Naturals GABA calm ist eine Kombination aus zwei &#8220;hemmenden&#8221; Neurotransmittern:<\/p>\n<ul>\n<li>Gamma-Aminobutters\u00e4uren (GABA) und<\/li>\n<li>Glycin.<\/li>\n<\/ul>\n<p>Diese Neurotransmitter hemmen den unkontrollierten Gedankenfluss und beruhigen Sie. Sie sind besonders hilfreich, wenn Sie m\u00fcde sind und gleichzeitig Ihre Gedanken nicht kontrollieren k\u00f6nnen (tired &amp; wired), sodass Sie sich nicht beruhigen, ausruhen oder einschlafen k\u00f6nnen.<\/p>\n<p>Auf dem GABA-System zum Beispiel wirken Beruhigungsmittel, aber GABA-calm verwaltet dieses System auf nat\u00fcrliche Weise, sodass Ihr K\u00f6rper im Gleichgewicht bleibt. Deshalb werden Sie von GABA Calm nicht m\u00fcde und k\u00f6nnen auch Ihr Fahrzeug normal bedienen. GABA calm wird Sie beruhigen und Ihnen helfen, sich auf einen Gedanken anstatt auf 1000 zu konzentrieren.<\/p>\n<h2>F\u00fcr wen ist GABA Calm geeignet?<\/h2>\n<p>Sie k\u00f6nnen GABA calm verwenden, wenn:<\/p>\n<ul>\n<li>Sie Probleme abends einzuschlafen haben, weil Ihre Gedanken unm\u00f6glich zu kontrollieren sind.<\/li>\n<li>Sie k\u00f6nnen es verwenden, wenn Sie studieren und sich auf eine Sache fokussieren m\u00fcssen.<\/li>\n<li>Es eignet sich auch zur Bek\u00e4mpfung von Stress, insbesondere wenn Sie unter starker Belastung stehen (Projektarbeit, Probleme zu Hause\u2026).<\/li>\n<\/ul>\n<h3>Glycin<\/h3>\n<p>Glycin spielt eine Reihe von Rollen im K\u00f6rper und hilft zwar bei der Beruhigung, wirkt sich aber auch sehr positiv auf die Leber- und Gallenfluss aus.<\/p>\n<h3>Taurin<\/h3>\n<p>Taurin ist eine Aminos\u00e4ure, die die Wirkung von GABA verst\u00e4rkt und bei all ihrer Wirkungen hilft.<\/p>\n<h3>Tyrosin<\/h3>\n<p>Tyrosin ist ein Vorl\u00e4ufer der Neurotransmitter Dopamin und Noradrenalin, die Ihnen mehr Energie und Motivation geben und es Ihnen erm\u00f6glichen, sich auf Ihre aktuelle Arbeit zu konzentrieren.<\/p>\n<p>&nbsp;<\/p>\n<p>GABA calm ist eine geschmackvolle Pastille mit Orangengeschmack. Die Lutschtabletten l\u00f6sen sich im Mund auf und erm\u00f6glichen eine schnelle Aufnahme in die Zellen, ohne das Verdauungssystem und die Leber zus\u00e4tzlich zu belasten.<\/p>\n<p>&nbsp;<\/p>\n","protected":false},"excerpt":{"rendered":"<p>GABA Calm beruhigt Sie, wenn Ihre Gedanken verdrahtet sind, und hilft Ihnen, sich zu konzentrieren und zu schlafen.<\/p>\n","protected":false},"featured_media":57068,"comment_status":"open","ping_status":"closed","template":"","meta":[],"etheme_brands":[{"term_id":4760,"name":"Source Naturals","slug":"source-naturals-de","term_group":0,"term_taxonomy_id":4760,"taxonomy":"brand","description":"Source Naturals ist seit 1982 auf dem Weltmarkt pr\u00e4sent. Sein Direktor Ira Goldberg versucht, das Hauptziel zu verfolgen: das Potenzial jedes Einzelnen zu unterst\u00fctzen, um sich einer optimalen Gesundheit zu erfreuen. In jenen fr\u00fchen Tagen war die Idee, viele N\u00e4hrstoffe, Kr\u00e4uter und pharmazeutische Erg\u00e4nzungsmittel zu kombinieren, eine echte Seltenheit. Heute kann das Unternehmen viele preisgekr\u00f6nte Formeln verweisen, die f\u00fcr ihre herausragenden Leistungen anerkannt und bekannt sind. Dies wird auch durch unabh\u00e4ngige Forschung und Ern\u00e4hrungsanalysen unterst\u00fctzt.","parent":0,"count":7,"filter":"raw"}],"product_brand":[],"product_cat":[3857,3867,3865],"product_tag":[],"class_list":{"0":"post-59471","1":"product","2":"type-product","3":"status-publish","4":"has-post-thumbnail","6":"brand-source-naturals-de","7":"product_cat-gedachtnis-und-gehirngesundheit","8":"product_cat-schlaf-schlaflosigkeit","9":"product_cat-stressmanagement","11":"first","12":"outofstock","13":"taxable","14":"shipping-taxable","15":"purchasable","16":"product-type-simple"},"_links":{"self":[{"href":"https:\/\/fmed.eu\/de\/wp-json\/wp\/v2\/product\/59471","targetHints":{"allow":["GET"]}}],"collection":[{"href":"https:\/\/fmed.eu\/de\/wp-json\/wp\/v2\/product"}],"about":[{"href":"https:\/\/fmed.eu\/de\/wp-json\/wp\/v2\/types\/product"}],"replies":[{"embeddable":true,"href":"https:\/\/fmed.eu\/de\/wp-json\/wp\/v2\/comments?post=59471"}],"version-history":[{"count":0,"href":"https:\/\/fmed.eu\/de\/wp-json\/wp\/v2\/product\/59471\/revisions"}],"wp:featuredmedia":[{"embeddable":true,"href":"https:\/\/fmed.eu\/de\/wp-json\/wp\/v2\/media\/57068"}],"wp:attachment":[{"href":"https:\/\/fmed.eu\/de\/wp-json\/wp\/v2\/media?parent=59471"}],"wp:term":[{"taxonomy":"brand","embeddable":true,"href":"https:\/\/fmed.eu\/de\/wp-json\/wp\/v2\/etheme_brands?post=59471"},{"taxonomy":"product_brand","embeddable":true,"href":"https:\/\/fmed.eu\/de\/wp-json\/wp\/v2\/product_brand?post=59471"},{"taxonomy":"product_cat","embeddable":true,"href":"https:\/\/fmed.eu\/de\/wp-json\/wp\/v2\/product_cat?post=59471"},{"taxonomy":"product_tag","embeddable":true,"href":"https:\/\/fmed.eu\/de\/wp-json\/wp\/v2\/product_tag?post=59471"}],"curies":[{"name":"wp","href":"https:\/\/api.w.org\/{rel}","templated":true}]}}