{"id":59477,"date":"2019-09-17T08:08:14","date_gmt":"2019-09-17T06:08:14","guid":{"rendered":"https:\/\/fmed.eu\/product\/mastica-mastix-kaugummi-sodbrennen-reflux\/"},"modified":"2025-03-04T11:58:20","modified_gmt":"2025-03-04T11:58:20","slug":"mastica-mastix-kaugummi-sodbrennen-reflux","status":"publish","type":"product","link":"https:\/\/fmed.eu\/de\/produkt\/mastica-mastix-kaugummi-sodbrennen-reflux\/","title":{"rendered":"Mastix (Mastic gum) 120 Kapseln"},"content":{"rendered":"<h2>NutriCology Mastic gum (Mastix) 120 Kapseln<\/h2>\n<p>Mastix ist das Harz des immergr\u00fcnen Mastixbaums (Pistacia lentiscus), der an den Mittelmeerk\u00fcsten Frankreichs, Italiens, Spaniens, Griechenlands, der T\u00fcrkei und der n\u00f6rdlichen Arfica verbreitet ist. Es wird haupts\u00e4chlich auf der griechischen Insel Kos angebaut, um dieses aromatische Harz herzustellen, das ab dem antiken Griechenland f\u00fcr medizinische Zwecke verwendet wird.<\/p>\n<p>F\u00fcr medizinische Zwecke ist das \u00d6l im Harz am n\u00fctzlichsten. Der griechische Arzt Pedanius Dioscorides erw\u00e4hnt es bereits in seinem Buch De Materia Medica und es wurde auch bei Hippokrates und Galenius verwendet. Dieses \u00d6l ist auch in den NutriCology Mastic Gum Extrakt Kapseln enthalten.<\/p>\n<p>Mastix wird f\u00fcr die Magengesundheit verwendet, insbesondere bei Problemen mit Reflux und Sodbrennen. Es hat antibakterielle Eigenschaften und wird verwendet, um Helicobacter Pilory-Infektionen zu beseitigen. Derzeit laufen mehrere medizinische Studien, um die Wirksamkeit und den m\u00f6glichen Einsatz in der Medizin zu best\u00e4tigen.<\/p>\n<p>Mastix ist eine sehr sichere Erg\u00e4nzung, da er seit mindestens 2500 Jahren regelm\u00e4\u00dfig verwendet wird. Es war immer hoch angesehen, und im Osmanischen Reich wahr es sein Gewicht in Gold wert.<\/p>\n<p>Hippokrates empfahl es zur Behandlung von Verdauungsproblemen, Erk\u00e4ltungen und als Atemerfrischer.<\/p>\n<p>&nbsp;<\/p>\n","protected":false},"excerpt":{"rendered":"<p>Mastica oder Mastix gegen Reflux, Sodbrennen und H. Pillory.<\/p>\n","protected":false},"featured_media":55978,"comment_status":"open","ping_status":"closed","template":"","meta":[],"etheme_brands":[{"term_id":4762,"name":"NutriCology","slug":"nutricology-de","term_group":0,"term_taxonomy_id":4762,"taxonomy":"brand","description":"Die Marke NutriCology ist seit \u00fcber 35 Jahren auf dem Weltmarkt. Es ist in erster Linie f\u00fcr seine Qualit\u00e4t und f\u00fcr die Einf\u00fchrung von hypoallergenen Produkten (dh solchen mit reduzierter F\u00e4higkeit, allergische Reaktionen hervorzurufen) als erstes Produkt auf dem Markt bekannt. Das Unternehmen betont, dass sie ausschlie\u00dflich die reinsten Rohstoffe f\u00fcr ihre Produkte verwenden. Besonderes Augenmerk wird auf die Qualit\u00e4tskontrolle jedes einzelnen Schritts des Produktionsprozesses gelegt - von der Inspektion der Rohstoffe bis zur Herstellung des Produkts, der Verpackung und der Lagerung.","parent":0,"count":1,"filter":"raw"}],"product_brand":[],"product_cat":[3849,3856,3858,3853,3863,3860],"product_tag":[],"class_list":{"0":"post-59477","1":"product","2":"type-product","3":"status-publish","4":"has-post-thumbnail","6":"brand-nutricology-de","7":"product_cat-antioxidantien","8":"product_cat-entzundung-knochen-und-gelenke","9":"product_cat-herz-kreislauf-unterstutzung","10":"product_cat-immunsystem","11":"product_cat-krauter-extrakte-und-tinkturen","12":"product_cat-verdauung-magen-darm","14":"first","15":"outofstock","16":"taxable","17":"shipping-taxable","18":"purchasable","19":"product-type-simple"},"_links":{"self":[{"href":"https:\/\/fmed.eu\/de\/wp-json\/wp\/v2\/product\/59477","targetHints":{"allow":["GET"]}}],"collection":[{"href":"https:\/\/fmed.eu\/de\/wp-json\/wp\/v2\/product"}],"about":[{"href":"https:\/\/fmed.eu\/de\/wp-json\/wp\/v2\/types\/product"}],"replies":[{"embeddable":true,"href":"https:\/\/fmed.eu\/de\/wp-json\/wp\/v2\/comments?post=59477"}],"version-history":[{"count":0,"href":"https:\/\/fmed.eu\/de\/wp-json\/wp\/v2\/product\/59477\/revisions"}],"wp:featuredmedia":[{"embeddable":true,"href":"https:\/\/fmed.eu\/de\/wp-json\/wp\/v2\/media\/55978"}],"wp:attachment":[{"href":"https:\/\/fmed.eu\/de\/wp-json\/wp\/v2\/media?parent=59477"}],"wp:term":[{"taxonomy":"brand","embeddable":true,"href":"https:\/\/fmed.eu\/de\/wp-json\/wp\/v2\/etheme_brands?post=59477"},{"taxonomy":"product_brand","embeddable":true,"href":"https:\/\/fmed.eu\/de\/wp-json\/wp\/v2\/product_brand?post=59477"},{"taxonomy":"product_cat","embeddable":true,"href":"https:\/\/fmed.eu\/de\/wp-json\/wp\/v2\/product_cat?post=59477"},{"taxonomy":"product_tag","embeddable":true,"href":"https:\/\/fmed.eu\/de\/wp-json\/wp\/v2\/product_tag?post=59477"}],"curies":[{"name":"wp","href":"https:\/\/api.w.org\/{rel}","templated":true}]}}