{"id":59489,"date":"2019-05-28T17:10:13","date_gmt":"2019-05-28T15:10:13","guid":{"rendered":"https:\/\/fmed.eu\/product\/verdauungsenzyme-pankreatin-10x\/"},"modified":"2025-03-04T11:58:25","modified_gmt":"2025-03-04T11:58:25","slug":"verdauungsenzyme-pankreatin-10x","status":"publish","type":"product","link":"https:\/\/fmed.eu\/de\/produkt\/verdauungsenzyme-pankreatin-10x\/","title":{"rendered":"NOW Verdauungsenzyme (NOW Pancreatin 10x)"},"content":{"rendered":"<h2>Source Naturals Pancreatin 10x (Verdauungsenzyme)<\/h2>\n<p>Pankreatin 8x enth\u00e4lt einen Verdauungsenzymkomplex, der unseren eigenen Enzymen am \u00e4hnlichsten ist. Pflanzenenzyme sind nicht die gleichen wie die, die Menschen produzieren und brauchen, und haben daher nicht gleiche Wirksamkeit. Enzyme m\u00fcssen f\u00fcr die Art des Verdauungssystems geeignet sein und nicht so sehr der Nahrung \u00e4hneln, die wir essen.<\/p>\n<p>Es ist bekannt, dass im Laufe der Jahre die Aktivit\u00e4t der inneren Sekretdr\u00fcsen abnimmt, was zu einer Vielzahl von M\u00e4ngel f\u00fchren kann. Die inneren Dr\u00fcsen scheiden auch Verdauungsenzyme (Bauchspeicheldr\u00fcse) aus.<\/p>\n<p>Schlecht verdaute Lebensmittel k\u00f6nnen eine Menge Unannehmlichkeiten sowie schwerwiegende gesundheitliche Probleme verursachen.<\/p>\n<p>Jede Kapsel Pancreatin 10x versorgt den Darm mit 10x Lipase, Protease und Amylase und unterst\u00fctzt die Nahrungsverdauung.<\/p>\n<h3>Was sind Verdauungsenzyme?<\/h3>\n<p>Verdauungsenzyme sind \u00fcbliche Enzyme, die die Makromolek\u00fcle in kleinere St\u00fccke zerlegen und so dazu beitragen, sie zu absorbieren. Sie befinden sich im Verdauungstrakt von Tieren (einschlie\u00dflich Menschen). Einige Verdauungsenzyme sind auch im Speichel enthalten.<\/p>\n<p>Drei Haupttypen von Enzymen sind bekannt:<\/p>\n<ul>\n<li>Proteasen und Peptidasen, die Proteine in kleinere Peptide trennen und in einzelne Aminos\u00e4uren zerlegen<\/li>\n<li>Lipasen, die das Fett in drei Fetts\u00e4uren und Glycerin trennen,<\/li>\n<li>Amylasen, die komplexe Kohlenhydrate (z. B. St\u00e4rke) zu Zuckern trennen.<\/li>\n<\/ul>\n<p>&nbsp;<\/p>\n","protected":false},"excerpt":{"rendered":"<p>Eine Reihe von Enzymen f\u00fcr eine bessere Verdauung von Fett, Protein und St\u00e4rke.<\/p>\n","protected":false},"featured_media":58256,"comment_status":"open","ping_status":"closed","template":"","meta":[],"etheme_brands":[{"term_id":4748,"name":"Now Foods","slug":"now-foods-de","term_group":0,"term_taxonomy_id":4748,"taxonomy":"brand","description":"Now Foods ist ein Familienunternehmen, das 1968 gegr\u00fcndet wurde. Das Unternehmen schw\u00f6rt auf nat\u00fcrliche und biologische Produkte und verleiht den Mitarbeitern und der Marke selbst zahlreiche Auszeichnungen und Anerkennungen. Das Hauptmotto des Unternehmens ist die Herstellung hochwertiger Produkte, die f\u00fcr Kunden erschwinglich sind.","parent":0,"count":6,"filter":"raw"}],"product_brand":[],"product_cat":[3859,3860],"product_tag":[],"class_list":{"0":"post-59489","1":"product","2":"type-product","3":"status-publish","4":"has-post-thumbnail","6":"brand-now-foods-de","7":"product_cat-sonstiges","8":"product_cat-verdauung-magen-darm","10":"first","11":"instock","12":"taxable","13":"shipping-taxable","14":"purchasable","15":"product-type-simple"},"_links":{"self":[{"href":"https:\/\/fmed.eu\/de\/wp-json\/wp\/v2\/product\/59489","targetHints":{"allow":["GET"]}}],"collection":[{"href":"https:\/\/fmed.eu\/de\/wp-json\/wp\/v2\/product"}],"about":[{"href":"https:\/\/fmed.eu\/de\/wp-json\/wp\/v2\/types\/product"}],"replies":[{"embeddable":true,"href":"https:\/\/fmed.eu\/de\/wp-json\/wp\/v2\/comments?post=59489"}],"version-history":[{"count":0,"href":"https:\/\/fmed.eu\/de\/wp-json\/wp\/v2\/product\/59489\/revisions"}],"wp:featuredmedia":[{"embeddable":true,"href":"https:\/\/fmed.eu\/de\/wp-json\/wp\/v2\/media\/58256"}],"wp:attachment":[{"href":"https:\/\/fmed.eu\/de\/wp-json\/wp\/v2\/media?parent=59489"}],"wp:term":[{"taxonomy":"brand","embeddable":true,"href":"https:\/\/fmed.eu\/de\/wp-json\/wp\/v2\/etheme_brands?post=59489"},{"taxonomy":"product_brand","embeddable":true,"href":"https:\/\/fmed.eu\/de\/wp-json\/wp\/v2\/product_brand?post=59489"},{"taxonomy":"product_cat","embeddable":true,"href":"https:\/\/fmed.eu\/de\/wp-json\/wp\/v2\/product_cat?post=59489"},{"taxonomy":"product_tag","embeddable":true,"href":"https:\/\/fmed.eu\/de\/wp-json\/wp\/v2\/product_tag?post=59489"}],"curies":[{"name":"wp","href":"https:\/\/api.w.org\/{rel}","templated":true}]}}