{"id":59491,"date":"2019-02-28T21:11:47","date_gmt":"2019-02-28T19:11:47","guid":{"rendered":"https:\/\/fmed.eu\/product\/ziegen-molke-pulver\/"},"modified":"2025-10-29T11:36:49","modified_gmt":"2025-10-29T09:36:49","slug":"ziegen-molke-pulver","status":"publish","type":"product","link":"https:\/\/fmed.eu\/de\/produkt\/ziegen-molke-pulver\/","title":{"rendered":"Ziegenmolkeproteinpulver"},"content":{"rendered":"<h2>LSP Nutrition Ziegenmolke 600g<\/h2>\n<p>LSP<strong> Ziegenmolke<\/strong> ist ein \u00e4u\u00dferst hochwertiger Proteinersatz, der f\u00fcr Sportler, \u00e4ltere Menschen, Menschen mit geringer Absorption, Kinder und alle geeignet ist, die von Proteinzus\u00e4tzen mit essentiellen Aminos\u00e4uren profitieren k\u00f6nnen.<\/p>\n<h3>Warum LSP Ziegenmolke?<\/h3>\n<ul>\n<li>100% reine Ziegenmilch (reine Ziegenmolke) Premium-Qualit\u00e4t!<\/li>\n<li>Ziegenmilch von Gras gef\u00fctterten Ziegen<\/li>\n<li>Keine Hormone<\/li>\n<li>Sehr hoher Gehalt an verzweigtkettigen Aminos\u00e4uren (BCAA)<\/li>\n<li>Leicht verdaulich<\/li>\n<li>Gluten-frei<\/li>\n<li>Ohne den Homogenisierungsprozess<\/li>\n<li>Keine Emulgatoren<\/li>\n<\/ul>\n<p>Ziegenmolke ist von<strong> besserer Qualit\u00e4t als K\u00fchenmolke<\/strong> weil die milch besser ist. Ziegen sind nicht so stark der Lebensmittelindustrie ausgesetzt und werden in einer freundlicheren und nat\u00fcrlicheren Umgebung gehalten. Dies bedeutet auch mehr Qualit\u00e4tsmilch und nat\u00fcrlich mehr Qualit\u00e4tsmolke.<\/p>\n<p>LSP Goat Whey verwendet als Rohstoff<strong> nur Milch von grasenden Ziegen<\/strong> ohne hormonelle Zus\u00e4tze und ohne homogenisierende Milch und ohne Emulgatoren.<\/p>\n<p>Einige hielten Ziegenmilch sogar f\u00fcr eine Aminos\u00e4urezusammensetzung von h\u00f6herer Qualit\u00e4t, aber auf jeden Fall bietet sie alle <strong>9 essentielle Amino S\u00e4uren<\/strong> (essentielle Aminos\u00e4uren, die wir mit der Nahrung aufnehmen m\u00fcssen, weil der K\u00f6rper sie nicht selbst produzieren kann).<\/p>\n<p>Ziegenmilch (und damit auch Ziegenmolke) hat eine etwas andere Proteinstruktur als Kuhmilch, die oft f\u00fcr Menschen mit <strong> Milch Allergien oder Unvertr\u00e4glichkeiten gegen Kuhmilch<\/strong> geeignet ist. Ziegenmolke ist im Durchschnitt weniger allergen als Kuhmilch.<\/p>\n<p>Molke wird aus den Naturgebieten Griechenlands importiert.<\/p>\n<h3>Ziegenmolke Pulver gegen fl\u00fcssige Molke<\/h3>\n<p>Molke ist ein Nebenprodukt bei der Herstellung von K\u00e4se und liegt nat\u00fcrlich in fl\u00fcssiger Form vor. Das Problem dieser nat\u00fcrlichen Molke ist, dass sie viel mehr Zucker (<strong> Laktose<\/strong> ) als Eiwei\u00df enth\u00e4lt und das Trinken solcher Molke h\u00e4ufig Verdauungsst\u00f6rungen verursacht und den Blutzucker erheblich erh\u00f6ht.<\/p>\n<p>Das Molkepulver ist eine getrocknete fl\u00fcssige Molke (eingedampft), die dann durch verschiedene mechanische Prozesse (z. B. durch Mikrosiebe) filtriert wird, wodurch die Laktose entfernt wird. \u00fcbergeblieben sind<strong> nur reine Proteine.<\/strong> Diese sind von extrem hoher Qualit\u00e4t und enthalten alle essentiellen Aminos\u00e4uren und sind leicht verdaulich.<\/p>\n<p>In jeder Molke befindet sich auch ein Teil der Zellen der<strong> Immunsystem der Ziegen<\/strong> Das kann sowohl dem Darm als auch der Gesundheit des gesamten K\u00f6rpers zugute kommen.<\/p>\n<p>Molke beschleunigt nachweislich auch die Bildung von<strong> Glutathion<\/strong> , das st\u00e4rkste Antioxidans im menschlichen K\u00f6rper.<\/p>\n<p>1 Portion Proteingetr\u00e4nk enth\u00e4lt bis zu 24 g Protein (81%).<\/p>\n<h3>Wie schmeckt Ziegenmolke?<\/h3>\n<p>Ziegenmolke hat einen relativ milden Geschmack, ohne ausdrucksstarken Geschmack von Ziegenmilch. Ziegenmilch bekommt ihren spezifischen Geschmack nur, wenn sie bei warmen Temperaturen l\u00e4nger in der Luft ist, wo Fettzellen oxidieren und den ausgepr\u00e4gten Geschmack verursachen.<strong> In LSP-Ziegenmolke gibt es so etwas nicht.<\/strong><\/p>\n<p>Geneisen sie es komplett<strong> nat\u00fcrlich ohne Zusatzstoffe oder in Vanillegeschmack<\/strong> . Es ist ideal zum Hinzuf\u00fcgen zu Smoothies oder zum teilweisen Ersetzen von Mehl beim Backen, aber nat\u00fcrlich k\u00f6nnen Sie es auch als eigenst\u00e4ndiges Getr\u00e4nk genie\u00dfen.<\/p>\n<p>Die richtige Kombination eignet sich sowohl zum Fettabbau als auch zum Muskelaufbau.<\/p>\n<p>Wussten Sie, dass Molke h\u00e4ufig der Hauptbestandteil von S\u00e4uglingsanfangsnahrung ist? Genie\u00dfe Sie es ohne Angst,<strong> Wenn es gut f\u00fcr Babys ist, wird es Ihnen sicher nicht schaden<\/strong> .<\/p>\n<h3>LSP Ern\u00e4hrung<\/h3>\n<p>LSP ist ein deutsches Unternehmen, das sich mit der Erforschung und Herstellung von Nahrungserg\u00e4nzungsmitteln befasst, die haupts\u00e4chlich Sportlern gewidmet sind. Sie haben strenge Qualit\u00e4tsstandards und regelm\u00e4\u00dfige Kontrollen. Produkte werden immer als rein, einwandfrei und ohne sch\u00e4dliche oder verbotene Substanzen gepr\u00fcft.<\/p>\n<p>Ziegenmolke wird in Bonn hergestellt und der Rohstoff aus Griechenland importiert.<\/p>\n","protected":false},"excerpt":{"rendered":"<p>Top Proteinersatz &#8211; Ziegenmolke, aus der Milch griechischer Grasziegen.<\/p>\n","protected":false},"featured_media":58198,"comment_status":"open","ping_status":"closed","template":"","meta":[],"etheme_brands":[{"term_id":4759,"name":"LSP","slug":"lsp-de","term_group":0,"term_taxonomy_id":4759,"taxonomy":"brand","description":"LSP Nutrition stellt haupts\u00e4chlich die Ern\u00e4hrung f\u00fcr Sportler her. Es ist ein deutsches Unternehmen, das seit 1998 hochwertige Nahrungserg\u00e4nzungsmittel herstellt. Ihre Spezialit\u00e4t sind eine ausgezeichnete Ziegenmolke und Oat King Bars.","parent":0,"count":1,"filter":"raw"}],"product_brand":[],"product_cat":[3856,3853,3868,3815,3859,3860,3869],"product_tag":[6265],"class_list":{"0":"post-59491","1":"product","2":"type-product","3":"status-publish","4":"has-post-thumbnail","6":"brand-lsp-de","7":"product_cat-entzundung-knochen-und-gelenke","8":"product_cat-immunsystem","9":"product_cat-molke","10":"product_cat-protein","11":"product_cat-sonstiges","12":"product_cat-verdauung-magen-darm","13":"product_cat-verwaist","14":"product_tag-proteine","16":"first","17":"instock","18":"taxable","19":"shipping-taxable","20":"purchasable","21":"product-type-variable"},"_links":{"self":[{"href":"https:\/\/fmed.eu\/de\/wp-json\/wp\/v2\/product\/59491","targetHints":{"allow":["GET"]}}],"collection":[{"href":"https:\/\/fmed.eu\/de\/wp-json\/wp\/v2\/product"}],"about":[{"href":"https:\/\/fmed.eu\/de\/wp-json\/wp\/v2\/types\/product"}],"replies":[{"embeddable":true,"href":"https:\/\/fmed.eu\/de\/wp-json\/wp\/v2\/comments?post=59491"}],"version-history":[{"count":0,"href":"https:\/\/fmed.eu\/de\/wp-json\/wp\/v2\/product\/59491\/revisions"}],"wp:featuredmedia":[{"embeddable":true,"href":"https:\/\/fmed.eu\/de\/wp-json\/wp\/v2\/media\/58198"}],"wp:attachment":[{"href":"https:\/\/fmed.eu\/de\/wp-json\/wp\/v2\/media?parent=59491"}],"wp:term":[{"taxonomy":"brand","embeddable":true,"href":"https:\/\/fmed.eu\/de\/wp-json\/wp\/v2\/etheme_brands?post=59491"},{"taxonomy":"product_brand","embeddable":true,"href":"https:\/\/fmed.eu\/de\/wp-json\/wp\/v2\/product_brand?post=59491"},{"taxonomy":"product_cat","embeddable":true,"href":"https:\/\/fmed.eu\/de\/wp-json\/wp\/v2\/product_cat?post=59491"},{"taxonomy":"product_tag","embeddable":true,"href":"https:\/\/fmed.eu\/de\/wp-json\/wp\/v2\/product_tag?post=59491"}],"curies":[{"name":"wp","href":"https:\/\/api.w.org\/{rel}","templated":true}]}}