{"id":59724,"date":"2021-01-11T14:15:14","date_gmt":"2021-01-11T12:15:14","guid":{"rendered":"https:\/\/fmed.eu\/product\/life-extension-mix-multivitamin-kopija\/"},"modified":"2025-03-04T11:58:25","modified_gmt":"2025-03-04T11:58:25","slug":"life-extension-mix-multivitamin-kopija","status":"publish","type":"product","link":"https:\/\/fmed.eu\/de\/produkt\/life-extension-mix-multivitamin-kopija\/","title":{"rendered":"Life Extension MIX \u2122 (Multivitamin)"},"content":{"rendered":"<h2>Life Extension MIX &#8211; Multivitamine ohne Eisen<\/h2>\n<p>Mix ist die umfassendste Multivitaminformel des weltbekannten Herstellers Life Extension, die f\u00fcr ihre Qualit\u00e4t und Wirksamkeit bekannt ist. F\u00fcr ihre MIX-Formel verwendeten sie nur die besten Zutaten, die tats\u00e4chlich funktionieren. Die Mengen an einzelnen Vitaminen und Mineralstoffen sind so konzipiert, dass sie synergetisch wirken und vor allem gen\u00fcgend einzelne Vitamine enthalten, um die gew\u00fcnschten Wirkungen im K\u00f6rper zu stimulieren. Es handelt sich um eine \u00fcberdurchschnittliche Multivitamin-Mineral-Formel, bei der gute Aufnahme der Inhaltsstoffe und ihre Wirksamkeit im K\u00f6rper im Vordergrund stehen.<\/p>\n<h3>Multi Eisenfrei<\/h3>\n<p>Life Extension Mix Multi Vitamin enth\u00e4lt kein Eisen und das ist kein Fehler. Es gibt viele Kontroversen \u00fcber das Hinzuf\u00fcgen von Eisen, weil zu viel Eisen noch sch\u00e4dlicher als zu wenig Eisen. Rund 20% (haupts\u00e4chlich M\u00e4nner) haben mit \u00fcbersch\u00fcssigen Eisenspeichern im K\u00f6rper zu k\u00e4mpfen, die oxidativen Stress und Lebersch\u00e4den verursachen. Einige haben sogar eine Krankheit namens<a href=\"https:\/\/www.labtests.eu\/sl\/hemokromatoza-prevec-zeleza-v-telesu\/\" target=\"_blank\" rel=\"noopener noreferrer\"> H\u00e4mochromatose<\/a> .<\/p>\n<p>Deshalb finden Sie in den meisten hochwertigen Multis kein Eisen. F\u00fcgen Sie Eisen nur hinzu, wenn Sie einen bekannten Mangel haben. In diesem Fall empfehlen wir Erg\u00e4nzungen in Form von organischem Eisen wie<a href=\"\/?p=11473\"> IronSorb<\/a> .<\/p>\n<h3>Warum Mineralien und Vitamine hinzuf\u00fcgen?<\/h3>\n<p>Das Hinzuf\u00fcgen von Vitaminen und Mineralstoffen ist heute, in der Zeit der Lebensmittel \u00dcberverarbeitung, nahezu essentiell anzusehen. Life Extension MIX Multivitamin-Tabletten sind eine komplexe, aber schonende Vitaminen und Mineralstoff Formel mit speziellen Inhaltsstoffen, die f\u00fcr eine optimale Absorption und schnelle Freisetzung von Mikron\u00e4hrstoffen sorgen. Unsere heute Ern\u00e4hrung enth\u00e4lt viel weniger N\u00e4hrstoffe als vor 50, 100 oder mehr Jahren. Das meiste, was wir in Superm\u00e4rkten kaufen k\u00f6nnen, wird in Gew\u00e4chsh\u00e4usern angebaut und sieht erst dann die Sonne, wenn wir es aus dem Laden nehmen. Es wird unreif geerntet und reist \u00fcber Ozeane, um zu uns zu gelangen. Wenn wir unseren K\u00f6rper mit allen notwendigen Vitaminen und Mineralstoffen versorgen wollen, m\u00fcssen wir sie in Form verschiedener Nahrungserg\u00e4nzungsmittel hinzuf\u00fcgen. <strong>Das Life Extension MIX Multi Vitamin ist definitiv eine der besten Optionen auf dem Markt.<\/strong><\/p>\n<p>Life Extension Mix bietet ein umfassendes Sortiment an N\u00e4hrstoffen. Die Zusammensetzung wurde professionell entworfen und basiert auf umfangreichen Studien, die die Wirksamkeit der einzelnen Inhaltsstoffe und ihrer Kombinationen belegen.<\/p>\n<p>Zus\u00e4tzlich zu allen Standardvitaminen wie Vitamin C, B-Komplex, Vitamin A, E und anderen, enth\u00e4lt Life Extension Mix viele Extrakte aus Obst und Gem\u00fcse, die verschiedene N\u00e4hrstoffe in einer \u00e4hnlichen Zusammensetzung wie in der Natur enthalten.<\/p>\n<h3>Bioaktives Quercetin-Phytosom<\/h3>\n<p>Life Extension Mix enth\u00e4lt 5 mg Quercetin. Quercetin f\u00f6rdert eine gesunde Immunfunktion und unterst\u00fctzt die kardiovaskul\u00e4re und endotheliale Gesundheit. Es hilft auch, oxidative und entz\u00fcndliche Faktoren zu hemmen, um die Gesundheit des Immunsystems zu unterst\u00fctzen.<\/p>\n<h3>Delphinidini<\/h3>\n<p>Die in dunkelroten Fr\u00fcchten enthaltenen Delfinidine sind wirksame Zusammensetzungen, die die Stickoxidproduktion aktivieren und die Endothelgesundheit unterst\u00fctzen, die Gef\u00e4\u00dfentspannung f\u00f6rdern und zur Aufrechterhaltung eines gesunden Blutdrucks beitragen. Anthocyane k\u00f6nnen auch dazu beitragen, Entz\u00fcndungsfaktoren und Glykation zu unterdr\u00fccken, wodurch die Gesundheit des Immunsystems unterst\u00fctzt wird, die DNA-Struktur gesch\u00fctzt und ein gesunder Blutzuckerspiegel aufrechterhalten wird.<\/p>\n<h3>Pyridoxal-5-phosphat<\/h3>\n<p>Glykation ist ein normaler Teil des Alterungsprozesses, der Ihre Gesundheit beeintr\u00e4chtigen kann. Life Extension Mix enth\u00e4lt 100 mg Pyridoxal-5-phosphat, ein metabolisch aktives B6, von dem gezeigt wurde, dass es Glykationsreaktionen hemmt (Glykation ist die Kopplung von K\u00f6rperzellen mit Glucose, die Zellen zerst\u00f6rt).<\/p>\n<h3>Standardisierter Granatapfelextrakt<\/h3>\n<p>Granatapfelextrakt ist standardisiert, was bedeutet, dass er eine \u00fcberpr\u00fcfte Menge an Wirkstoffen (Punicalagine) enth\u00e4lt, die f\u00fcr diese Frucht spezifisch sind. Diese starken Polyphenole haben eine Vielzahl von gesundheitlichen Vorteilen:<\/p>\n<ul>\n<li>helfen, den Blutdruck innerhalb normaler Grenzen zu halten,<\/li>\n<li>Endothelgesundheit f\u00f6rdern,<\/li>\n<li>oxidativen Stress unterdr\u00fccken,<\/li>\n<li>die vielen positiven Eigenschaften einer gro\u00dfen Anzahl von Markern f\u00fcr Herz-Kreislauf-Best\u00e4nde und die Gesundheit von Fl\u00fcssigkeiten positiv beeinflussen;<\/li>\n<li>Marker f\u00fcr die metabolische und kardiovaskul\u00e4re Gesundheit unterst\u00fctzen und f\u00f6rdern eine normale und gesunde Entz\u00fcndungsreaktion des Immunsystems.<\/li>\n<\/ul>\n<h3>Blaubeerextrakte<\/h3>\n<p>Life Extension Mix enth\u00e4lt Wildblaubeerextrakt und seine Wirkstoffe. Blaubeer-Anthocyane helfen, freie Radikale zu hemmen, w\u00e4hrend andere Wirkstoffe von Blaubeeren einen gesunden Blutfett- und Blutzuckerspiegel f\u00f6rdern. Diese Heidelbeer-Inhaltsstoffe k\u00f6nnen zum Schutz der DNA-Struktur und zur F\u00f6rderung einer gesunden Zellteilung beitragen.<\/p>\n<h3>Standardisierter Gr\u00fcntee-Extrakt<\/h3>\n<p>Gr\u00fcner Tee enth\u00e4lt hochaktive Polyphenolverbindungen, von denen die wichtigste das Epigallocatechin-3-Gallat (EKG) ist. Die t\u00e4gliche Dosis von Life Extension Mix enth\u00e4lt 325 mg Gr\u00fcntee-Extrakt (koffeinfrei), standardisiert auf bis zu 98% der aktiven Polyphenole, die Wissenschaftler f\u00fcr die vielen gesundheitlichen Vorteile von Gr\u00fcntee halten. Gr\u00fcner Tee sch\u00fctzt nachweislich vor Oxidation, unterst\u00fctzt eine gesunde Zellteilung, verbessert die kardiovaskul\u00e4re Gesundheit und den Stoffwechsel, erh\u00e4lt eine gesunde DNA-Struktur und sch\u00fctzt Nerven- und Gehirnzellen.<\/p>\n<h3>Standardisierte Pflanzenextrakte<\/h3>\n<p>Life Extension Mix enth\u00e4lt eine Vielzahl von Kr\u00e4uterextrakten, darunter eine konzentrierte Brokkolimischung aus standardisierten Sulforaphan- und Glucosinolatextrakten, die bekannterma\u00dfen entgiftende Eigenschaften haben, gesunde DNA f\u00f6rdern und vor oxidativem Stress sch\u00fctzen, sowie viele andere gesundheitliche Vorteile erweisen.<\/p>\n<p>Die t\u00e4gliche Dosis enth\u00e4lt au\u00dferdem 200 mg Calcium-D-Glucarat, einen Phyto-N\u00e4hrstoff, der in Grapefruit, \u00c4pfeln, Orangen, Brokkoli und Rosenkohl enthalten ist. D-Glucarat unterst\u00fctzt Entgiftungsprozesse, um eine gesunde Zellproliferation und Hormonentgiftung zu unterst\u00fctzen.<\/p>\n<p>Life Extension Mix enth\u00e4lt auch Lutein und Lycopin. Es wurde gezeigt, dass Lutein, ein Antioxidans, das aus Ringelblumen gewonnen wird und auch in gr\u00fcnem Blattgem\u00fcse wie Sprossen und Spinat enthalten ist, dazu beitr\u00e4gt, kritische Pigmente in der Makula zu erhalten, um gesunde Augen zu unterst\u00fctzen. Tomaten-Lycopin tr\u00e4gt zur Aufrechterhaltung einer gesunden DNA- und Zellproliferation bei und sch\u00fctzt vor LDL-Oxidation.<\/p>\n<h3>Standardisierte Fruchtextrakte<\/h3>\n<p>Neben standardisierten Granatapfel- und Wildblaubeerextrakten enth\u00e4lt Life Extension Mix auch Luteolin, ein Flavonoid, das vor Oxidation sch\u00fctzt und Entz\u00fcndungsfaktoren unterdr\u00fcckt, um die Gesundheit des Immunsystems zu unterst\u00fctzen.<\/p>\n<h3>Sesam-Lignan-Extrakt<\/h3>\n<p>Life Extension Mix enth\u00e4lt 10 mg Sesam-Extrakt, den Lignan, um einen gesunden Gamma-Tocopherol-Spiegel sowie viele andere gesundheitsf\u00f6rdernde Eigenschaften zu f\u00f6rdern. Sesamlignane sch\u00fctzen Fette vor Oxidation, f\u00f6rdern die Stoffwechselgesundheit, tragen zur Aufrechterhaltung eines normalen Cholesterin- und LDL-Cholesterinspiegels bei und verst\u00e4rken die vorteilhaften Wirkungen von Fisch\u00f6len.<\/p>\n<h2>N\u00e4hrstoffe zur Erhaltung der Stoffwechsel- und Herz-Kreislauf-Gesundheit<\/h2>\n<p>Life Extension Mix enth\u00e4lt 500 \u00b5g Crominex 3+, einen hochmodernen Chromkomplex, sowie hochwertige Formen von Magnesium und Biotin zur Aufrechterhaltung eines gesunden Blutzuckerstoffwechsels, wirkt sich g\u00fcnstig auf den Lipidspiegel aus und f\u00f6rdert den Herz-Kreislauf Gesundheit.<\/p>\n<h3>Vitamin D3<\/h3>\n<p>Vitamin D ist ein N\u00e4hrstoff zur Aufrechterhaltung einer hohen Knochendichte und gesunder Muskeln, zur F\u00f6rderung der Herz-Kreislauf-Gesundheit und des gesunden Glukosestoffwechsels, zur St\u00e4rkung des Immunsystems und mehr.<\/p>\n<p>Jede t\u00e4gliche Dosis Life Extension Mix enth\u00e4lt 2000 IE Vitamin D3.<\/p>\n<h3>Cyanidin-3-glucosid (C3G)<\/h3>\n<p>Life Extension Mix enth\u00e4lt 1,25 mg C3G zur Unterst\u00fctzung der Augengesundheit. Diese starke Verbindung ist in Brombeeren und schwarzen Johannisbeeren enthalten und f\u00f6rdert einen gesunden Rhodopsinspiegel, eine lichtabsorbierende Netzhautverbindung, und verbessert die Nachtsicht.<\/p>\n<h3>5-MTHF (5-Methyltetrahydrofolat)<\/h3>\n<p>Folat hilft dabei, den Homocysteinspiegel innerhalb normaler Grenzen zu halten, was mit der kardiovaskul\u00e4ren Gesundheit verbunden ist und die kognitive Leistung unterst\u00fctzt. Eine Dosis der Life Extension-Formel enth\u00e4lt 400 \u00b5g 5-MTHF-Fols\u00e4ure, die bis zu siebenmal bioaktiver ist als normale Fols\u00e4ure.<\/p>\n<h3>Selen und Apigenin<\/h3>\n<p>Life Extension Mix enth\u00e4lt drei wirksame Formen von Selen (SelenoExcell, Se-Methyl-Selenocystein und Natriumselenit), Spurenmineralien mit starken antioxidativen Eigenschaften, die eine gesunde Zellteilung, die Gesundheit von Herz und Gehirn sowie die Schilddr\u00fcsenfunktion unterst\u00fctzen.<\/p>\n<p>Ebenfalls enthalten ist Apigenin, ein starkes Bioflavonoid, das in vielen Obst- und Gem\u00fcsesorten enthalten ist und viele vorteilhafte Wirkungen hat, um den K\u00f6rper vor oxidativen Sch\u00e4den zu sch\u00fctzen, eine gesunde Entz\u00fcndungsreaktion zu f\u00f6rdern und zur Aufrechterhaltung eines gesunden Blutdrucks und einer gesunden Zellteilung beizutragen.<\/p>\n<h2>Ben\u00f6tige ich ein Multivitamin?<\/h2>\n<p>Die Antwort auf diese Frage lautet wahrscheinlich JA. Angesichts des heutigen N\u00e4hrstoffbedarfs und der Lebensmittelherstellungsmethode ist es \u00e4u\u00dferst schwierig, wenn nicht sogar nahezu unm\u00f6glich, alle wichtigen Mikron\u00e4hrstoffe aus Lebensmitteln zu bekommen. Multivitamine decken Ihren t\u00e4glichen N\u00e4hrstoffbedarf ab und sind Teil einer gesunden Ern\u00e4hrung (kein Ersatz daf\u00fcr).<\/p>\n<p>Sie sind besonders wichtig f\u00fcr:<\/p>\n<ul>\n<li>Profi- und Freizeitsportler,<\/li>\n<li>Teenager im Wachstum spornen an<\/li>\n<li>\u00e4ltere,<\/li>\n<li>Menschen mit chronischen Krankheiten,<\/li>\n<li>w\u00e4hrend der Einnahme von Medikamenten,<\/li>\n<li>wenn Sie eine restriktive Di\u00e4t einhalten.<\/li>\n<\/ul>\n<p>Es gibt viele Multivitaminpr\u00e4parate auf dem Markt, die von schlechter Qualit\u00e4t sind, und deshalb gibt es so viele verschiedene Ergebnisse bei der Einnahme von Multis (einige Pr\u00e4parate sch\u00e4digen sogar der Gesundheit). Die Wahl der besten Qualit\u00e4t ist daher sehr wichtig und Life Extension ist definitiv ein Synonym f\u00fcr hochwertige Nahrungserg\u00e4nzungsmittel.<\/p>\n<p>&nbsp;<\/p>\n","protected":false},"excerpt":{"rendered":"<p>Hochwertige Multivitamin-Tabletten in Aktiv-, Coenzym- oder Methylformulierung f\u00fcr beste Absorption in Kombination mit nat\u00fcrlichen Obst- und Gem\u00fcseextrakten.<\/p>\n","protected":false},"featured_media":59714,"comment_status":"open","ping_status":"closed","template":"","meta":[],"etheme_brands":[{"term_id":4758,"name":"Lifextension","slug":"lifextension-de","term_group":0,"term_taxonomy_id":4758,"taxonomy":"brand","description":"Lifextension bietet Nahrungserg\u00e4nzungsmittel von Extra-Qualit\u00e4t an. Sie konzentrieren sich auf zwei spezifische Bereiche.\n\nRohstoffe: Im Gegensatz zu anderen Supplement-Unternehmen werden die Zutaten, die in ihre Produkte eingesetzt werden, nicht nach Kosten ausgew\u00e4hlt. Stattdessen werden sie aufgrund ihrer Reinheit, Wirksamkeit und Verwendung in erfolgreichen wissenschaftlichen Forschungen ausgew\u00e4hlt.\n\nValidierung der Wirksamkeit von Inhaltsstoffen durch wissenschaftliche Forschung: Sie verwenden Inhaltsstoffe und Dosierungen, die die erfolgreichsten Ergebnisse wissenschaftlicher Studien f\u00fcr maximale Wirksamkeit genau wiedergeben.","parent":0,"count":4,"filter":"raw"}],"product_brand":[],"product_cat":[3849,3872,5409,3857,5427,3854],"product_tag":[],"class_list":{"0":"post-59724","1":"product","2":"type-product","3":"status-publish","4":"has-post-thumbnail","6":"brand-lifextension-de","7":"product_cat-antioxidantien","8":"product_cat-augengesundheit","9":"product_cat-dojencki-in-otroci-de","10":"product_cat-gedachtnis-und-gehirngesundheit","11":"product_cat-magnesium-de","12":"product_cat-vitamine-und-mineralien","14":"first","15":"outofstock","16":"taxable","17":"shipping-taxable","18":"purchasable","19":"product-type-simple"},"_links":{"self":[{"href":"https:\/\/fmed.eu\/de\/wp-json\/wp\/v2\/product\/59724","targetHints":{"allow":["GET"]}}],"collection":[{"href":"https:\/\/fmed.eu\/de\/wp-json\/wp\/v2\/product"}],"about":[{"href":"https:\/\/fmed.eu\/de\/wp-json\/wp\/v2\/types\/product"}],"replies":[{"embeddable":true,"href":"https:\/\/fmed.eu\/de\/wp-json\/wp\/v2\/comments?post=59724"}],"version-history":[{"count":0,"href":"https:\/\/fmed.eu\/de\/wp-json\/wp\/v2\/product\/59724\/revisions"}],"wp:featuredmedia":[{"embeddable":true,"href":"https:\/\/fmed.eu\/de\/wp-json\/wp\/v2\/media\/59714"}],"wp:attachment":[{"href":"https:\/\/fmed.eu\/de\/wp-json\/wp\/v2\/media?parent=59724"}],"wp:term":[{"taxonomy":"brand","embeddable":true,"href":"https:\/\/fmed.eu\/de\/wp-json\/wp\/v2\/etheme_brands?post=59724"},{"taxonomy":"product_brand","embeddable":true,"href":"https:\/\/fmed.eu\/de\/wp-json\/wp\/v2\/product_brand?post=59724"},{"taxonomy":"product_cat","embeddable":true,"href":"https:\/\/fmed.eu\/de\/wp-json\/wp\/v2\/product_cat?post=59724"},{"taxonomy":"product_tag","embeddable":true,"href":"https:\/\/fmed.eu\/de\/wp-json\/wp\/v2\/product_tag?post=59724"}],"curies":[{"name":"wp","href":"https:\/\/api.w.org\/{rel}","templated":true}]}}