{"id":59750,"date":"2021-03-02T10:02:37","date_gmt":"2021-03-02T08:02:37","guid":{"rendered":"https:\/\/fmed.eu\/product\/verdauungsenzyme-essentielle-enzyme\/"},"modified":"2025-03-04T11:58:25","modified_gmt":"2025-03-04T11:58:25","slug":"verdauungsenzyme-essentielle-enzyme","status":"publish","type":"product","link":"https:\/\/fmed.eu\/de\/produkt\/verdauungsenzyme-essentielle-enzyme\/","title":{"rendered":"Verdauungsenzyme"},"content":{"rendered":"<h2>Source Naturals Essential Enzymes 240 (Verdauungsenzyme) 240<\/h2>\n<p>Mit zunehmendem Alter kann die Sekretion von Magens\u00e4ure und Enzymen abnehmen. Hinzu kommen weitere Gr\u00fcnde wie schlechte Essgewohnheiten, unzureichendes Kauen der Nahrung, schnelles und regelm\u00e4\u00dfiges F\u00fcttern w\u00e4hrend der Arbeit oder unterwegs und \u00fcberm\u00e4\u00dfiger Alkoholkonsum &#8211; alles weitere Stressfaktoren f\u00fcr den Verdauungsprozess. Essential Enzymes \u2122 Verdauungsenzyme sind eine spezielle bio-koordinierte Formel, die eine breite Palette von Enzymen enth\u00e4lt, die Proteine, Fette, Milchzucker, Ballaststoffe und Kohlenhydrate in einem breiten pH-Spektrum abbauen. Verdauungsenzyme unterst\u00fctzen den nat\u00fcrlichen Verdauungsprozess des K\u00f6rpers, was die Aufnahme von N\u00e4hrstoffen aus der Nahrung erh\u00f6ht und gleichzeitig f\u00fcr einen reibungslosen Verdauungsprozess sorgt.<\/p>\n<h3>Was sind Verdauungsenzyme im Allgemeinen?<\/h3>\n<p>Verdauungsenzyme sind eine Gruppe von Enzymen, die Makromolek\u00fcle in kleinere Partikel zerlegen und dadurch helfen, sie zu absorbieren. Sie befinden sich im Verdauungstrakt von Tieren (einschlie\u00dflich des Menschen). Einige Verdauungsenzyme finden sich auch im Speichel.<\/p>\n<p>Wir kennen 3 Haupttypen von Enzymen:<\/p>\n<ul>\n<li>Proteasen und Peptidasen, die Proteine in kleinere Peptide zerlegen und an . weiterleiten<br \/>\neinzelne Aminos\u00e4uren<\/li>\n<li>Lipasen, die Fett in drei Fetts\u00e4uren und Glycerin trennen<\/li>\n<li>Amylasen, die Kohlenhydrate (z. B. St\u00e4rke) in Zucker aufspalten.<\/li>\n<\/ul>\n","protected":false},"excerpt":{"rendered":"<p>Eine Reihe von Enzymen f\u00fcr eine bessere Verdauung von Fetten, Proteinen und St\u00e4rken.<\/p>\n","protected":false},"featured_media":59732,"comment_status":"open","ping_status":"closed","template":"","meta":[],"etheme_brands":[{"term_id":4760,"name":"Source Naturals","slug":"source-naturals-de","term_group":0,"term_taxonomy_id":4760,"taxonomy":"brand","description":"Source Naturals ist seit 1982 auf dem Weltmarkt pr\u00e4sent. Sein Direktor Ira Goldberg versucht, das Hauptziel zu verfolgen: das Potenzial jedes Einzelnen zu unterst\u00fctzen, um sich einer optimalen Gesundheit zu erfreuen. In jenen fr\u00fchen Tagen war die Idee, viele N\u00e4hrstoffe, Kr\u00e4uter und pharmazeutische Erg\u00e4nzungsmittel zu kombinieren, eine echte Seltenheit. Heute kann das Unternehmen viele preisgekr\u00f6nte Formeln verweisen, die f\u00fcr ihre herausragenden Leistungen anerkannt und bekannt sind. Dies wird auch durch unabh\u00e4ngige Forschung und Ern\u00e4hrungsanalysen unterst\u00fctzt.","parent":0,"count":7,"filter":"raw"}],"product_brand":[],"product_cat":[3859,3860],"product_tag":[],"class_list":{"0":"post-59750","1":"product","2":"type-product","3":"status-publish","4":"has-post-thumbnail","6":"brand-source-naturals-de","7":"product_cat-sonstiges","8":"product_cat-verdauung-magen-darm","10":"first","11":"outofstock","12":"taxable","13":"shipping-taxable","14":"purchasable","15":"product-type-simple"},"_links":{"self":[{"href":"https:\/\/fmed.eu\/de\/wp-json\/wp\/v2\/product\/59750","targetHints":{"allow":["GET"]}}],"collection":[{"href":"https:\/\/fmed.eu\/de\/wp-json\/wp\/v2\/product"}],"about":[{"href":"https:\/\/fmed.eu\/de\/wp-json\/wp\/v2\/types\/product"}],"replies":[{"embeddable":true,"href":"https:\/\/fmed.eu\/de\/wp-json\/wp\/v2\/comments?post=59750"}],"version-history":[{"count":0,"href":"https:\/\/fmed.eu\/de\/wp-json\/wp\/v2\/product\/59750\/revisions"}],"wp:featuredmedia":[{"embeddable":true,"href":"https:\/\/fmed.eu\/de\/wp-json\/wp\/v2\/media\/59732"}],"wp:attachment":[{"href":"https:\/\/fmed.eu\/de\/wp-json\/wp\/v2\/media?parent=59750"}],"wp:term":[{"taxonomy":"brand","embeddable":true,"href":"https:\/\/fmed.eu\/de\/wp-json\/wp\/v2\/etheme_brands?post=59750"},{"taxonomy":"product_brand","embeddable":true,"href":"https:\/\/fmed.eu\/de\/wp-json\/wp\/v2\/product_brand?post=59750"},{"taxonomy":"product_cat","embeddable":true,"href":"https:\/\/fmed.eu\/de\/wp-json\/wp\/v2\/product_cat?post=59750"},{"taxonomy":"product_tag","embeddable":true,"href":"https:\/\/fmed.eu\/de\/wp-json\/wp\/v2\/product_tag?post=59750"}],"curies":[{"name":"wp","href":"https:\/\/api.w.org\/{rel}","templated":true}]}}