{"id":59763,"date":"2018-08-03T06:25:22","date_gmt":"2018-08-03T06:25:22","guid":{"rendered":"https:\/\/fmed.eu\/product\/bitter-bitter-magnesium-salz\/"},"modified":"2025-03-04T11:58:27","modified_gmt":"2025-03-04T11:58:27","slug":"bitter-bitter-magnesium-salz","status":"publish","type":"product","link":"https:\/\/fmed.eu\/de\/produkt\/bitter-bitter-magnesium-salz\/","title":{"rendered":"Bittersalz (Magnesium- oder EPSOM-Salz)"},"content":{"rendered":"<h2>Bittersalz (Magnesium- oder EPSOM-Salz) 750g<\/h2>\n<p>EPSOM Salz von h\u00f6chster Qualit\u00e4t. Extrem sauber, zum Essen geeignet und auch<strong> dermatologisch getestet<\/strong> in deutschen Labors.<strong> Zertifiziert<\/strong> und in einer praktischen PET-Verpackung, die Sie leicht wieder verschlie\u00dfen k\u00f6nnen.<strong> Das beste bittere Salz in Slowenien!<\/strong><\/p>\n<p>Bittersalz, Magnesiumsalz oder EPSOM-Salz sind unterschiedliche Bezeichnungen f\u00fcr das anorganische Salz Magnesiumsulfat. Obwohl es auch oral verzehrt werden kann, wird es traditionell f\u00fcr Salzb\u00e4der verwendet, von Sportlern zur Entspannung m\u00fcder Muskeln und von G\u00e4rtnern zur Ertragssteigerung. Bittersalz hat viele weitere positive Eigenschaften (z.B. kann man es verwenden, wenn man \u00fcberfordert ist).<\/p>\n<p>Bitteres Salz steht sogar auf der Liste der wichtigsten Medikamente der Weltgesundheitsorganisation. Es wird als pharmazeutisches Pr\u00e4parat zur \u00e4u\u00dferlichen und inneren Anwendung verwendet. Magnesium\u00f6l ist gut wasserl\u00f6slich und Zubereitungen in Cremes mit Fetten verlangsamen seine Aufnahme.<\/p>\n<p>In der Medizin Magnesiumsalz<\/p>\n<ul>\n<li>es injiziert auch intraven\u00f6s Magnesium<\/li>\n<li>als Abf\u00fchrmittel verwendet<\/li>\n<li>gegen Herzrhythmusst\u00f6rungen<\/li>\n<li>als Bronchodilatator, wenn Beta-Agonisten und Anticholinergika nicht wirken.<\/li>\n<\/ul>\n<p><em>Diese Anspr\u00fcche gelten f\u00fcr das pharmazeutische EPSOM-Salz und gelten nur bei Anwendung in der Medizin.<\/em><\/p>\n<h3>Magnesium\u00f6l<\/h3>\n<p>Sie k\u00f6nnen Ihr eigenes Magnesium\u00f6l aus EPSOM-Salz herstellen. Nehmen Sie destilliertes Wasser und mischen Sie es mit Bittersalz im Verh\u00e4ltnis 1: 1 (nach Gewicht). R\u00fchren Sie bis zur vollst\u00e4ndigen Aufl\u00f6sung und verwenden Sie es dann als Magnesium\u00f6l zur Anwendung auf der Haut.<\/p>\n<h3>Bitteres Salz im Gartenbau<\/h3>\n<p>Im Gartenbau wird EPSOM-Salz verwendet, um den Magnesium- und Schwefelgehalt des Bodens zu erh\u00f6hen. Es wird am h\u00e4ufigsten in Topfpflanzen und beim Anbau von Pflanzen verwendet, die viel Magnesium ben\u00f6tigen, wie Kartoffeln, Blumen, Tomaten, Karotten und Paprika.<\/p>\n<p>Der Vorteil von Magnesiumsalz gegen\u00fcber anderen Zubereitungen ist seine hohe L\u00f6slichkeit in Wasser. Dadurch kann das L\u00f6sliche auch direkt auf die Bl\u00e4tter von Pflanzen gespr\u00fcht werden. Da der pH-Wert der Bittersalzl\u00f6sung relativ neutral ist, ver\u00e4ndert sie den pH-Wert des Bodens nicht wie andere Magnesiumpr\u00e4parate.<\/p>\n<h3>Magnesium f\u00fcr Aquarien<\/h3>\n<p>Magnesiumsalz eignet sich auch hervorragend f\u00fcr den Einsatz in korallenhaltigen Meerwasseraquarien, da diese beim Verkalkungsprozess Magnesium verbrauchen. In einem magnesiumfreien Aquarium ist es \u00e4u\u00dferst schwierig, die Alkalit\u00e4t zu kontrollieren, da nicht gen\u00fcgend Magnesium zur Verf\u00fcgung steht, um die Ionen im Meerwasser zu stabilisieren und zu verhindern, dass sie in Calciumcarbonat \u00fcbergehen.<\/p>\n<h3>Andere Verwendungen von Bittersalz<\/h3>\n<p>EPSOM-Salz hat viele andere Anwendungen, haupts\u00e4chlich aufgrund seiner osmotischen drucksteigernden Eigenschaften. Auf diese Weise kann es Schwellungen reduzieren oder Partikel entfernen, wenn Sie sich versengt haben (l\u00f6sen Sie eine Tasse Bittersalz in einem Beh\u00e4lter mit Wasser auf und weichen Sie die besch\u00e4digte Stelle ein).<\/p>\n<p>Gegen Bienen- oder Wespenstiche k\u00f6nnen Sie Kompressen mit Bittersalz verwenden.<\/p>\n<p>Es funktioniert auch bei Sonnenbrand oder anderen Verbrennungen, bei denen ein Einweichen in einem kalten Bad empfohlen wird.<\/p>\n","protected":false},"excerpt":{"rendered":"<p>Das beste bittere Salz in Slowenien! F\u00fcr B\u00e4der, Gartenarbeit, Magnesium\u00f6l, Lasuren, Insektenstiche und Aquarien. Auch zur oralen Anwendung geeignet.<\/p>\n","protected":false},"featured_media":54650,"comment_status":"open","ping_status":"closed","template":"","meta":[],"etheme_brands":[{"term_id":4754,"name":"Fmed","slug":"fmed-de","term_group":0,"term_taxonomy_id":4754,"taxonomy":"brand","description":"Fmed ist eine Marke spezifischer, schwer zug\u00e4nglicher Produkte von hoher Qualit\u00e4t, die in erster Linie auf die Gesundheit des Darms abzielen.","parent":0,"count":1,"filter":"raw"}],"product_brand":[],"product_cat":[3862,5428,5427,3859,3854],"product_tag":[6307],"class_list":{"0":"post-59763","1":"product","2":"type-product","3":"status-publish","4":"has-post-thumbnail","6":"brand-fmed-de","7":"product_cat-entgiftung-und-leber","8":"product_cat-korperpflege","9":"product_cat-magnesium-de","10":"product_cat-sonstiges","11":"product_cat-vitamine-und-mineralien","12":"product_tag-haut-de","14":"first","15":"instock","16":"taxable","17":"shipping-taxable","18":"purchasable","19":"product-type-simple"},"_links":{"self":[{"href":"https:\/\/fmed.eu\/de\/wp-json\/wp\/v2\/product\/59763","targetHints":{"allow":["GET"]}}],"collection":[{"href":"https:\/\/fmed.eu\/de\/wp-json\/wp\/v2\/product"}],"about":[{"href":"https:\/\/fmed.eu\/de\/wp-json\/wp\/v2\/types\/product"}],"replies":[{"embeddable":true,"href":"https:\/\/fmed.eu\/de\/wp-json\/wp\/v2\/comments?post=59763"}],"version-history":[{"count":0,"href":"https:\/\/fmed.eu\/de\/wp-json\/wp\/v2\/product\/59763\/revisions"}],"wp:featuredmedia":[{"embeddable":true,"href":"https:\/\/fmed.eu\/de\/wp-json\/wp\/v2\/media\/54650"}],"wp:attachment":[{"href":"https:\/\/fmed.eu\/de\/wp-json\/wp\/v2\/media?parent=59763"}],"wp:term":[{"taxonomy":"brand","embeddable":true,"href":"https:\/\/fmed.eu\/de\/wp-json\/wp\/v2\/etheme_brands?post=59763"},{"taxonomy":"product_brand","embeddable":true,"href":"https:\/\/fmed.eu\/de\/wp-json\/wp\/v2\/product_brand?post=59763"},{"taxonomy":"product_cat","embeddable":true,"href":"https:\/\/fmed.eu\/de\/wp-json\/wp\/v2\/product_cat?post=59763"},{"taxonomy":"product_tag","embeddable":true,"href":"https:\/\/fmed.eu\/de\/wp-json\/wp\/v2\/product_tag?post=59763"}],"curies":[{"name":"wp","href":"https:\/\/api.w.org\/{rel}","templated":true}]}}