{"id":59765,"date":"2018-08-03T04:25:50","date_gmt":"2018-08-03T02:25:50","guid":{"rendered":"https:\/\/fmed.eu\/product\/rosita-evclo-extra-natives-fischol-omega-3\/"},"modified":"2025-03-04T11:58:27","modified_gmt":"2025-03-04T11:58:27","slug":"rosita-evclo-extra-natives-fischol-omega-3","status":"publish","type":"product","link":"https:\/\/fmed.eu\/de\/produkt\/rosita-evclo-extra-natives-fischol-omega-3\/","title":{"rendered":"ROSITA EVCLO, extra natives Fisch\u00f6l"},"content":{"rendered":"<h2><strong>ROSITA Natives Lebertran extra<\/strong><\/h2>\n<h4>aus wild gefangenem Fisch, der nach alter Methode ohne W\u00e4rmebehandlung gewonnen wird.<\/h4>\n<p>Erh\u00e4ltliches Fisch\u00f6l als:<\/p>\n<ul>\n<li><a href=\"\/?p=45052\"><strong>evCLO, 90 Kapseln<\/strong><\/a><\/li>\n<li><strong>evCLO 150ml \u00d6l<\/strong><\/li>\n<\/ul>\n<h4>Eine ausgezeichnete Quelle f\u00fcr Omega-3-Fetts\u00e4uren (EPA und DHA), Vitamin A und Vitamin D.<\/h4>\n<p><a href=\"http:\/\/evclo.com\/\" target=\"_blank\" rel=\"noopener noreferrer\">ROSITA<\/a> Lebertran ist aufgrund seines patentierten Herstellungsverfahrens und seiner nat\u00fcrlichen Quelle Wildfisch etwas Besonderes. Deshalb wird es von vielen \u00c4rzten und Ern\u00e4hrungswissenschaftlern empfohlen, darunter auch<a href=\"https:\/\/chriskresser.com\/separating-fact-from-fiction-on-cod-liver-oil\/\" target=\"_blank\" rel=\"noopener noreferrer\"> Chris Kresser<\/a> .<\/p>\n<p>Rosita natives Dorschleber\u00f6l wird aus wildem Kabeljau (Gadus morhua) gewonnen, der schonend und nachhaltig in den klaren Gew\u00e4ssern Norwegens gefangen wird.<\/p>\n<p>Es wird in einem schonenden Extraktionsverfahren, ohne Chemie und bei niedrigen Temperaturen hergestellt.<\/p>\n<p>Rosita Fisch\u00f6l wird von unabh\u00e4ngigen Labors auf Reinheit und Integrit\u00e4t getestet.<\/p>\n<p>Rosita ist derzeit auch die einzige ernsthafte Konkurrentin<a href=\"\/?p=4884\"> Green Pasture fermentiertes Fisch\u00f6l<\/a> .<\/p>\n<h2>Omega-3<\/h2>\n<p>Omega 3 geh\u00f6rt zu den mehrfach unges\u00e4ttigten Fetts\u00e4uren, die in der modernen Ern\u00e4hrung oft fehlen, da sie in reiner Form EPA und DHA nur in Fisch, Meeresfr\u00fcchten und einigen Algen vorkommen. Omega 3 muss mit Omega 6 Fetten ausgeglichen werden, die in allen anderen Lebensmitteln stark vertreten sind. In der Vergangenheit betrug unser Verh\u00e4ltnis zwischen Omega 3 und Omega 6 1:1 oder h\u00f6chstens 1:2, aber in der modernen Gesellschaft \u00fcbersteigt dieses Verh\u00e4ltnis 1:15. Deshalb ist die Zugabe von Omega-3-Fetten unbedingt erforderlich.<\/p>\n<h3>Geschmack von Fisch<\/h3>\n<p>Natives Fisch\u00f6l Extra bedeutet auch sehr wenig unangenehmen Geschmack und Geruch nach Fisch. Geruch und Geschmack sind neutral und sanft.<\/p>\n<p>Das Nahrungserg\u00e4nzungsmittel enth\u00e4lt:<\/p>\n<h3>OMEGA 3 FETTS\u00c4UREN, n\u00e4mlich:<\/h3>\n<h4>EPK \/ DHK &#8211; Eicosapentaens\u00e4ure, Docosahexaens\u00e4ure, die:<\/h4>\n<ul>\n<li>spielen eine Rolle bei der Herzfunktion (n\u00fctzliche Wirkung wird bei einer t\u00e4glichen Aufnahme von 250 mg EPA und DHA erreicht)<\/li>\n<li>tragen zur Aufrechterhaltung eines normalen Blutdrucks bei<\/li>\n<li>tragen zur Aufrechterhaltung eines normalen Triglyceridspiegels im Blut bei<\/li>\n<\/ul>\n<h4>DHK:<\/h4>\n<ul>\n<li>spielt eine Rolle bei der Gehirnfunktion (n\u00fctzliche Wirkung wird bei einer t\u00e4glichen Einnahme von 250 mg DHK erreicht)<\/li>\n<li>spielt eine Rolle bei der Aufrechterhaltung des Sehverm\u00f6gens (n\u00fctzliche Wirkung wird bei einer t\u00e4glichen Einnahme von 250 mg DHK erreicht)<\/li>\n<li>tr\u00e4gt zur Aufrechterhaltung eines normalen Triglyceridspiegels im Blut bei<\/li>\n<li>w\u00e4hrend der Schwangerschaft tr\u00e4gt zur normalen Entwicklung des Gehirns des F\u00f6tus und S\u00e4uglings bei<\/li>\n<li>tr\u00e4gt zur normalen Entwicklung der Augen des F\u00f6tus und S\u00e4uglings w\u00e4hrend der Schwangerschaft bei (Schwangere und Stillende erzielen eine positive Wirkung bei einer t\u00e4glichen Aufnahme von 200 mg DHA, zus\u00e4tzlich zu der empfohlenen t\u00e4glichen Aufnahme von Omega-3-Fetts\u00e4uren f\u00fcr Erwachsene, dh 250 mg DHA und EPA.)<\/li>\n<\/ul>\n<h4>Vitamin A:<\/h4>\n<ul>\n<li>spielt eine Rolle im Eisenstoffwechsel<\/li>\n<li>tr\u00e4gt zur Erhaltung gesunder Schleimh\u00e4ute bei<\/li>\n<li>tr\u00e4gt zur Erhaltung gesunder Haut bei<\/li>\n<li>spielt eine Rolle bei der Erhaltung der Sehkraft<\/li>\n<li>spielt eine Rolle bei der Funktion des Immunsystems<\/li>\n<li>spielt eine Rolle bei der Zellspezialisierung<\/li>\n<\/ul>\n<h4>Vitamin-D:<\/h4>\n<ul>\n<li>tr\u00e4gt zur normalen Aufnahme \/ Verwertung von Calcium und Phosphor bei<\/li>\n<li>tr\u00e4gt zu einem normalen Calciumspiegel im Blut bei<\/li>\n<li>tr\u00e4gt zur Erhaltung gesunder Knochen und Z\u00e4hne bei<\/li>\n<li>tr\u00e4gt zur Muskelfunktion bei<\/li>\n<li>tr\u00e4gt zur Funktion des Immunsystems bei<\/li>\n<li>spielt eine Rolle bei der Zellteilung<\/li>\n<\/ul>\n<p>Omega-3-unges\u00e4ttigte Fetts\u00e4uren kommen in Fisch vor. Es ist eine Fetts\u00e4ure, die unser K\u00f6rper nicht nur selbst produziert, sondern die f\u00fcr die Funktion vieler menschlicher Organe unerl\u00e4sslich ist. ROSITA hat f\u00fcr sein Produkt Lebertran gew\u00e4hlt. Er ist einer der beliebtesten essbaren Meeresfische. Er wird auch als Kabeljau bezeichnet, er stammt aus dem Nordatlantik und kommt auch in der Nord- und Ostsee vor.<\/p>\n<h3>Wie kann ich fermentiertes Kabeljau\u00f6l genie\u00dfen?<\/h3>\n<p>Nehmen Sie t\u00e4glich 1 Teel\u00f6ffel oder 3 Kapseln zu einer Mahlzeit ein.<\/p>\n","protected":false},"excerpt":{"rendered":"<p>Die Besonderheit von ROSITA Fisch\u00f6l ist ihre Herstellungsweise und die nat\u00fcrliche Quelle von Wildfisch, die das einzige extra native Fisch\u00f6l ergibt. Hoher Gehalt an EPA, DHA und Vitamin A und D. Es wird von Experten empfohlen.<\/p>\n","protected":false},"featured_media":56398,"comment_status":"open","ping_status":"closed","template":"","meta":[],"etheme_brands":[{"term_id":4736,"name":"Rosita","slug":"rosita-de","term_group":0,"term_taxonomy_id":4736,"taxonomy":"brand","description":"Rosita offers handcrafted products to boost health and achieve a higher balanced consciousness. It\u2019s renowned for providing wild-caught, unprocessed, raw &amp; sustainable fish liver oils fresh from the crystal clear waters of Norway.\nIt\u2019s goal is to provide with genuine fish oils which provide the closest possible freshness and nutrients as would be found in a living fish.","parent":0,"count":2,"filter":"raw"}],"product_brand":[],"product_cat":[3861,5409,3850,3856,3851,5430,3857,3874,3858,3853,5429,3865,3860,5406,3854],"product_tag":[],"class_list":{"0":"post-59765","1":"product","2":"type-product","3":"status-publish","4":"has-post-thumbnail","6":"brand-rosita-de","7":"product_cat-blutzuckerregulierung","8":"product_cat-dojencki-in-otroci-de","9":"product_cat-energie-und-motivation","10":"product_cat-entzundung-knochen-und-gelenke","11":"product_cat-entzundungen-autoimmunerkrankungen","12":"product_cat-erkaltungen","13":"product_cat-gedachtnis-und-gehirngesundheit","14":"product_cat-gesunde-fette","15":"product_cat-herz-kreislauf-unterstutzung","16":"product_cat-immunsystem","17":"product_cat-lunge-atmungssystem","18":"product_cat-stressmanagement","19":"product_cat-verdauung-magen-darm","20":"product_cat-vitamin-d-de","21":"product_cat-vitamine-und-mineralien","23":"first","24":"outofstock","25":"taxable","26":"shipping-taxable","27":"purchasable","28":"product-type-simple"},"_links":{"self":[{"href":"https:\/\/fmed.eu\/de\/wp-json\/wp\/v2\/product\/59765","targetHints":{"allow":["GET"]}}],"collection":[{"href":"https:\/\/fmed.eu\/de\/wp-json\/wp\/v2\/product"}],"about":[{"href":"https:\/\/fmed.eu\/de\/wp-json\/wp\/v2\/types\/product"}],"replies":[{"embeddable":true,"href":"https:\/\/fmed.eu\/de\/wp-json\/wp\/v2\/comments?post=59765"}],"version-history":[{"count":0,"href":"https:\/\/fmed.eu\/de\/wp-json\/wp\/v2\/product\/59765\/revisions"}],"wp:featuredmedia":[{"embeddable":true,"href":"https:\/\/fmed.eu\/de\/wp-json\/wp\/v2\/media\/56398"}],"wp:attachment":[{"href":"https:\/\/fmed.eu\/de\/wp-json\/wp\/v2\/media?parent=59765"}],"wp:term":[{"taxonomy":"brand","embeddable":true,"href":"https:\/\/fmed.eu\/de\/wp-json\/wp\/v2\/etheme_brands?post=59765"},{"taxonomy":"product_brand","embeddable":true,"href":"https:\/\/fmed.eu\/de\/wp-json\/wp\/v2\/product_brand?post=59765"},{"taxonomy":"product_cat","embeddable":true,"href":"https:\/\/fmed.eu\/de\/wp-json\/wp\/v2\/product_cat?post=59765"},{"taxonomy":"product_tag","embeddable":true,"href":"https:\/\/fmed.eu\/de\/wp-json\/wp\/v2\/product_tag?post=59765"}],"curies":[{"name":"wp","href":"https:\/\/api.w.org\/{rel}","templated":true}]}}