{"id":59771,"date":"2018-08-03T06:25:30","date_gmt":"2018-08-03T04:25:30","guid":{"rendered":"https:\/\/fmed.eu\/product\/mega-sporbiotisch\/"},"modified":"2025-03-04T11:58:27","modified_gmt":"2025-03-04T11:58:27","slug":"mega-sporbiotisch","status":"publish","type":"product","link":"https:\/\/fmed.eu\/de\/produkt\/mega-sporbiotisch\/","title":{"rendered":"MEGA Sporenbiotikum (probiotisch)"},"content":{"rendered":"<h2>Mikrobiom-Labors Mega-Sporenbiotik<\/h2>\n<p>Die Megadosis Sporen gab es bisher nur in Form von Arzneimitteln und steht Ihnen ab sofort auch als Nahrungserg\u00e4nzungsmittel zur Verf\u00fcgung. MegaSporebiotic ist ein Nahrungserg\u00e4nzungsmittel, in dem Sporen als Probiotika verwendet werden. Sporen sind n\u00e4mlich so konzipiert, dass sie die Prozesse \u00fcberleben, die im gesamten Magensystem stattfinden. Durch die Einnahme dieses Nahrungserg\u00e4nzungsmittels versorgen Sie Ihren K\u00f6rper mit zus\u00e4tzlichen 4 Milliarden Sporen. Das Produkt enth\u00e4lt 5 Sporenst\u00e4mme in pharmazeutischer Qualit\u00e4t:<\/p>\n<ul>\n<li>Bacillus Licheniformis (SL-307),<\/li>\n<li>Bacillus Coagulans (SC-208),<\/li>\n<li>Bacillus Indicus (HU36),<\/li>\n<li>Bacillus Subtilis (HU58),<\/li>\n<li>Bacillus ClausIi (SC-109).<\/li>\n<\/ul>\n<p>Mega Spore-Biotika sind derzeit eines der st\u00e4rksten Probiotika. Ihre Spezialit\u00e4t ist, dass die Bakterien nicht dauerhaft im Darm verbleiben, sondern nur wenige Wochen dort sind, ihre Arbeit verrichten und dann den Darm verlassen. Somit sind sie auch f\u00fcr diejenigen geeignet, die nach klassischen Probiotika Nebenwirkungen haben (nicht alle Probiotika sind f\u00fcr jeden geeignet). Diese Art von Probiotikum wurde in der Vergangenheit \u00fcber ungewaschene Lebensmittel aufgenommen. Leider werden heute alle Lebensmittel vor dem Verzehr fast sterilisiert, wodurch sie auch ihrer n\u00fctzlichen Substanzen beraubt werden.<\/p>\n<p>Mega Spore-Biotika sind nicht temperaturempfindlich und m\u00fcssen nicht gek\u00fchlt werden. Sie sind auch nicht empfindlich gegen\u00fcber dem Durchtritt von Magens\u00e4ure.<\/p>\n","protected":false},"excerpt":{"rendered":"<p>Probiotika in Form von Sporen sind eine besondere Art von probiotischen Bakterien, die nicht gek\u00fchlt werden m\u00fcssen und die Passage durch die Magens\u00e4ure \u00fcberleben.<\/p>\n","protected":false},"featured_media":54938,"comment_status":"open","ping_status":"closed","template":"","meta":[],"etheme_brands":[{"term_id":4764,"name":"Mikrobiom-Labors","slug":"mikrobiom-labors","term_group":0,"term_taxonomy_id":4764,"taxonomy":"brand","description":"Unter der Marke Microbiome Labs wird Physicians exclusive unterzeichnet \u2013 eine \u00c4rztevereinigung unter der Leitung von Dr. Tom Bayne. Sie stellen Produkte her, die sie ausschlie\u00dflich an medizinisches Fachpersonal verkaufen. Anschlie\u00dfend bieten sie die Produkte ihren Patienten an. Dr. Bayne ist \u00fcberzeugt, dass eine Person Nahrungserg\u00e4nzungsmittel nur unter Aufsicht eines Experten richtig konsumieren kann, so dass die Produkte nicht f\u00fcr den Handel \/ Gro\u00dfhandel erh\u00e4ltlich sind.","parent":0,"count":1,"filter":"raw"}],"product_brand":[],"product_cat":[3855,3853,3866,3860],"product_tag":[],"class_list":{"0":"post-59771","1":"product","2":"type-product","3":"status-publish","4":"has-post-thumbnail","6":"brand-mikrobiom-labors","7":"product_cat-aktion","8":"product_cat-immunsystem","9":"product_cat-probiotika-und-prabiotika","10":"product_cat-verdauung-magen-darm","12":"first","13":"outofstock","14":"taxable","15":"shipping-taxable","16":"purchasable","17":"product-type-simple"},"_links":{"self":[{"href":"https:\/\/fmed.eu\/de\/wp-json\/wp\/v2\/product\/59771","targetHints":{"allow":["GET"]}}],"collection":[{"href":"https:\/\/fmed.eu\/de\/wp-json\/wp\/v2\/product"}],"about":[{"href":"https:\/\/fmed.eu\/de\/wp-json\/wp\/v2\/types\/product"}],"replies":[{"embeddable":true,"href":"https:\/\/fmed.eu\/de\/wp-json\/wp\/v2\/comments?post=59771"}],"version-history":[{"count":0,"href":"https:\/\/fmed.eu\/de\/wp-json\/wp\/v2\/product\/59771\/revisions"}],"wp:featuredmedia":[{"embeddable":true,"href":"https:\/\/fmed.eu\/de\/wp-json\/wp\/v2\/media\/54938"}],"wp:attachment":[{"href":"https:\/\/fmed.eu\/de\/wp-json\/wp\/v2\/media?parent=59771"}],"wp:term":[{"taxonomy":"brand","embeddable":true,"href":"https:\/\/fmed.eu\/de\/wp-json\/wp\/v2\/etheme_brands?post=59771"},{"taxonomy":"product_brand","embeddable":true,"href":"https:\/\/fmed.eu\/de\/wp-json\/wp\/v2\/product_brand?post=59771"},{"taxonomy":"product_cat","embeddable":true,"href":"https:\/\/fmed.eu\/de\/wp-json\/wp\/v2\/product_cat?post=59771"},{"taxonomy":"product_tag","embeddable":true,"href":"https:\/\/fmed.eu\/de\/wp-json\/wp\/v2\/product_tag?post=59771"}],"curies":[{"name":"wp","href":"https:\/\/api.w.org\/{rel}","templated":true}]}}