{"id":59777,"date":"2018-08-03T06:25:28","date_gmt":"2018-08-03T04:25:28","guid":{"rendered":"https:\/\/fmed.eu\/product\/curcumin-curcumin-phytosom\/"},"modified":"2025-03-04T11:58:30","modified_gmt":"2025-03-04T11:58:30","slug":"curcumin-curcumin-phytosom","status":"publish","type":"product","link":"https:\/\/fmed.eu\/de\/produkt\/curcumin-curcumin-phytosom\/","title":{"rendered":"Curcumin Phytosom"},"content":{"rendered":"<h3>Jarrow Formulas Curcumin<\/h3>\n<p>Curcumin Phytosome ist eine spezielle, patentierte Form von Curcumin (Kurkuma-Extrakt) mit verbesserter Absorption und Bioverf\u00fcgbarkeit.<\/p>\n<h3>Warum Kurkumin verwenden?<\/h3>\n<p>Curcumin ist ein hervorragender nat\u00fcrlicher Stoff zur Linderung von Entz\u00fcndungen. Entz\u00fcndungen sind in der modernen Welt weit verbreitet und verursachen eine Vielzahl moderner Krankheiten. Arthritis und Gelenkschmerzen werden beispielsweise durch Entz\u00fcndungen verursacht, ebenso wie Diabetes, vorzeitige Hautalterung, ein schwaches Immunsystem und unflexible Haut. Curcumin ist zweifellos eines der n\u00fctzlichsten und effektivsten und n\u00fctzlichsten Nahrungserg\u00e4nzungsmittel auf dem Markt im Allgemeinen. Lesen Sie mehr \u00fcber<a href=\"https:\/\/lyfebotanicals.com\/health\/turmeric-benefits\/\" target=\"_blank\" rel=\"noopener noreferrer\"> positive Wirkung von Curcumin<\/a> in diesem Artikel (englisch).<\/p>\n<h3>Meriva<\/h3>\n<p>Meriva ist eine spezielle Phytosomentechnologie basierend auf dem biomimetischen Konzept.<\/p>\n<p>Es wurden mehr als 30 Studien zu seiner Sicherheit und Wirksamkeit mit \u00fcber 2.000 Teilnehmern durchgef\u00fchrt, was es zu einem der am besten erforschten Nahrungserg\u00e4nzungsmittel im Allgemeinen macht.<\/p>\n<p>Das gr\u00f6\u00dfte Problem mit Curcumin ist, dass es sehr schlecht absorbiert wird, daher bietet Curcumin Phytosome, eine spezielle, phytosomale Art der Aufnahme und Abgabe an die Zellen. Die Bindung von Curcumin an das Phospholipid Phosphatidylcholin verbessert dessen Resorption (liposomaler Modus), da Curcumin auf diese Weise \u00fcber das Lymphsystem (als Fett) und nicht \u00fcber das Pfortadersystem aufgenommen wird. Auf diese Weise wird die Aufnahme erleichtert, da es sich um eine einfache passive Diffusion in die Lymphe handelt und keinen aktiven Transportmechanismus erfordert und die Leber nicht zus\u00e4tzlich belastet. Auf diese Weise wird die Aufnahme und Abgabe an die Zellen stark erh\u00f6ht.<\/p>\n<p>Dar\u00fcber hinaus enth\u00e4lt Meriva alle drei Kurkuma-Cucruminoide:<\/p>\n<ul>\n<li>Curcumin<\/li>\n<li>Demethoxycurcumin<\/li>\n<li>Bisdemethoxycurcumin<\/li>\n<\/ul>\n<h3>Curcuminoide in Kurkuma<\/h3>\n<p>Oft stellt sich die Frage, warum man statt einer Kapsel nicht etwas mehr Kurkuma verwendet. Praktisch ist dies sehr schwierig.<\/p>\n<p>Die wirksame Dosis betr\u00e4gt 1 g Cucruminoide pro Tag.<\/p>\n<p>1 Essl\u00f6ffel Kurkumapulver enth\u00e4lt 200 mg Curcuminoide, was bedeutet, dass Sie f\u00fcr eine wirksame Dosis t\u00e4glich mindestens 5 Essl\u00f6ffel Kurkuma zu sich nehmen sollten. Und dies unter Vernachl\u00e4ssigung der Tatsache, dass die Aufnahme von Curcuminoiden aus nat\u00fcrlichem Kurkuma sehr schlecht ist.<\/p>\n","protected":false},"excerpt":{"rendered":"<p>Curcumin-Phytosom ist eine liposomale Form von Curcumin mit besserer Absorption und hat eine starke entz\u00fcndungshemmende Wirkung.<\/p>\n","protected":false},"featured_media":54892,"comment_status":"open","ping_status":"closed","template":"","meta":[],"etheme_brands":[{"term_id":4757,"name":"Healthy Origins","slug":"healthy-origins-de","term_group":0,"term_taxonomy_id":4757,"taxonomy":"brand","description":"Healthy Origins ist ein amerikanisches Unternehmen, das 1996 gegr\u00fcndet wurde. Ein gro\u00dfer Teil ihrer Produkte enth\u00e4lt patentierte Inhaltsstoffe der besten Hersteller. Das Unternehmen behauptet, dass sie immer alles auf dem Etikett angeben, das in den Produkten zu finden ist.","parent":0,"count":10,"filter":"raw"}],"product_brand":[],"product_cat":[3849,3861,3856,3851,3857,3858,3853,3863,3865],"product_tag":[],"class_list":{"0":"post-59777","1":"product","2":"type-product","3":"status-publish","4":"has-post-thumbnail","6":"brand-healthy-origins-de","7":"product_cat-antioxidantien","8":"product_cat-blutzuckerregulierung","9":"product_cat-entzundung-knochen-und-gelenke","10":"product_cat-entzundungen-autoimmunerkrankungen","11":"product_cat-gedachtnis-und-gehirngesundheit","12":"product_cat-herz-kreislauf-unterstutzung","13":"product_cat-immunsystem","14":"product_cat-krauter-extrakte-und-tinkturen","15":"product_cat-stressmanagement","17":"first","18":"outofstock","19":"taxable","20":"shipping-taxable","21":"purchasable","22":"product-type-simple"},"_links":{"self":[{"href":"https:\/\/fmed.eu\/de\/wp-json\/wp\/v2\/product\/59777","targetHints":{"allow":["GET"]}}],"collection":[{"href":"https:\/\/fmed.eu\/de\/wp-json\/wp\/v2\/product"}],"about":[{"href":"https:\/\/fmed.eu\/de\/wp-json\/wp\/v2\/types\/product"}],"replies":[{"embeddable":true,"href":"https:\/\/fmed.eu\/de\/wp-json\/wp\/v2\/comments?post=59777"}],"version-history":[{"count":0,"href":"https:\/\/fmed.eu\/de\/wp-json\/wp\/v2\/product\/59777\/revisions"}],"wp:featuredmedia":[{"embeddable":true,"href":"https:\/\/fmed.eu\/de\/wp-json\/wp\/v2\/media\/54892"}],"wp:attachment":[{"href":"https:\/\/fmed.eu\/de\/wp-json\/wp\/v2\/media?parent=59777"}],"wp:term":[{"taxonomy":"brand","embeddable":true,"href":"https:\/\/fmed.eu\/de\/wp-json\/wp\/v2\/etheme_brands?post=59777"},{"taxonomy":"product_brand","embeddable":true,"href":"https:\/\/fmed.eu\/de\/wp-json\/wp\/v2\/product_brand?post=59777"},{"taxonomy":"product_cat","embeddable":true,"href":"https:\/\/fmed.eu\/de\/wp-json\/wp\/v2\/product_cat?post=59777"},{"taxonomy":"product_tag","embeddable":true,"href":"https:\/\/fmed.eu\/de\/wp-json\/wp\/v2\/product_tag?post=59777"}],"curies":[{"name":"wp","href":"https:\/\/api.w.org\/{rel}","templated":true}]}}