{"id":59785,"date":"2018-08-03T04:25:46","date_gmt":"2018-08-03T02:25:46","guid":{"rendered":"https:\/\/fmed.eu\/product\/n-acetyl-cystein-nac-grippe-erkaltung-detox\/"},"modified":"2025-03-04T11:58:30","modified_gmt":"2025-03-04T11:58:30","slug":"n-acetyl-cystein-nac-grippe-erkaltung-detox","status":"publish","type":"product","link":"https:\/\/fmed.eu\/de\/produkt\/n-acetyl-cystein-nac-grippe-erkaltung-detox\/","title":{"rendered":"N-Acetylcystein, NAC"},"content":{"rendered":"<h2>Jarrow Formals NAC<\/h2>\n<p>NAC oder N-Acetylcystein ist einer der Bausteine von Glutathion. Sie finden es auch unter den Titeln Acetylcystein oder N-Acetylcystein. NAC ist ein bekanntes Nahrungserg\u00e4nzungsmittel mit starken Auswirkungen auf den Stoffwechsel. In der Medizin wird es sogar als Medikament gegen Lebervergiftungen mit Paracetamol (Schmerztabletten) verwendet. Es wird auch in der Medizin verwendet, um verdickte Schleimh\u00e4ute zu l\u00f6sen. Es ist daher ein h\u00e4ufiger Bestandteil von Grippe- und Erk\u00e4ltungsmedikamenten.<\/p>\n<p>Acetylcystein wurde bereits 1960 patentiert und ist seit 1968 zur Anwendung zugelassen. Es ist auf dem<a href=\"http:\/\/www.who.int\/medicines\/publications\/essentialmedicines\/en\/\"> Liste unentbehrlicher Medikamente der Weltgesundheitsorganisation<\/a> und ist eines der wirksamsten und sichersten Arzneimittel.<\/p>\n<p>Als Nahrungserg\u00e4nzungsmittel ist es in geringeren Konzentrationen erh\u00e4ltlich und nicht zur Behandlung bestimmt.<\/p>\n<p>Es kann sehr n\u00fctzlich sein, um Hagover-Symptome zu reduzieren. Alkohol verursacht einen erh\u00f6hten Entgiftungsbedarf und damit einen erh\u00f6hten Bedarf an Glutathion und Acetylcystein. Es kann auch bei chronischem Alkoholismus n\u00fctzlich sein.<\/p>\n<p>Es besteht auch ein interessanter Zusammenhang zwischen dem Mangel an NAC und der Suchtneigung (Drogen, Nikotin, Alkohol). Das Fehlen davon kann die Expression von EAAT2-Rezeptoren in NAcc reduzieren, was mit S\u00fcchten zusammenh\u00e4ngt.<\/p>\n<p>&nbsp;<\/p>\n","protected":false},"excerpt":{"rendered":"<p>N-Acetylcystein ist sogar so stark, dass es als Medikament in der Medizin verwendet wird. Es hilft bei Grippe und Erk\u00e4ltung die Schleimh\u00e4ute zu entspannen und entgiftet.<\/p>\n","protected":false},"featured_media":55484,"comment_status":"open","ping_status":"closed","template":"","meta":[],"etheme_brands":[{"term_id":4737,"name":"Jarrow Formulas","slug":"jarrow-formulas-de","term_group":0,"term_taxonomy_id":4737,"taxonomy":"brand","description":"Jarrow Formulas (a company based in Los Angeles) is the founder and supplier of premium dietary supplements. The company was founded in 1977. The entire line of Jarrow Formulas covers vitamins, minerals, probiotics, standardized herbal concentrates, amino acids and enzymes.\nThe company also funds research studies on the importance of food products, such as CoQ10. The aim of the company is to promote optimal health with high quality food supplements, efficiency, accessibility and top-quality forms.","parent":0,"count":13,"filter":"raw"}],"product_brand":[],"product_cat":[3849,3862,5430,3853,5429],"product_tag":[],"class_list":{"0":"post-59785","1":"product","2":"type-product","3":"status-publish","4":"has-post-thumbnail","6":"brand-jarrow-formulas-de","7":"product_cat-antioxidantien","8":"product_cat-entgiftung-und-leber","9":"product_cat-erkaltungen","10":"product_cat-immunsystem","11":"product_cat-lunge-atmungssystem","13":"first","14":"outofstock","15":"taxable","16":"shipping-taxable","17":"purchasable","18":"product-type-simple"},"_links":{"self":[{"href":"https:\/\/fmed.eu\/de\/wp-json\/wp\/v2\/product\/59785","targetHints":{"allow":["GET"]}}],"collection":[{"href":"https:\/\/fmed.eu\/de\/wp-json\/wp\/v2\/product"}],"about":[{"href":"https:\/\/fmed.eu\/de\/wp-json\/wp\/v2\/types\/product"}],"replies":[{"embeddable":true,"href":"https:\/\/fmed.eu\/de\/wp-json\/wp\/v2\/comments?post=59785"}],"version-history":[{"count":0,"href":"https:\/\/fmed.eu\/de\/wp-json\/wp\/v2\/product\/59785\/revisions"}],"wp:featuredmedia":[{"embeddable":true,"href":"https:\/\/fmed.eu\/de\/wp-json\/wp\/v2\/media\/55484"}],"wp:attachment":[{"href":"https:\/\/fmed.eu\/de\/wp-json\/wp\/v2\/media?parent=59785"}],"wp:term":[{"taxonomy":"brand","embeddable":true,"href":"https:\/\/fmed.eu\/de\/wp-json\/wp\/v2\/etheme_brands?post=59785"},{"taxonomy":"product_brand","embeddable":true,"href":"https:\/\/fmed.eu\/de\/wp-json\/wp\/v2\/product_brand?post=59785"},{"taxonomy":"product_cat","embeddable":true,"href":"https:\/\/fmed.eu\/de\/wp-json\/wp\/v2\/product_cat?post=59785"},{"taxonomy":"product_tag","embeddable":true,"href":"https:\/\/fmed.eu\/de\/wp-json\/wp\/v2\/product_tag?post=59785"}],"curies":[{"name":"wp","href":"https:\/\/api.w.org\/{rel}","templated":true}]}}