{"id":59787,"date":"2018-08-03T06:25:39","date_gmt":"2018-08-03T04:25:39","guid":{"rendered":"https:\/\/fmed.eu\/product\/vitamin-c-liposomale-form\/"},"modified":"2025-03-04T11:58:42","modified_gmt":"2025-03-04T11:58:42","slug":"vitamin-c-liposomale-form","status":"publish","type":"product","link":"https:\/\/fmed.eu\/de\/produkt\/vitamin-c-liposomale-form\/","title":{"rendered":"Vitamin C (liposomale Form)"},"content":{"rendered":"<h2>Dr. Mercola-Liposomales Vitamin C 500mg x 60 oder 180 Kapseln<\/h2>\n<p>Auf dem Markt herrscht derzeit ein gro\u00dfer Mangel an Vitamin C. Wir haben aktuell<a href=\"\/?p=38995\"> Healthy Origins Vitamin C 1000mg<\/a> auf Lager.<\/p>\n<p>Die liposomale Form von Vitamin C ist derzeit die beste Form dieses Vitamins auf dem Markt. Die Besonderheit besteht darin, dass Vitamin C von einer Fetth\u00fclle (Liposom) umgeben ist, die eine Aufnahme \u00fcber das Lymphsystem erm\u00f6glicht. Das klassische Vitamin C wird \u00fcber das Pfortadersystem aufgenommen und muss erst die Leber passieren, bevor es in den Blutkreislauf gelangt. Mit liposomalen Vitaminen k\u00f6nnen Sie dies vermeiden. Auf diese Weise wird weniger verdaut und Sie schonen Ihre Leber. Dies erm\u00f6glicht auch eine bessere Aufnahme und Bioverf\u00fcgbarkeit von Vitamin C. Einige Studien deuten sogar darauf hin, dass die Zufuhr in die Zellen selbst besser ist als bei IV (intraven\u00f6sem) Vitamin C.<\/p>\n<p>Aus diesem Grund ben\u00f6tigen Sie f\u00fcr die gleiche Wirkung eine geringere Menge des Vitamins und vermeiden gleichzeitig unangenehme Verdauungsbeschwerden der klassischen Ascorbins\u00e4ure.<\/p>\n<p>Dr. Mercola ist einer der herausragenden Spezialisten f\u00fcr funktionelle Medizin und k\u00fcmmert sich um den hohen Standard seiner Nahrungserg\u00e4nzungsmittel. Dies zeigt sich auch in den Inhaltsstoffen, die in liposomalen Produkten verwendet werden, wo er immer<strong> verwendet nur Sonnenblumenlecithin<\/strong> , w\u00e4hrend die meisten anderen Hersteller ein billigeres und oft umstrittenes Sojalecithin verwenden.<\/p>\n<h3>Eigenschaften von Vitamin C<\/h3>\n<p>Es ist eines der lebenswichtigen Vitamine, von denen gezeigt wurde, dass es in unserer Ern\u00e4hrung fehlt.<\/p>\n<p>Insbesondere ist es f\u00fcr seine antioxidativen Eigenschaften bekannt und wirkt sich positiv auf das Immunsystem aus, insbesondere in den Herbst- und Wintermonaten.<\/p>\n<p>Wir vergessen jedoch, dass Vitamin C \u00e4u\u00dferst wichtig f\u00fcr die Bildung von Kollagen ist, das f\u00fcr gesunde und sch\u00f6ne Haut, Knochen, Venen, Knorpel, Zahnfleisch und Z\u00e4hne wichtig ist. Sein Einfluss auf Kollagen ist so stark, dass seine positiven Eigenschaften gerade aufgrund dieser Eigenschaft entdeckt wurden. Ein sehr starker Mangel an Vitamin C f\u00fchrt zu Skorbut.<\/p>\n<h3>Vitamin C und Skorbut<\/h3>\n<p>Skorbut ist eine Krankheit, die durch Vitamin C-Mangel verursacht wird. Die ersten Symptome sind M\u00fcdigkeit, Schw\u00e4che und schwere Beine und H\u00e4nde. Es verringert dann die Anzahl der roten Blutk\u00f6rperchen und verursacht dann Zahnfleischerkrankungen (Zahnfleischbluten), das als das charakteristischste Symptom gilt. Dann folgen die Ver\u00e4nderungen an Haaren und Haut, die ebenfalls zu bluten beginnen, und die Wunden heilen langsamer.<\/p>\n<p>Skorbut wurde von den alten \u00c4gyptern beschrieben, die feststellten, dass es durch den Verzehr von Zitrusfr\u00fcchten, Tomaten und Kartoffeln verhindert wurde. Es wurde sp\u00e4ter zum Hauptproblem langer Seeexpeditionen, bei denen der gr\u00f6\u00dfte Teil der Besatzung auch schon nach einem Monat umkommen konnte. Daher akzeptierten die Engl\u00e4nder 1795 eine Gesundheitsreform, die die Verwendung von Zitronensaft f\u00fcr alle Seeleute empfahl.<\/p>\n<p>Die Entdeckung von<strong> Vitamin C<\/strong> wird dem ungarischen Physiologen Albert Szent-Gy\u00f6rgyiju zugeschrieben, der 1937 auch den Nobelpreis erhielt.<\/p>\n<h3>Dr. Mercola Liposomales Vitamin C enth\u00e4lt Vitamin C, das:<\/h3>\n<ul>\n<li>spielt eine Rolle bei der Funktion des Immunsystems bei intensiver k\u00f6rperlicher Aktivit\u00e4t und danach (die vorteilhafte Wirkung wird durch die t\u00e4gliche Einnahme von 200 mg zus\u00e4tzlich zur empfohlenen t\u00e4glichen Vitamin C-Aufnahme erreicht).<\/li>\n<li>Spielt eine Rolle bei der Bildung von Kollagen f\u00fcr gesunde Venen, Knochen, Knorpel, Zahnfleisch, Haut, Z\u00e4hne<\/li>\n<li>tr\u00e4gt zur Freisetzung von Energie im Stoffwechsel bei<\/li>\n<li>tr\u00e4gt zur Funktion des Nervensystems bei<\/li>\n<li>tr\u00e4gt zum normalen psychischen Funktionieren bei<\/li>\n<li>Spielt eine Rolle bei der Funktion des Immunsystems<\/li>\n<li>spielt eine Rolle beim Schutz der Zellen vor oxidativem Stress<\/li>\n<li>Es tr\u00e4gt zur Verringerung von M\u00fcdigkeit und Ersch\u00f6pfung bei<\/li>\n<li>Es tr\u00e4gt dazu bei, die reduzierte Form von Vitamin E wieder in ihre aktive Form zu bringen<\/li>\n<li>Erh\u00f6ht die Eisenaufnahme<\/li>\n<\/ul>\n<p>&nbsp;<\/p>\n<p>&nbsp;<\/p>\n<p>&nbsp;<\/p>\n<p>&nbsp;<\/p>\n","protected":false},"excerpt":{"rendered":"<p>Dieses Vitamin C kommt in liposomaler Form vor, d.h. es wird fast vollst\u00e4ndig resorbiert, gleichzeitig kann es aber auch mehrmals t\u00e4glich eingenommen werden (trotz hohem Vitamin C-Gehalt pro Kapsel).<\/p>\n","protected":false},"featured_media":64470,"comment_status":"open","ping_status":"closed","template":"","meta":[],"etheme_brands":[{"term_id":4751,"name":"Dr. Mercola","slug":"dr-mercola-de","term_group":0,"term_taxonomy_id":4751,"taxonomy":"brand","description":"Dr. Mercola bietet oder empfiehlt Produkte erst, nachdem er oder sein Forschungsteam jeden einzelnen Artikel aktiv getestet und gepr\u00fcft haben. Dar\u00fcber hinaus kreiert er nur Produkte, von denen er wei\u00df, dass er sie selbst verwenden w\u00fcrde und sie sie seiner Familie und seinen Freunden w\u00e4rmstens empfehlen w\u00fcrde.","parent":0,"count":1,"filter":"raw"}],"product_brand":[],"product_cat":[3849,3850,3862,3856,3858,3853,3865,3854],"product_tag":[6260],"class_list":{"0":"post-59787","1":"product","2":"type-product","3":"status-publish","4":"has-post-thumbnail","6":"brand-dr-mercola-de","7":"product_cat-antioxidantien","8":"product_cat-energie-und-motivation","9":"product_cat-entgiftung-und-leber","10":"product_cat-entzundung-knochen-und-gelenke","11":"product_cat-herz-kreislauf-unterstutzung","12":"product_cat-immunsystem","13":"product_cat-stressmanagement","14":"product_cat-vitamine-und-mineralien","15":"product_tag-energie-de","17":"first","18":"outofstock","19":"taxable","20":"shipping-taxable","21":"purchasable","22":"product-type-variable"},"_links":{"self":[{"href":"https:\/\/fmed.eu\/de\/wp-json\/wp\/v2\/product\/59787","targetHints":{"allow":["GET"]}}],"collection":[{"href":"https:\/\/fmed.eu\/de\/wp-json\/wp\/v2\/product"}],"about":[{"href":"https:\/\/fmed.eu\/de\/wp-json\/wp\/v2\/types\/product"}],"replies":[{"embeddable":true,"href":"https:\/\/fmed.eu\/de\/wp-json\/wp\/v2\/comments?post=59787"}],"version-history":[{"count":0,"href":"https:\/\/fmed.eu\/de\/wp-json\/wp\/v2\/product\/59787\/revisions"}],"wp:featuredmedia":[{"embeddable":true,"href":"https:\/\/fmed.eu\/de\/wp-json\/wp\/v2\/media\/64470"}],"wp:attachment":[{"href":"https:\/\/fmed.eu\/de\/wp-json\/wp\/v2\/media?parent=59787"}],"wp:term":[{"taxonomy":"brand","embeddable":true,"href":"https:\/\/fmed.eu\/de\/wp-json\/wp\/v2\/etheme_brands?post=59787"},{"taxonomy":"product_brand","embeddable":true,"href":"https:\/\/fmed.eu\/de\/wp-json\/wp\/v2\/product_brand?post=59787"},{"taxonomy":"product_cat","embeddable":true,"href":"https:\/\/fmed.eu\/de\/wp-json\/wp\/v2\/product_cat?post=59787"},{"taxonomy":"product_tag","embeddable":true,"href":"https:\/\/fmed.eu\/de\/wp-json\/wp\/v2\/product_tag?post=59787"}],"curies":[{"name":"wp","href":"https:\/\/api.w.org\/{rel}","templated":true}]}}