{"id":59869,"date":"2021-11-18T15:59:50","date_gmt":"2021-11-18T15:59:50","guid":{"rendered":"https:\/\/fmed.eu\/product\/mega-benfotiamin-lebensverlangerung\/"},"modified":"2025-03-04T11:58:36","modified_gmt":"2025-03-04T11:58:36","slug":"mega-benfotiamin-lebensverlangerung","status":"publish","type":"product","link":"https:\/\/fmed.eu\/de\/produkt\/mega-benfotiamin-lebensverlangerung\/","title":{"rendered":"Mega Benfotiamin"},"content":{"rendered":"<h2>Life Extension Mega Benfotiamin<\/h2>\n<h3>Benfotiamin &#8211; besseres Vitamin B1<\/h3>\n<p>Benfotiamin ist ein Derivat von Vitamin B1 (Thiamin), das neben einer besseren Bioaktivit\u00e4t und Aufnahme zus\u00e4tzliche Funktionen im K\u00f6rper hat.<\/p>\n<p>Benfotiamin ist in einigen L\u00e4ndern (auch in Slowenien) als Arzneimittel gegen diabetische Neuropathie (Schmerzen durch Komplikationen aufgrund von Diabetes) unter dem Namen Milgamma registriert. Als Nahrungserg\u00e4nzungsmittel sollte Benfotiamin nicht zur Behandlung verwendet werden.<\/p>\n<p>Da Benfotiamin mehr BIO enth\u00e4lt als normales Vitamin B1, erh\u00f6ht es den Thiaminspiegel in Muskeln, Gehirn, Leber und Nieren besser. Der gr\u00f6\u00dfte Teil dieses Effekts ist auf die Fettl\u00f6slichkeit und den besseren Transport vom Darm in den Blutkreislauf und dann in die Zellen zur\u00fcckzuf\u00fchren, was auch bedeutet, dass Benfotiamin mit einer Mahlzeit eingenommen werden muss.<\/p>\n<h4>Positive Eigenschaften von Vitamin B1 (Thiamin)<\/h4>\n<p>Einige der positiven Eigenschaften von Thiamin beim Menschen sind:<\/p>\n<ul>\n<li>mehr Energie<\/li>\n<li>bessere Funktion des Nervensystems<\/li>\n<li>bessere psychische Gesundheit<\/li>\n<li>bessere Herzfunktion<\/li>\n<\/ul>\n<p>&nbsp;<\/p>\n","protected":false},"excerpt":{"rendered":"<p>BIO-aktives Derivat von Vitamin B1, das auch als Arzneimittel gegen Diabetes eingesetzt wird.<\/p>\n","protected":false},"featured_media":59859,"comment_status":"open","ping_status":"closed","template":"","meta":[],"etheme_brands":[{"term_id":4758,"name":"Lifextension","slug":"lifextension-de","term_group":0,"term_taxonomy_id":4758,"taxonomy":"brand","description":"Lifextension bietet Nahrungserg\u00e4nzungsmittel von Extra-Qualit\u00e4t an. Sie konzentrieren sich auf zwei spezifische Bereiche.\n\nRohstoffe: Im Gegensatz zu anderen Supplement-Unternehmen werden die Zutaten, die in ihre Produkte eingesetzt werden, nicht nach Kosten ausgew\u00e4hlt. Stattdessen werden sie aufgrund ihrer Reinheit, Wirksamkeit und Verwendung in erfolgreichen wissenschaftlichen Forschungen ausgew\u00e4hlt.\n\nValidierung der Wirksamkeit von Inhaltsstoffen durch wissenschaftliche Forschung: Sie verwenden Inhaltsstoffe und Dosierungen, die die erfolgreichsten Ergebnisse wissenschaftlicher Studien f\u00fcr maximale Wirksamkeit genau wiedergeben.","parent":0,"count":4,"filter":"raw"}],"product_brand":[],"product_cat":[3849,3861,3850,3857,3858,3854],"product_tag":[6260],"class_list":{"0":"post-59869","1":"product","2":"type-product","3":"status-publish","4":"has-post-thumbnail","6":"brand-lifextension-de","7":"product_cat-antioxidantien","8":"product_cat-blutzuckerregulierung","9":"product_cat-energie-und-motivation","10":"product_cat-gedachtnis-und-gehirngesundheit","11":"product_cat-herz-kreislauf-unterstutzung","12":"product_cat-vitamine-und-mineralien","13":"product_tag-energie-de","15":"first","16":"outofstock","17":"taxable","18":"shipping-taxable","19":"purchasable","20":"product-type-simple"},"_links":{"self":[{"href":"https:\/\/fmed.eu\/de\/wp-json\/wp\/v2\/product\/59869","targetHints":{"allow":["GET"]}}],"collection":[{"href":"https:\/\/fmed.eu\/de\/wp-json\/wp\/v2\/product"}],"about":[{"href":"https:\/\/fmed.eu\/de\/wp-json\/wp\/v2\/types\/product"}],"replies":[{"embeddable":true,"href":"https:\/\/fmed.eu\/de\/wp-json\/wp\/v2\/comments?post=59869"}],"version-history":[{"count":0,"href":"https:\/\/fmed.eu\/de\/wp-json\/wp\/v2\/product\/59869\/revisions"}],"wp:featuredmedia":[{"embeddable":true,"href":"https:\/\/fmed.eu\/de\/wp-json\/wp\/v2\/media\/59859"}],"wp:attachment":[{"href":"https:\/\/fmed.eu\/de\/wp-json\/wp\/v2\/media?parent=59869"}],"wp:term":[{"taxonomy":"brand","embeddable":true,"href":"https:\/\/fmed.eu\/de\/wp-json\/wp\/v2\/etheme_brands?post=59869"},{"taxonomy":"product_brand","embeddable":true,"href":"https:\/\/fmed.eu\/de\/wp-json\/wp\/v2\/product_brand?post=59869"},{"taxonomy":"product_cat","embeddable":true,"href":"https:\/\/fmed.eu\/de\/wp-json\/wp\/v2\/product_cat?post=59869"},{"taxonomy":"product_tag","embeddable":true,"href":"https:\/\/fmed.eu\/de\/wp-json\/wp\/v2\/product_tag?post=59869"}],"curies":[{"name":"wp","href":"https:\/\/api.w.org\/{rel}","templated":true}]}}