{"id":59887,"date":"2021-11-23T14:47:23","date_gmt":"2021-11-23T14:47:23","guid":{"rendered":"https:\/\/fmed.eu\/product\/methyl-b-12-methylcobalamin-5000mcg\/"},"modified":"2025-03-04T11:58:36","modified_gmt":"2025-03-04T11:58:36","slug":"methyl-b-12-methylcobalamin-5000mcg","status":"publish","type":"product","link":"https:\/\/fmed.eu\/de\/produkt\/methyl-b-12-methylcobalamin-5000mcg\/","title":{"rendered":"Methyl B-12, MethylCobalamin 5000mcg"},"content":{"rendered":"<h2>Jarrow Formulas Methyl B12 &#8211; Extra St\u00e4rke: 5.000 mcg, Kirsche<\/h2>\n<p>Jarrow Formulas Methyl B12 ist ein B-12 in vollst\u00e4ndig aktiver Form. Es kommt in Form von Lutschtabletten und wird schon im Mund aufgenommen und so m\u00f6gliche Probleme bei der Absorption des Darms umgeht. B12 kann nicht vom K\u00f6rper produziert werden, daher m\u00fcssen wir es \u00fcber die Nahrung aufnehmen, und es ist oft notwendig, es durch ein Nahrungserg\u00e4nzungsmittel zu ersetzen. In diesem Fall ist es wichtig, die richtige und qualitativ hochwertige Form zu w\u00e4hlen.<\/p>\n<p>Vitamin B12 kommt weder in pflanzlichen Lebensmitteln noch in Algen vor oder wird von Bakterien im Boden produziert (diese produzieren analoge Formen von B12, die der K\u00f6rper nicht verwenden kann).<\/p>\n<h3>Wie unterscheiden sich B-Vitamine?<\/h3>\n<p>Nicht alle B-Vitamin Formen sind gleichm\u00e4\u00dfig Effektiv. Auch wenn wir die enthaltenen Mengen ignorieren, werden wir feststellen, dass es immer noch signifikante Unterschiede zwischen ihnen gibt. Im Fall von Vitamin B12, das in den meisten Nahrungserg\u00e4nzungsmitteln in Form von Cyanocobalamin (Cyanocobalamin) enthalten ist, ist B12 (Cobalamin) an den Cyanidtr\u00e4ger gebunden. Wissen sie was Cyanid ist? Ja-Gift. Eine andere Form von B12 ist Hydroxycobalamin, das relativ instabil ist und in der Medizin als Gegenmittel gegen Cyanidvergiftungen eingesetzt wird. Die aktive und stabile Form von Vitamin B12 ist Methylcobalamin, wobei B12 an die Methylgruppe gebunden ist und direkt am Methylierungszyklus beteiligt sein kann (alle anderen Formen m\u00fcssen ge\u00e4ndert werden, bevor sie verwendet werden k\u00f6nnen).<\/p>\n<p>Es spielt also eine gro\u00dfe Rolle, welche B-Vitamine Sie w\u00e4hlen.<\/p>\n<h3>F\u00fcr wen ist B12 geeignet?<\/h3>\n<p>Dieses B12 ist f\u00fcr alle geeignet, die einen hochwertigen Ersatz f\u00fcr dieses wichtige B-Vitamin w\u00fcnschen. Besonders geeignet f\u00fcr Veganer, da sie kein B12 aus der Nahrung erhalten k\u00f6nnen und f\u00fcr diejenigen, die Schwierigkeiten mit der Absorption haben, da unsere Lutschtabletten bereits im Mund absorbiert werden.<\/p>\n<h2>Wo hilft Vitamin B-12?<\/h2>\n<p>B12 ist ein wasserl\u00f6sliches Vitamin, das:<\/p>\n<ul>\n<li>tr\u00e4gt zur Freisetzung von Energie im Stoffwechsel bei<\/li>\n<li>tr\u00e4gt zur Funktion des Nervensystems bei<\/li>\n<li>tr\u00e4gt zum Metabolismus von Homocystein (Herz-Kreislauf-Erkrankungen) bei<\/li>\n<li>tr\u00e4gt zu einer normalen psychischen Aktivit\u00e4t bei (Depressionen, Angstzust\u00e4nde usw.)<\/li>\n<li>Spielt eine Rolle bei der Bildung roter Blutk\u00f6rperchen (An\u00e4mie)<\/li>\n<li>Spielt eine Rolle bei der Funktion des Immunsystems<\/li>\n<li>Es tr\u00e4gt zur Verringerung von M\u00fcdigkeit und Ersch\u00f6pfung bei<\/li>\n<li>Spielt eine Rolle bei der Zellteilung<\/li>\n<\/ul>\n","protected":false},"excerpt":{"rendered":"<p>Eine aktive Form von Vitamin B12, die bereits im Mund aufgenommen wird und vom K\u00f6rper direkt verwendet werden kann. Geeignet f\u00fcr Veganer und Vegetarier. 5000mcg.<\/p>\n","protected":false},"featured_media":59877,"comment_status":"open","ping_status":"closed","template":"","meta":[],"etheme_brands":[{"term_id":4737,"name":"Jarrow Formulas","slug":"jarrow-formulas-de","term_group":0,"term_taxonomy_id":4737,"taxonomy":"brand","description":"Jarrow Formulas (a company based in Los Angeles) is the founder and supplier of premium dietary supplements. The company was founded in 1977. The entire line of Jarrow Formulas covers vitamins, minerals, probiotics, standardized herbal concentrates, amino acids and enzymes.\nThe company also funds research studies on the importance of food products, such as CoQ10. The aim of the company is to promote optimal health with high quality food supplements, efficiency, accessibility and top-quality forms.","parent":0,"count":13,"filter":"raw"}],"product_brand":[],"product_cat":[3864,3857,3854],"product_tag":[6260,6272,6378],"class_list":{"0":"post-59887","1":"product","2":"type-product","3":"status-publish","4":"has-post-thumbnail","6":"brand-jarrow-formulas-de","7":"product_cat-anamie-eisenmangel","8":"product_cat-gedachtnis-und-gehirngesundheit","9":"product_cat-vitamine-und-mineralien","10":"product_tag-energie-de","11":"product_tag-immunsystem-de","12":"product_tag-nervensystem","14":"first","15":"instock","16":"taxable","17":"shipping-taxable","18":"purchasable","19":"product-type-simple"},"_links":{"self":[{"href":"https:\/\/fmed.eu\/de\/wp-json\/wp\/v2\/product\/59887","targetHints":{"allow":["GET"]}}],"collection":[{"href":"https:\/\/fmed.eu\/de\/wp-json\/wp\/v2\/product"}],"about":[{"href":"https:\/\/fmed.eu\/de\/wp-json\/wp\/v2\/types\/product"}],"replies":[{"embeddable":true,"href":"https:\/\/fmed.eu\/de\/wp-json\/wp\/v2\/comments?post=59887"}],"version-history":[{"count":0,"href":"https:\/\/fmed.eu\/de\/wp-json\/wp\/v2\/product\/59887\/revisions"}],"wp:featuredmedia":[{"embeddable":true,"href":"https:\/\/fmed.eu\/de\/wp-json\/wp\/v2\/media\/59877"}],"wp:attachment":[{"href":"https:\/\/fmed.eu\/de\/wp-json\/wp\/v2\/media?parent=59887"}],"wp:term":[{"taxonomy":"brand","embeddable":true,"href":"https:\/\/fmed.eu\/de\/wp-json\/wp\/v2\/etheme_brands?post=59887"},{"taxonomy":"product_brand","embeddable":true,"href":"https:\/\/fmed.eu\/de\/wp-json\/wp\/v2\/product_brand?post=59887"},{"taxonomy":"product_cat","embeddable":true,"href":"https:\/\/fmed.eu\/de\/wp-json\/wp\/v2\/product_cat?post=59887"},{"taxonomy":"product_tag","embeddable":true,"href":"https:\/\/fmed.eu\/de\/wp-json\/wp\/v2\/product_tag?post=59887"}],"curies":[{"name":"wp","href":"https:\/\/api.w.org\/{rel}","templated":true}]}}