{"id":59939,"date":"2021-11-29T12:02:26","date_gmt":"2021-11-29T10:02:26","guid":{"rendered":"https:\/\/fmed.eu\/product\/vitamin-k-k-2-mk-7-menaq-7-180-kapsul\/"},"modified":"2026-03-06T08:40:53","modified_gmt":"2026-03-06T06:40:53","slug":"vitamin-k-k-2-mk-7-menaq-7-180-kapsul","status":"publish","type":"product","link":"https:\/\/fmed.eu\/de\/produkt\/vitamin-k-k-2-mk-7-menaq-7-180-kapsul\/","title":{"rendered":"Doctor&#8217;s Best, Vitamin K (K-2, MK-7 + MenaQ-7) 180 kapsul"},"content":{"rendered":"<p>Doctor&#8217;s Best K-2<\/p>\n<p>Doctor&#8217;s Best K2 je vitamin K v obliki MenaKvinon 7 (MK7).<\/p>\n<p>Vitamin K pomaga pri mineralizaciji kosti<\/p>\n<p>Vitamin K deluje v kombinaciji z vitaminom D in pomagata telesu pri shranjevanju kalcija v kosti in s tem dobri mineralizaciji. Na ta na\u010din lahko prepre\u010duje osteoporozo, bole\u010dine in zlome v kosteh in sklepih ter prepre\u010dujeta kalcinacije (nalaganje kalcija v mehkih tkivih in \u017eilah).<\/p>\n<p>Vitamin K kompleks<\/p>\n<p>Vitamin K v naravi obstaja v ve\u010d razli\u010dnih oblikah. Najpomembnej\u0161i za na\u0161e telo je vitamin K2 (v Doctor&#8217;s Best K2 kot menakvinon-7 (MK-7))<\/p>\n<p>Primerni odmerki vitamina K2<\/p>\n<p>Vitamin K2 je u\u010dinkovit \u0161ele v visokih odmerkih. Nekateri priporo\u010dajo odmerke od 2.000mcg navzgor. Vitamin K2 ni toksi\u010den tudi v visokih odmerkih.<\/p>\n<p>Vitamin K in vitamin D<\/p>\n<p>Vitamin K in Vitamin D delujeta sinergisti\u010dno pri usmerjanju kalcija v kosti zato ju je primerno jemati skupaj.<\/p>\n<p>Najbolj\u0161a absorpcija vitaminov \u2013 softgel<\/p>\n<p>K-2 prihaja v obliki softgelov saj se v njem nahaja emulzija vitaminov K v ekstra devi\u0161kem olj\u010dnem olju. Ker jo vitamin K ma\u0161\u010dobotopni vitamini to mo\u010dno izbolj\u0161a njegovo absorpcijo hkrati pa so majhne softgel kapsule enostavne za pogoltnit.<\/p>\n<p>Vitamin K dokazano pomaga pri (trditve preverjene od EFSE):<\/p>\n<p>normalnemu strjevanju krvi,<\/p>\n<p>ohranjanju zdravih kosti.<\/p>\n<p>Vitamin K priporo\u010da tudi dr. Feil v njegovi knjigi Premagajmo artrozo in bole\u010dine v sklepih .<\/p>\n<p>Izdelek ne vsebuje glutena, mleka, jajc, rib, lupinarjev, ara\u0161idov, p\u0161enice ali soje.<\/p>\n","protected":false},"excerpt":{"rendered":"<p>K2 za zdrave kosti in sklepe.<\/p>\n<div><\/div>\n","protected":false},"featured_media":59940,"comment_status":"open","ping_status":"closed","template":"","meta":[],"etheme_brands":[{"term_id":4643,"name":"Doctor's Best","slug":"doctors-best","term_group":0,"term_taxonomy_id":4643,"taxonomy":"brand","description":"Doctor's Best je znamka, ki so jo leta 1990 ustanovili zdravniki. Podjetje ponuja ve\u010d kot 200 izdelkov, katerih ve\u010dina je narejenih iz sestavin lastne blagovne znamke. Podjetje se lahko pohvali z izdelki, ki jih odlikujejo standardi najvi\u0161je kakovosti.","parent":0,"count":32,"filter":"raw"}],"product_brand":[],"product_cat":[3723,3766,3725,3726],"product_tag":[5572,5635,5441,5560,5455,5636],"class_list":{"0":"post-59939","1":"product","2":"type-product","3":"status-publish","4":"has-post-thumbnail","6":"brand-doctors-best","7":"product_cat-podpora-srca-in-ozilja","8":"product_cat-vitamin-d","9":"product_cat-vitamini-in-minerali","10":"product_cat-vnetja-kosti-in-sklepi","11":"product_tag-artroza","12":"product_tag-kalcifikacija","13":"product_tag-kosti","14":"product_tag-osteoporoza","15":"product_tag-sklepi","16":"product_tag-vitamin-d","18":"first","19":"outofstock","20":"taxable","21":"shipping-taxable","22":"purchasable","23":"product-type-simple"},"_links":{"self":[{"href":"https:\/\/fmed.eu\/de\/wp-json\/wp\/v2\/product\/59939","targetHints":{"allow":["GET"]}}],"collection":[{"href":"https:\/\/fmed.eu\/de\/wp-json\/wp\/v2\/product"}],"about":[{"href":"https:\/\/fmed.eu\/de\/wp-json\/wp\/v2\/types\/product"}],"replies":[{"embeddable":true,"href":"https:\/\/fmed.eu\/de\/wp-json\/wp\/v2\/comments?post=59939"}],"version-history":[{"count":2,"href":"https:\/\/fmed.eu\/de\/wp-json\/wp\/v2\/product\/59939\/revisions"}],"predecessor-version":[{"id":69516,"href":"https:\/\/fmed.eu\/de\/wp-json\/wp\/v2\/product\/59939\/revisions\/69516"}],"wp:featuredmedia":[{"embeddable":true,"href":"https:\/\/fmed.eu\/de\/wp-json\/wp\/v2\/media\/59940"}],"wp:attachment":[{"href":"https:\/\/fmed.eu\/de\/wp-json\/wp\/v2\/media?parent=59939"}],"wp:term":[{"taxonomy":"brand","embeddable":true,"href":"https:\/\/fmed.eu\/de\/wp-json\/wp\/v2\/etheme_brands?post=59939"},{"taxonomy":"product_brand","embeddable":true,"href":"https:\/\/fmed.eu\/de\/wp-json\/wp\/v2\/product_brand?post=59939"},{"taxonomy":"product_cat","embeddable":true,"href":"https:\/\/fmed.eu\/de\/wp-json\/wp\/v2\/product_cat?post=59939"},{"taxonomy":"product_tag","embeddable":true,"href":"https:\/\/fmed.eu\/de\/wp-json\/wp\/v2\/product_tag?post=59939"}],"curies":[{"name":"wp","href":"https:\/\/api.w.org\/{rel}","templated":true}]}}