{"id":59949,"date":"2021-12-02T11:43:31","date_gmt":"2021-12-02T11:43:31","guid":{"rendered":"https:\/\/fmed.eu\/product\/morepa-superciste-omega-3\/"},"modified":"2026-04-08T18:44:22","modified_gmt":"2026-04-08T16:44:22","slug":"morepa-superciste-omega-3","status":"publish","type":"product","link":"https:\/\/fmed.eu\/de\/produkt\/morepa-superciste-omega-3\/","title":{"rendered":"Nordic Naturals, Complete Xtra Omega 3, okus limona"},"content":{"rendered":"<p>Omega-3, omega-6 in omega-9 so vrste ma\u0161\u010dobnih kislin, ki imajo razli\u010dne vloge in koristi za zdravje telesa. Vsaka od teh ma\u0161\u010dobnih kislin ima svoje specifi\u010dne lastnosti in se nahaja v razli\u010dnih virih hrane ter prehranskih dopolnilih. Spodaj so podrobne informacije o vsaki od teh ma\u0161\u010dobnih kislin:<\/p>\n<p>Omega-3 ma\u0161\u010dobne kisline:<\/p>\n<p>Omega-3 ma\u0161\u010dobne kisline so znane po svojih protivnetnih lastnostih in pomembni vlogi pri ohranjanju zdravja srca in o\u017eilja.<\/p>\n<p>Dve glavni vrsti omega-3 ma\u0161\u010dobnih kislin sta eikozapentaenojska kislina (EPA) in dokozaheksaenojska kislina (DHA), ki se obi\u010dajno najdeta v ma\u0161\u010dobnih ribah, kot so losos, sku\u0161a in tuna.<\/p>\n<p>Druga pomembna vrsta omega-3 ma\u0161\u010dobne kisline je alfa-linolenska kislina (ALA), ki se nahaja v rastlinskih virih, kot so lanena semena, chia semena in orehi. ALA se v telesu lahko pretvori v EPA in DHA, vendar ta pretvorba ni zelo u\u010dinkovita.<\/p>\n<p>Omega-6 ma\u0161\u010dobne kisline:<\/p>\n<p>Omega-6 ma\u0161\u010dobne kisline, kot je linolna kislina, so tudi esencialne ma\u0161\u010dobne kisline, kar pomeni, da jih telo ne more samo proizvajati in jih moramo dobiti s hrano.<\/p>\n<p>So pomembne za \u0161tevilne funkcije v telesu, vklju\u010dno z vnetnimi odzivi, rastjo in razvojem celic.<\/p>\n<p>V sodobni prehrani je obi\u010dajno ve\u010d omega-6 ma\u0161\u010dobnih kislin v primerjavi z omega-3 ma\u0161\u010dobnimi kislinami, kar lahko vodi do neugodnega razmerja med njimi. Zato je pomembno, da vzdr\u017eujemo uravnote\u017eeno razmerje med omega-6 in omega-3 ma\u0161\u010dobnimi kislinami.<\/p>\n<p>Omega-9 ma\u0161\u010dobne kisline:<\/p>\n<p>Omega-9 ma\u0161\u010dobna kislina, znana tudi kot oleinska kislina, je mononenasi\u010dena ma\u0161\u010dobna kislina, ki je najbolj raz\u0161irjena v oljih, kot je olivno olje in olje iz ara\u0161idov.<\/p>\n<p>Omega-9 ma\u0161\u010dobne kisline niso esencialne, saj jih telo lahko samo proizvaja, vendar so kljub temu pomembne za zdravje srca in o\u017eilja ter lahko pomagajo zmanj\u0161ati vnetje v telesu.<\/p>\n<p>Uravnote\u017een vnos omega-3, omega-6 in omega-9 ma\u0161\u010dobnih kislin je pomemben za splo\u0161no zdravje. Prehrana, bogata z ribami, orehi, lanenimi semeni, olivnim oljem in drugimi naravnimi viri teh ma\u0161\u010dobnih kislin, lahko prispeva k izbolj\u0161anju sr\u010dnega zdravja, zmanj\u0161anju vnetja in podpori razli\u010dnim funkcijam v telesu.<\/p>\n","protected":false},"excerpt":{"rendered":"<p id=\"tw-target-text\" class=\"tw-data-text tw-text-large tw-ta\" dir=\"ltr\" data-placeholder=\"Prevod\"><span class=\"Y2IQFc\" lang=\"sl\">Visoko intenzivna me\u0161anica koncentriranih omega 3, 6 in 9.<\/span><\/p>\n","protected":false},"featured_media":59950,"comment_status":"open","ping_status":"closed","template":"","meta":[],"etheme_brands":[{"term_id":4784,"name":"NORDIC NATURALS","slug":"nordic-naturals","term_group":0,"term_taxonomy_id":4784,"taxonomy":"brand","description":"","parent":0,"count":2,"filter":"raw"}],"product_brand":[],"product_cat":[3732,3733,3875,5384,3876,3723,3716,3756,3724,3736,3739,3740,3766,3725,3755,3726,3762],"product_tag":[5521,5449,5468,5540,5491,5637,5638,5496,5639,5640,5455,5641,5636,5522],"class_list":{"0":"post-59949","1":"product","2":"type-product","3":"status-publish","4":"has-post-thumbnail","6":"brand-nordic-naturals","7":"product_cat-energija-in-motivacija","8":"product_cat-imunski-sistem","9":"product_cat-novo-v-ponudbi","10":"product_cat-obvladovanje-stresa","11":"product_cat-omega-3","12":"product_cat-podpora-srca-in-ozilja","13":"product_cat-prebava-zelodec-crevesje","14":"product_cat-prehladna-obolenja","15":"product_cat-razstrupljanje-in-jetra","16":"product_cat-spomin-in-zdravje-mozganov","17":"product_cat-uravnavanje-hormonov","18":"product_cat-uravnavanje-krvnega-sladkorja","19":"product_cat-vitamin-d","20":"product_cat-vitamini-in-minerali","21":"product_cat-vnetja-avtoimune-bolezni","22":"product_cat-vnetja-kosti-in-sklepi","23":"product_cat-zdrave-mascobe","24":"product_tag-bolecine","25":"product_tag-depresija","26":"product_tag-diabetes","27":"product_tag-holesterol","28":"product_tag-hujsanje","29":"product_tag-krvni-pritisk","30":"product_tag-omega-3","31":"product_tag-ozilje","32":"product_tag-polenovka","33":"product_tag-ribje-olje","34":"product_tag-sklepi","35":"product_tag-vitamin-a","36":"product_tag-vitamin-d","37":"product_tag-vnetja","39":"first","40":"outofstock","41":"taxable","42":"shipping-taxable","43":"purchasable","44":"product-type-simple"},"_links":{"self":[{"href":"https:\/\/fmed.eu\/de\/wp-json\/wp\/v2\/product\/59949","targetHints":{"allow":["GET"]}}],"collection":[{"href":"https:\/\/fmed.eu\/de\/wp-json\/wp\/v2\/product"}],"about":[{"href":"https:\/\/fmed.eu\/de\/wp-json\/wp\/v2\/types\/product"}],"replies":[{"embeddable":true,"href":"https:\/\/fmed.eu\/de\/wp-json\/wp\/v2\/comments?post=59949"}],"version-history":[{"count":1,"href":"https:\/\/fmed.eu\/de\/wp-json\/wp\/v2\/product\/59949\/revisions"}],"predecessor-version":[{"id":69116,"href":"https:\/\/fmed.eu\/de\/wp-json\/wp\/v2\/product\/59949\/revisions\/69116"}],"wp:featuredmedia":[{"embeddable":true,"href":"https:\/\/fmed.eu\/de\/wp-json\/wp\/v2\/media\/59950"}],"wp:attachment":[{"href":"https:\/\/fmed.eu\/de\/wp-json\/wp\/v2\/media?parent=59949"}],"wp:term":[{"taxonomy":"brand","embeddable":true,"href":"https:\/\/fmed.eu\/de\/wp-json\/wp\/v2\/etheme_brands?post=59949"},{"taxonomy":"product_brand","embeddable":true,"href":"https:\/\/fmed.eu\/de\/wp-json\/wp\/v2\/product_brand?post=59949"},{"taxonomy":"product_cat","embeddable":true,"href":"https:\/\/fmed.eu\/de\/wp-json\/wp\/v2\/product_cat?post=59949"},{"taxonomy":"product_tag","embeddable":true,"href":"https:\/\/fmed.eu\/de\/wp-json\/wp\/v2\/product_tag?post=59949"}],"curies":[{"name":"wp","href":"https:\/\/api.w.org\/{rel}","templated":true}]}}