{"id":60041,"date":"2021-12-07T09:37:07","date_gmt":"2021-12-07T09:37:07","guid":{"rendered":"https:\/\/fmed.eu\/product\/crna-detelja-natures-answer\/"},"modified":"2025-04-22T13:05:01","modified_gmt":"2025-04-22T11:05:01","slug":"crna-detelja-natures-answer","status":"publish","type":"product","link":"https:\/\/fmed.eu\/de\/produkt\/crna-detelja-natures-answer\/","title":{"rendered":"Rde\u010da Detelja (Red Clover), Nature&#8217;s Answer"},"content":{"rendered":"<p>Premium kakovost: &#8220;Nature&#8217;s Answer Fluid Parts Red Clover Arial Parts Extract&#8221; brez alkohola je koncentriran zeli\u0161\u010dni izvle\u010dek, narejen iz nadzemnih delov rde\u010de detelje, predvsem rde\u010dih cvetov. Ponuja izjemne prednosti 2000 mg posu\u0161ene rastline na porcijo. Nature&#8217;s Answer brezalkoholni izvle\u010dki so proizvedeni z uporabo alkohola, vode in naravnih ekstraktantov ter ohranjajo njihovo naravno celostno ravnovesje. Alkohol in ekstrakcijski materiali se odstranijo z na\u0161im edinstvenim biokelatiranim postopkom hladne ekstrakcije.<\/p>\n<p>Brez glutena, brez alkohola, veganski izdelek.<\/p>\n<p>Vrhovi rde\u010de detelje (Trifolium pratense) so cveto\u010di del rastline iz botani\u010dne dru\u017eine Fabaceae. Rde\u010da detelja je zlahka prepoznavna in raste na poljih in neobdelanih zemlji\u0161\u010dih na \u0161tevilnih obmo\u010djih ob\u010dine. Cvet izzveni pozno spomladi in pogosto traja ali cveti do zgodnje jeseni. Del rastline, ki se uporablja za pripravo zeli\u0161\u010dnih \u010dajev in tinktur, je cvetni vrh.<\/p>\n<p>Rde\u010da detelja se nana\u0161a na vijoli\u010dne cvetove, ki rastejo na vrhu te rastline. Pravzaprav jo nekateri raje imenujejo vijoli\u010dna detelja kot rde\u010da detelja. Vsekakor ga barva razlikuje od belih cvetnih vr\u0161i\u010dkov, ki krasijo podobne, a manj\u0161e vrste, znane kot Trifolium repens. Detelja spada v dru\u017eino stro\u010dnic, tako kot ara\u0161idi in fi\u017eol, zato ne presene\u010da ugotovitev, da se \u017eivali na njej pogosto pasejo v naravi. Rde\u010da detelja je bila tradicionalna podpora zdravju.<\/p>\n<p>Rde\u010da detelja vsebuje \u0161tevilne naravne sestavine, vklju\u010dno z izoflavoni, flavonoidi, pterokarpani, kumarini, tiramin, daidzein, genistein, formononetin, biochanin A, kuestrol in naringenin. Ugotovljeno je bilo, da ve\u010d teh naravnih blago fitoestrogenih spojin pomaga \u017eenskam vzdr\u017eevati ravnovesje v smislu hormonskih sprememb, kot je podpora menopavzi.<\/p>\n<p>Vrhovi rde\u010de detelje vsebujejo tudi \u0161tevilne vitamine, minerale in hranila, kot so vitamini B, vitamin C, kalcij, magnezij in krom. Poleg vseh teh \u010dudovitih lastnosti je rde\u010da detelja nacionalna ro\u017ea Danske in dr\u017eavna ro\u017ea Vermonta! Nature&#8217;s Answer Red Clover Tops brez alkohola ponuja super koncentriran \u010disti ekstrakt, brez dodanih sladkorjev ali alkohola.<\/p>\n","protected":false},"excerpt":{"rendered":"<p>Koncentriran zeli\u0161\u010dni izvle\u010dek \u010crne Detelje brez alkohola podpira naravno ravnovesje hormonskih sprememb in zdravja na splo\u0161no<\/p>\n","protected":false},"featured_media":60042,"comment_status":"open","ping_status":"closed","template":"","meta":[],"etheme_brands":[{"term_id":4661,"name":"Nature's Answer","slug":"natures-answer","term_group":0,"term_taxonomy_id":4661,"taxonomy":"brand","description":"Nature's Answer\u00ae kot eden najve\u010djih in najstarej\u0161ih ameri\u0161kih proizvajalcev prehranskih dodatkov ima ponosno tradicijo zagotavljanja sestavin najvi\u0161je kakovosti in \u010distosti v vsakem proizvodu \u017ee od leta 1972. Edinstveno lahko zagotavljajo te standarde za vse njihove teko\u010de rastlinske izvle\u010dke, saj oboje proizvajajo in pakirajo.\nDanes Nature's Answer\u00ae \u0161e naprej zdru\u017euje najbolj\u0161a tradicionalna zeli\u0161\u010dna zdravila, vitamine in minerale z inovativnimi znanstvenimi tehnikami in fitofarmacevtskimi postopki, ki prina\u0161ajo dodatke najbolj\u0161e kakovosti in vrednosti za vso dru\u017eino.","parent":0,"count":5,"filter":"raw"}],"product_brand":[],"product_cat":[3732,3733,3875,5384,3723,3716,3736,3739,3740,3725,3755,3726],"product_tag":[5521,5449,5468,5540,5491,5637,5496,5639,5455,5641,5636,5522],"class_list":{"0":"post-60041","1":"product","2":"type-product","3":"status-publish","4":"has-post-thumbnail","6":"brand-natures-answer","7":"product_cat-energija-in-motivacija","8":"product_cat-imunski-sistem","9":"product_cat-novo-v-ponudbi","10":"product_cat-obvladovanje-stresa","11":"product_cat-podpora-srca-in-ozilja","12":"product_cat-prebava-zelodec-crevesje","13":"product_cat-spomin-in-zdravje-mozganov","14":"product_cat-uravnavanje-hormonov","15":"product_cat-uravnavanje-krvnega-sladkorja","16":"product_cat-vitamini-in-minerali","17":"product_cat-vnetja-avtoimune-bolezni","18":"product_cat-vnetja-kosti-in-sklepi","19":"product_tag-bolecine","20":"product_tag-depresija","21":"product_tag-diabetes","22":"product_tag-holesterol","23":"product_tag-hujsanje","24":"product_tag-krvni-pritisk","25":"product_tag-ozilje","26":"product_tag-polenovka","27":"product_tag-sklepi","28":"product_tag-vitamin-a","29":"product_tag-vitamin-d","30":"product_tag-vnetja","32":"first","33":"outofstock","34":"taxable","35":"shipping-taxable","36":"purchasable","37":"product-type-simple"},"_links":{"self":[{"href":"https:\/\/fmed.eu\/de\/wp-json\/wp\/v2\/product\/60041","targetHints":{"allow":["GET"]}}],"collection":[{"href":"https:\/\/fmed.eu\/de\/wp-json\/wp\/v2\/product"}],"about":[{"href":"https:\/\/fmed.eu\/de\/wp-json\/wp\/v2\/types\/product"}],"replies":[{"embeddable":true,"href":"https:\/\/fmed.eu\/de\/wp-json\/wp\/v2\/comments?post=60041"}],"version-history":[{"count":1,"href":"https:\/\/fmed.eu\/de\/wp-json\/wp\/v2\/product\/60041\/revisions"}],"predecessor-version":[{"id":69289,"href":"https:\/\/fmed.eu\/de\/wp-json\/wp\/v2\/product\/60041\/revisions\/69289"}],"wp:featuredmedia":[{"embeddable":true,"href":"https:\/\/fmed.eu\/de\/wp-json\/wp\/v2\/media\/60042"}],"wp:attachment":[{"href":"https:\/\/fmed.eu\/de\/wp-json\/wp\/v2\/media?parent=60041"}],"wp:term":[{"taxonomy":"brand","embeddable":true,"href":"https:\/\/fmed.eu\/de\/wp-json\/wp\/v2\/etheme_brands?post=60041"},{"taxonomy":"product_brand","embeddable":true,"href":"https:\/\/fmed.eu\/de\/wp-json\/wp\/v2\/product_brand?post=60041"},{"taxonomy":"product_cat","embeddable":true,"href":"https:\/\/fmed.eu\/de\/wp-json\/wp\/v2\/product_cat?post=60041"},{"taxonomy":"product_tag","embeddable":true,"href":"https:\/\/fmed.eu\/de\/wp-json\/wp\/v2\/product_tag?post=60041"}],"curies":[{"name":"wp","href":"https:\/\/api.w.org\/{rel}","templated":true}]}}