{"id":60225,"date":"2021-12-14T15:48:12","date_gmt":"2021-12-14T15:48:12","guid":{"rendered":"https:\/\/fmed.eu\/product\/gaba-vitamin-b6\/"},"modified":"2026-01-06T12:36:30","modified_gmt":"2026-01-06T10:36:30","slug":"gaba-vitamin-b6","status":"publish","type":"product","link":"https:\/\/fmed.eu\/de\/produkt\/gaba-vitamin-b6\/","title":{"rendered":"GABA z vitaminom B6, Now Foods, 500mg, 200 kaspul"},"content":{"rendered":"<p>Now Foods GABA z Vitaminom B6 &#8211; 200 vegetarianskih kapsul<\/p>\n<p>Now foods GABA vsebuje:<\/p>\n<p>Gama-aminobutiri\u010dne kisline (GABA) in<\/p>\n<p>Vitamin B6.<\/p>\n<p>Produkt zavira nekontroliran tok misli in s tem umirja. \u0160e posebej je koristen kadar ste utrujeni in hkrati na\u0161e misli nenadzorovano meljejo in begajo, ter vam prepre\u010dujejo, da se umirite, spo\u010dijete ali zaspite.<\/p>\n<p>Na GABA sistemu delujejo npr. sedativna zdravila (pomirjevala), GABA z vitaminom B6 pa ta sistem upravlja naravno, torej va\u0161emu telesu omogo\u010di, da deluje po svoji najbolj\u0161i mo\u010di. Prav zato po GABA z vitaminom B6 ne boste \u00bbzadeti\u00ab in tudi avtomobil lahko upravljate normalno. Produkt GABA z vitaminom B6 vas bo umiril in vam pomagal, da se osredoto\u010dite na in fokusirate na eno misel namesto na 1000.<\/p>\n<p>Za koga je GABA z vitaminom B6 primeren?<\/p>\n<p>GABA calm lahko uporabljate, \u010de:<\/p>\n<p>imate zve\u010der te\u017eave zaspati, ker vam misli begajo.<\/p>\n<p>Lahko jo uporabljate kadar se morate u\u010diti in fokusirati ne eno stvar.<\/p>\n<p>Primerna je tudi za boj proti stresu, \u0161e posebej, kadar vas kaj mo\u010dno obremenjuje (projekt slu\u017ebi, te\u017eave doma\u2026).<\/p>\n","protected":false},"excerpt":{"rendered":"<p>GABA vas umiri, kadar vam misli begajo in vam pomaga pri fokusu in spanju.<\/p>\n","protected":false},"featured_media":60226,"comment_status":"open","ping_status":"closed","template":"","meta":[],"etheme_brands":[{"term_id":4646,"name":"Now Foods","slug":"now-foods","term_group":0,"term_taxonomy_id":4646,"taxonomy":"brand","description":"Now Foods je dru\u017einsko podjetje, ki je nastalo leta 1968. V podjetju prisegajo na naravne in organske proizvode, kar je uslu\u017ebencem in znamki sami prineslo \u0161tevilne nagrade in priznanja. Osrednji moto podjetja je proizvajati visokokakovostne izdelke, ki so strankam cenovno dostopni.","parent":0,"count":33,"filter":"raw"}],"product_brand":[],"product_cat":[5384,3735,3736],"product_tag":[5448,5449,5685,5506,5686,5464,5465,5470],"class_list":{"0":"post-60225","1":"product","2":"type-product","3":"status-publish","4":"has-post-thumbnail","6":"brand-now-foods","7":"product_cat-obvladovanje-stresa","8":"product_cat-spanje-insomnia","9":"product_cat-spomin-in-zdravje-mozganov","10":"product_tag-anksioznost","11":"product_tag-depresija","12":"product_tag-fenibut","13":"product_tag-fokus","14":"product_tag-insomnia","15":"product_tag-spanje","16":"product_tag-sproscanje","17":"product_tag-stres","19":"first","20":"instock","21":"taxable","22":"shipping-taxable","23":"purchasable","24":"product-type-simple"},"_links":{"self":[{"href":"https:\/\/fmed.eu\/de\/wp-json\/wp\/v2\/product\/60225","targetHints":{"allow":["GET"]}}],"collection":[{"href":"https:\/\/fmed.eu\/de\/wp-json\/wp\/v2\/product"}],"about":[{"href":"https:\/\/fmed.eu\/de\/wp-json\/wp\/v2\/types\/product"}],"replies":[{"embeddable":true,"href":"https:\/\/fmed.eu\/de\/wp-json\/wp\/v2\/comments?post=60225"}],"version-history":[{"count":1,"href":"https:\/\/fmed.eu\/de\/wp-json\/wp\/v2\/product\/60225\/revisions"}],"predecessor-version":[{"id":69275,"href":"https:\/\/fmed.eu\/de\/wp-json\/wp\/v2\/product\/60225\/revisions\/69275"}],"wp:featuredmedia":[{"embeddable":true,"href":"https:\/\/fmed.eu\/de\/wp-json\/wp\/v2\/media\/60226"}],"wp:attachment":[{"href":"https:\/\/fmed.eu\/de\/wp-json\/wp\/v2\/media?parent=60225"}],"wp:term":[{"taxonomy":"brand","embeddable":true,"href":"https:\/\/fmed.eu\/de\/wp-json\/wp\/v2\/etheme_brands?post=60225"},{"taxonomy":"product_brand","embeddable":true,"href":"https:\/\/fmed.eu\/de\/wp-json\/wp\/v2\/product_brand?post=60225"},{"taxonomy":"product_cat","embeddable":true,"href":"https:\/\/fmed.eu\/de\/wp-json\/wp\/v2\/product_cat?post=60225"},{"taxonomy":"product_tag","embeddable":true,"href":"https:\/\/fmed.eu\/de\/wp-json\/wp\/v2\/product_tag?post=60225"}],"curies":[{"name":"wp","href":"https:\/\/api.w.org\/{rel}","templated":true}]}}