{"id":60261,"date":"2021-12-14T16:13:09","date_gmt":"2021-12-14T16:13:09","guid":{"rendered":"https:\/\/fmed.eu\/product\/rhodiola-now-foods-stres\/"},"modified":"2025-04-22T13:04:58","modified_gmt":"2025-04-22T11:04:58","slug":"rhodiola-now-foods-stres","status":"publish","type":"product","link":"https:\/\/fmed.eu\/de\/produkt\/rhodiola-now-foods-stres\/","title":{"rendered":"Rhodiola 500mg, Now Foods, 60 kapsul"},"content":{"rendered":"<p>Now Foods Rhodiola &#8211; 60 vegetarianskih kapsul, 500mg<\/p>\n<p>Rhodiola (Rhodiola rosea) je avtohtona v arkti\u010dnih in alpskih regijah Evrope, Azije in Amerike in so jo \u0161tevilne kulture, vklju\u010dno s starimi Grki, \u017ee dolgo uporabljale kot tonik. Rhodiola je splo\u0161no znana kot &#8220;adaptogen&#8221;, izraz, ki se nana\u0161a na katero koli sredstvo, ki ima sposobnost podpiranja naravne sposobnosti telesa, da se prilagodi spreminjajo\u010dim se \u017eivljenjskim razmeram.<\/p>\n<p>3 % STANDARDIZIRANI IZVLE\u010cEK: Now Foods Rhodiola je standardizirana na 3 % vseh rosavinov in 1 % salidrozida<\/p>\n<p>ZGODOVINSKA UPORABA: Rhodiola je avtohtona v arkti\u010dnih in alpskih regijah Evrope, Azije in Amerike in so jo \u0161tevilne kulture, vklju\u010dno s starimi Grki, \u017ee dolgo uporabljale kot tonik.<\/p>\n<p>ADAPTOGENO ZELI\u0160\u010cE*: Rhodiola je splo\u0161no znana kot adaptogen, izraz, ki se nana\u0161a na katero koli sredstvo, ki ima sposobnost podpiranja naravne sposobnosti telesa, da se prilagodi spreminjajo\u010dim se \u017eivljenjskim razmeram.<\/p>\n<p>Zagotovljena kakovost GMP: certifikat GMP z oceno NPA A pomeni, da je bil preverjen vsak vidik proizvodnega procesa NOW, vklju\u010dno z na\u0161imi laboratorijskimi\/testnimi metodami (za stabilnost, mo\u010d in formulacijo izdelka)<\/p>\n","protected":false},"excerpt":{"rendered":"<p>Rhodiola je splo\u0161no znana kot adaptogen, izraz, ki se nana\u0161a na katero koli sredstvo, ki ima sposobnost podpiranja naravne sposobnosti telesa, da se prilagodi spreminjajo\u010dim se \u017eivljenjskim razmeram.<\/p>\n","protected":false},"featured_media":60242,"comment_status":"open","ping_status":"closed","template":"","meta":[],"etheme_brands":[{"term_id":4646,"name":"Now Foods","slug":"now-foods","term_group":0,"term_taxonomy_id":4646,"taxonomy":"brand","description":"Now Foods je dru\u017einsko podjetje, ki je nastalo leta 1968. V podjetju prisegajo na naravne in organske proizvode, kar je uslu\u017ebencem in znamki sami prineslo \u0161tevilne nagrade in priznanja. Osrednji moto podjetja je proizvajati visokokakovostne izdelke, ki so strankam cenovno dostopni.","parent":0,"count":33,"filter":"raw"}],"product_brand":[],"product_cat":[5384,3735,3736],"product_tag":[5448,5449,5685,5506,5686,5464,5465,5470],"class_list":{"0":"post-60261","1":"product","2":"type-product","3":"status-publish","4":"has-post-thumbnail","6":"brand-now-foods","7":"product_cat-obvladovanje-stresa","8":"product_cat-spanje-insomnia","9":"product_cat-spomin-in-zdravje-mozganov","10":"product_tag-anksioznost","11":"product_tag-depresija","12":"product_tag-fenibut","13":"product_tag-fokus","14":"product_tag-insomnia","15":"product_tag-spanje","16":"product_tag-sproscanje","17":"product_tag-stres","19":"first","20":"outofstock","21":"taxable","22":"shipping-taxable","23":"purchasable","24":"product-type-simple"},"_links":{"self":[{"href":"https:\/\/fmed.eu\/de\/wp-json\/wp\/v2\/product\/60261","targetHints":{"allow":["GET"]}}],"collection":[{"href":"https:\/\/fmed.eu\/de\/wp-json\/wp\/v2\/product"}],"about":[{"href":"https:\/\/fmed.eu\/de\/wp-json\/wp\/v2\/types\/product"}],"replies":[{"embeddable":true,"href":"https:\/\/fmed.eu\/de\/wp-json\/wp\/v2\/comments?post=60261"}],"version-history":[{"count":1,"href":"https:\/\/fmed.eu\/de\/wp-json\/wp\/v2\/product\/60261\/revisions"}],"predecessor-version":[{"id":69273,"href":"https:\/\/fmed.eu\/de\/wp-json\/wp\/v2\/product\/60261\/revisions\/69273"}],"wp:featuredmedia":[{"embeddable":true,"href":"https:\/\/fmed.eu\/de\/wp-json\/wp\/v2\/media\/60242"}],"wp:attachment":[{"href":"https:\/\/fmed.eu\/de\/wp-json\/wp\/v2\/media?parent=60261"}],"wp:term":[{"taxonomy":"brand","embeddable":true,"href":"https:\/\/fmed.eu\/de\/wp-json\/wp\/v2\/etheme_brands?post=60261"},{"taxonomy":"product_brand","embeddable":true,"href":"https:\/\/fmed.eu\/de\/wp-json\/wp\/v2\/product_brand?post=60261"},{"taxonomy":"product_cat","embeddable":true,"href":"https:\/\/fmed.eu\/de\/wp-json\/wp\/v2\/product_cat?post=60261"},{"taxonomy":"product_tag","embeddable":true,"href":"https:\/\/fmed.eu\/de\/wp-json\/wp\/v2\/product_tag?post=60261"}],"curies":[{"name":"wp","href":"https:\/\/api.w.org\/{rel}","templated":true}]}}