{"id":60285,"date":"2021-11-24T06:39:17","date_gmt":"2021-11-24T04:39:17","guid":{"rendered":"https:\/\/fmed.eu\/product\/vitamin-d3-2-000-ie-240-softgel\/"},"modified":"2025-03-04T11:58:37","modified_gmt":"2025-03-04T11:58:37","slug":"vitamin-d3-2-000-ie-240-softgel","status":"publish","type":"product","link":"https:\/\/fmed.eu\/de\/produkt\/vitamin-d3-2-000-ie-240-softgel\/","title":{"rendered":"Vitamin D3 2.000 IE 240 Kapseln"},"content":{"rendered":"<h2>Vitamin D3 2.000 IE x 240 Kapseln<\/h2>\n<p>Vitamin D3 ist eines der beliebtesten Vitamine unserer Zeit. Teils ist dieser Ruf berechtigt, teils nat\u00fcrlich nicht. Tatsache ist, dass Vitamin D kein Heilmittel f\u00fcr alle Krankheiten ist, aber es stimmt auch, dass es den meisten Menschen fehlt. Warum ist das so?<\/p>\n<h3>Warum fehlt den meisten Menschen Vitamin D?<\/h3>\n<p>Die Hauptquelle f\u00fcr Vitamin D ist die UV-Strahlung der Sonne, die Enzyme in der Haut stimuliert, die Cholesterin in Vitamin D umwandeln. Wir haben einmal den ganzen Tag in der Sonne verbracht, jeden Tag, ohne jeden Schutz, und wir leben immer noch in solchen K\u00f6rpern.<\/p>\n<p>Untersuchungen zeigen, dass man in einer urbanen Siedlung wie unserer jeden Tag fast 6 Stunden ohne T-Shirt in der Sonne liegen sollte, um gen\u00fcgend Vitamin D zu bekommen.<\/p>\n<p>Nat\u00fcrlich sind die Menschen unterschiedlich und auch die Menge an Vitamin D, die wir von der Sonne bekommen (z. B. erschwert dunklere Haut die Produktion von Vitamin D).<\/p>\n<p>Unsere Nahrung ist auch an Vitamin D ersch\u00f6pft. Die beste Quelle f\u00fcr Vitamin D ist fetter Fisch, deshalb ist es auch<a href=\"\/?p=9925\"> hochwertiges Fisch\u00f6l ist eine gute Quelle f\u00fcr Vitamin D.<\/a> . Auf dem Festland war Schmalz lange Zeit die gr\u00f6\u00dfte Nahrungsquelle f\u00fcr Vitamin D, vorausgesetzt, die Schweine standen in der Sonne, was heute eher die Ausnahme als die Regel ist.<\/p>\n<p>Wir kennen keine pflanzlichen Quellen f\u00fcr hochwertiges Vitamin D. Einige Pilze enthalten hohe Mengen an Vitamin D, welches in Form von D2 (Ergocalciferol) f\u00fcr den menschlichen K\u00f6rper nicht geeignet ist und sogar die Symptome eines Vitamin-D-Mangels im K\u00f6rper verschlimmern kann.<\/p>\n<h3>Welches Vitamin D soll ich w\u00e4hlen?<\/h3>\n<p>Stellen Sie zun\u00e4chst sicher, dass das Produkt von guter Qualit\u00e4t ist. Vitamin D hat keine hohen Qualit\u00e4tsanforderungen, aber achten Sie darauf, dass es in Form von Softgels (kleine Weichkapseln, die Vitamin D in \u00d6l gel\u00f6st enthalten, was die Aufnahme verbessert) vorliegt.<\/p>\n<p>Achten Sie au\u00dferdem darauf, dass nur Vitamin D3 (Cholecalciferol) enthalten ist und nicht D2 (Ergocalciferol).<\/p>\n<p>Wenn Sie nach einer t\u00e4glichen Erhaltungsdosis suchen, liegt diese zwischen 2000 und 5000 IE pro Tag, aber wenn Sie einen Mangel haben, ist es sinnvoll, diese zu ersetzen<a href=\"\/?p=10718\"> 10.000 IE<\/a> einige Monate lang t\u00e4glich und \u00fcberpr\u00fcfen Sie dann den Zustand im Blut.<\/p>\n<h3>Was ist wichtig bei der Einnahme von Vitamin D<\/h3>\n<p>Wichtig ist vor allem, die richtige Dosis f\u00fcr sich selbst zu finden, denn sowohl zu wenig als auch zu viel Vitamin D ist sch\u00e4dlich f\u00fcr den K\u00f6rper. Wenn Sie Schwierigkeiten haben, eine Dosis f\u00fcr sich selbst zu finden,<a href=\"\/?page_id=6298\"> kontaktiere uns<\/a> und wir helfen Ihnen gerne weiter.<\/p>\n<p>Vitamin D wirkt immer in Kombination mit zwei anderen fettl\u00f6slichen Vitaminen, n\u00e4mlich Vitamin A und<a href=\"\/?p=9924\"> Vitamin K<\/a> . Stellen Sie sicher, dass Sie auch genug davon bekommen, um Ungleichgewichte zu vermeiden.<\/p>\n<h3><strong>VITAMIN D hat nachgewiesene positive Eigenschaften:<\/strong><\/h3>\n<ul>\n<li>tr\u00e4gt zur normalen Aufnahme \/ Verwertung von Calcium und Phosphor bei<\/li>\n<li>tr\u00e4gt zu einem normalen Calciumspiegel im Blut bei<\/li>\n<li>tr\u00e4gt zur Erhaltung gesunder Knochen bei,<\/li>\n<li>tr\u00e4gt zur Muskelfunktion bei<\/li>\n<li>tr\u00e4gt zur Funktion des Immunsystems bei<\/li>\n<li>spielt eine Rolle bei der Zellteilung<\/li>\n<\/ul>\n<div><\/div>\n<div><\/div>\n<div><\/div>\n","protected":false},"excerpt":{"rendered":"<p>2000 IE Vitamin D f\u00fcr Muskeln und Knochen und das Immunsystem. Empfohlen gegen COVID-19.<\/p>\n<div><\/div>\n","protected":false},"featured_media":59897,"comment_status":"open","ping_status":"closed","template":"","meta":[],"etheme_brands":[{"term_id":4757,"name":"Healthy Origins","slug":"healthy-origins-de","term_group":0,"term_taxonomy_id":4757,"taxonomy":"brand","description":"Healthy Origins ist ein amerikanisches Unternehmen, das 1996 gegr\u00fcndet wurde. Ein gro\u00dfer Teil ihrer Produkte enth\u00e4lt patentierte Inhaltsstoffe der besten Hersteller. Das Unternehmen behauptet, dass sie immer alles auf dem Etikett angeben, das in den Produkten zu finden ist.","parent":0,"count":10,"filter":"raw"}],"product_brand":[],"product_cat":[5409,3856,3851,5430,3858,3853,5406,3854],"product_tag":[6262],"class_list":{"0":"post-60285","1":"product","2":"type-product","3":"status-publish","4":"has-post-thumbnail","6":"brand-healthy-origins-de","7":"product_cat-dojencki-in-otroci-de","8":"product_cat-entzundung-knochen-und-gelenke","9":"product_cat-entzundungen-autoimmunerkrankungen","10":"product_cat-erkaltungen","11":"product_cat-herz-kreislauf-unterstutzung","12":"product_cat-immunsystem","13":"product_cat-vitamin-d-de","14":"product_cat-vitamine-und-mineralien","15":"product_tag-muskulatur","17":"first","18":"outofstock","19":"taxable","20":"shipping-taxable","21":"purchasable","22":"product-type-simple"},"_links":{"self":[{"href":"https:\/\/fmed.eu\/de\/wp-json\/wp\/v2\/product\/60285","targetHints":{"allow":["GET"]}}],"collection":[{"href":"https:\/\/fmed.eu\/de\/wp-json\/wp\/v2\/product"}],"about":[{"href":"https:\/\/fmed.eu\/de\/wp-json\/wp\/v2\/types\/product"}],"replies":[{"embeddable":true,"href":"https:\/\/fmed.eu\/de\/wp-json\/wp\/v2\/comments?post=60285"}],"version-history":[{"count":0,"href":"https:\/\/fmed.eu\/de\/wp-json\/wp\/v2\/product\/60285\/revisions"}],"wp:featuredmedia":[{"embeddable":true,"href":"https:\/\/fmed.eu\/de\/wp-json\/wp\/v2\/media\/59897"}],"wp:attachment":[{"href":"https:\/\/fmed.eu\/de\/wp-json\/wp\/v2\/media?parent=60285"}],"wp:term":[{"taxonomy":"brand","embeddable":true,"href":"https:\/\/fmed.eu\/de\/wp-json\/wp\/v2\/etheme_brands?post=60285"},{"taxonomy":"product_brand","embeddable":true,"href":"https:\/\/fmed.eu\/de\/wp-json\/wp\/v2\/product_brand?post=60285"},{"taxonomy":"product_cat","embeddable":true,"href":"https:\/\/fmed.eu\/de\/wp-json\/wp\/v2\/product_cat?post=60285"},{"taxonomy":"product_tag","embeddable":true,"href":"https:\/\/fmed.eu\/de\/wp-json\/wp\/v2\/product_tag?post=60285"}],"curies":[{"name":"wp","href":"https:\/\/api.w.org\/{rel}","templated":true}]}}