{"id":60341,"date":"2021-12-23T12:41:33","date_gmt":"2021-12-23T12:41:33","guid":{"rendered":"https:\/\/fmed.eu\/product\/popolni-probiotiki-za-macke-in-pse-complete-probiotics-dr-mercola\/"},"modified":"2025-04-22T13:04:57","modified_gmt":"2025-04-22T11:04:57","slug":"popolni-probiotiki-za-macke-in-pse-complete-probiotics-dr-mercola","status":"publish","type":"product","link":"https:\/\/fmed.eu\/de\/produkt\/popolni-probiotiki-za-macke-in-pse-complete-probiotics-dr-mercola\/","title":{"rendered":"Popolni Probiotiki za ma\u010dke in pse (Complete Probiotics Bark&amp;Whiskers ), Dr. Mercola, 90g"},"content":{"rendered":"<p>Popolni Probiotiki za ma\u010dke in pse (Complete Probiotics), Dr. Mercola<\/p>\n<p>Zdravje \u010drevesja je eden od 10 najbolj\u0161ih razlogov, zakaj lastniki hi\u0161nih ljubljen\u010dkov pripeljejo svoje hi\u0161ne ljubljen\u010dke k veterinarju zaradi zdravstvene oskrbe. Podpora zdravju prebavil va\u0161ega ljubljen\u010dka je klju\u010dni dejavnik pri zagotavljanju najbolj\u0161ega mo\u017enega \u017eivljenja, probiotiki pa ga lahko spravijo na pravo pot. Na\u0161i popolni probiotiki za hi\u0161ne ljubljen\u010dke zagotavljajo va\u0161i ma\u010dki ali psu 38 milijard CFU koristnih bakterij iz 14 skrbno izbranih sevov, za katere je znano, da spodbujajo optimalno zdravje prebavil pri hi\u0161nih ljubljen\u010dkih. Ti sevi, ki spodbujajo zdravje, pre\u017eivijo \u017eelod\u010dno kislino, da dose\u017eejo njihovo tanko \u010drevo, za razliko od nekaterih izdelkov na osnovi acidofilusa.<\/p>\n<p>Na\u0161a izjemna formula pomaga: spodbujati ravnovesje \u010drevesnih bakterij z zagotavljanjem optimalnega okolja za rast koristnih bakterij. Podpira delovanje imunskega sistema s podpiranjem normalnih procesov razstrupljanja. Podpira proizvodnjo vitaminov B, zlasti folne kisline, biotina in vitamina K. Podpira proizvodnjo mle\u010dne kisline za pravilne prebavne procese in ravnovesje pH debelega \u010drevesa. Spodbujajte pravilnost in vzdr\u017eujte ustrezen \u010das prehoda \u010drevesja. Naredite pomemben korak k ohranjanju sre\u010dnega in uspe\u0161nega prebavnega in imunskega sistema va\u0161ega ljubljen\u010dka ter naro\u010dite svojo zalogo popolnih probiotikov za hi\u0161ne ljubljen\u010dke \u0161e danes.<\/p>\n<p>Pomaga pri vzdr\u017eevanju pravilne \u010drevesne flore in zdravega \u010drevesnega trakta<br \/>\nSamo za uporabo pri ma\u010dkah in psih. Priporo\u010dljivo za pomo\u010d pri pravilni prebavi in \u200b\u200bzdravju \u010drevesja.<\/p>\n<p>Zdravje \u010drevesja je eden od 10 najbolj\u0161ih razlogov, zakaj lastniki pripeljejo svoje hi\u0161ne ljubljen\u010dke v zdravstveno varstvo.<\/p>\n<p>Podpora zdravju prebavil va\u0161ega ljubljen\u010dka je klju\u010dni dejavnik, ki pomaga zagotoviti, da va\u0161 ljubljen\u010dek \u017eivi najbolj\u0161e mo\u017eno \u017eivljenje.<\/p>\n<p>Izjemni popolni probiotiki za hi\u0161ne ljubljen\u010dke:<\/p>\n<p>Zdru\u017euje ve\u010d kot 10 najmo\u010dnej\u0161ih sevov koristnih bakterij, ki so naju\u010dinkovitej\u0161e za spodbujanje optimalnega zdravja prebavil pri va\u0161ih ma\u010dkah in psih.<br \/>\nZagotavlja ve\u010d kot 58 milijard bakterij v vsaki porciji, \u010de je uporabljena do datuma poteka, natisnjenega na embala\u017ei<br \/>\nPodpira delovanje imunskega sistema va\u0161ega ljubljen\u010dka, tako da mu pomaga odstraniti toksine<br \/>\nJe mo\u010dan na\u010din, da svojim ljubljen\u010dkom ponudite sre\u010dno in zdravo \u017eivljenje<br \/>\nPodpira proizvodnjo vitaminov B, zlasti folne kisline in biotina, ter vitamina K pri va\u0161em ljubljen\u010dku<br \/>\nProbiotiki lahko va\u0161e<\/p>\n","protected":false},"excerpt":{"rendered":"<p>Popolni probiotiki spodbujajo optimalno rast zdravih bakterij in zagotavljajo podporo va\u0161emu imunskemu zdravju.<\/p>\n","protected":false},"featured_media":60342,"comment_status":"open","ping_status":"closed","template":"","meta":[],"etheme_brands":[{"term_id":4655,"name":"Dr. Mercola","slug":"dr-mercola","term_group":0,"term_taxonomy_id":4655,"taxonomy":"brand","description":"Dr. Mercola ponuja ali priporo\u010da izdelke, \u0161ele potem, ko je on ali njegova raziskovalna skupina aktivno testirala in pregledala vsako sestavino. Poleg tega ustvarja samo izdelke, za katere ve, da jih bo uporabljal tudi sam in bi priporo\u010dal svoji dru\u017eini in prijateljem.","parent":0,"count":6,"filter":"raw"}],"product_brand":[],"product_cat":[3731,3722,3732,3733,3875,3716,3750,3724],"product_tag":[5488,5489,5436,5490,5474,5475],"class_list":{"0":"post-60341","1":"product","2":"type-product","3":"status-publish","4":"has-post-thumbnail","6":"brand-dr-mercola","7":"product_cat-akcija","8":"product_cat-antioksidanti","9":"product_cat-energija-in-motivacija","10":"product_cat-imunski-sistem","11":"product_cat-novo-v-ponudbi","12":"product_cat-prebava-zelodec-crevesje","13":"product_cat-probiotiki-in-prebiotiki","14":"product_cat-razstrupljanje-in-jetra","15":"product_tag-crevesje","16":"product_tag-disbioza","17":"product_tag-prebava","18":"product_tag-sibo","19":"product_tag-zapeka","20":"product_tag-zaprtje","22":"first","23":"outofstock","24":"taxable","25":"shipping-taxable","26":"purchasable","27":"product-type-simple"},"_links":{"self":[{"href":"https:\/\/fmed.eu\/de\/wp-json\/wp\/v2\/product\/60341","targetHints":{"allow":["GET"]}}],"collection":[{"href":"https:\/\/fmed.eu\/de\/wp-json\/wp\/v2\/product"}],"about":[{"href":"https:\/\/fmed.eu\/de\/wp-json\/wp\/v2\/types\/product"}],"replies":[{"embeddable":true,"href":"https:\/\/fmed.eu\/de\/wp-json\/wp\/v2\/comments?post=60341"}],"version-history":[{"count":1,"href":"https:\/\/fmed.eu\/de\/wp-json\/wp\/v2\/product\/60341\/revisions"}],"predecessor-version":[{"id":69266,"href":"https:\/\/fmed.eu\/de\/wp-json\/wp\/v2\/product\/60341\/revisions\/69266"}],"wp:featuredmedia":[{"embeddable":true,"href":"https:\/\/fmed.eu\/de\/wp-json\/wp\/v2\/media\/60342"}],"wp:attachment":[{"href":"https:\/\/fmed.eu\/de\/wp-json\/wp\/v2\/media?parent=60341"}],"wp:term":[{"taxonomy":"brand","embeddable":true,"href":"https:\/\/fmed.eu\/de\/wp-json\/wp\/v2\/etheme_brands?post=60341"},{"taxonomy":"product_brand","embeddable":true,"href":"https:\/\/fmed.eu\/de\/wp-json\/wp\/v2\/product_brand?post=60341"},{"taxonomy":"product_cat","embeddable":true,"href":"https:\/\/fmed.eu\/de\/wp-json\/wp\/v2\/product_cat?post=60341"},{"taxonomy":"product_tag","embeddable":true,"href":"https:\/\/fmed.eu\/de\/wp-json\/wp\/v2\/product_tag?post=60341"}],"curies":[{"name":"wp","href":"https:\/\/api.w.org\/{rel}","templated":true}]}}