{"id":60381,"date":"2022-01-04T10:06:23","date_gmt":"2022-01-04T10:06:23","guid":{"rendered":"https:\/\/fmed.eu\/product\/visoko-zmogljiva-serapeptaza-doctors-best\/"},"modified":"2025-04-22T13:04:57","modified_gmt":"2025-04-22T11:04:57","slug":"visoko-zmogljiva-serapeptaza-doctors-best","status":"publish","type":"product","link":"https:\/\/fmed.eu\/de\/produkt\/visoko-zmogljiva-serapeptaza-doctors-best\/","title":{"rendered":"Visoko zmogljiva Serapeptaza, Doctor&#8217;s Best"},"content":{"rendered":"<p>Doctor&#8217;s Best Serapeptaza<\/p>\n<p>Brez GSO\/brez glutena\/vegan<br \/>\nSerrapeptase (serratio-peptidase) je encim za prebavo beljakovin, izoliran iz prijazne bakterije Serratia E-15, odkrite v japonski sviloprejki, in se \u017ee ve\u010d kot tri desetletja uporablja kot prehransko dopolnilo v Evropi in Aziji. Doctor&#8217;s Best High Potency Serrapeptase 120,000 SPU je formuliran s Serrateric\u2122, vrhunsko alternativo enteri\u010dnim premazom, ki \u0161\u010diti posamezni encim, dokler ne dose\u017ee \u010drevesja za optimalno absorpcijo.<\/p>\n<p>Pomaga podpirati zdrave sinuse<\/p>\n<p>Pomaga pri razgradnji ne\u017eelenih beljakovin<\/p>\n","protected":false},"excerpt":{"rendered":"<p>Pomaga sprostiti sluznice pri gripi in prehladu ter razstruplja. Pomaga podpirati zdrave sinuse, Pomaga pri razgradnji ne\u017eelenih beljakovin<\/p>\n","protected":false},"featured_media":60382,"comment_status":"open","ping_status":"closed","template":"","meta":[],"etheme_brands":[{"term_id":4643,"name":"Doctor's Best","slug":"doctors-best","term_group":0,"term_taxonomy_id":4643,"taxonomy":"brand","description":"Doctor's Best je znamka, ki so jo leta 1990 ustanovili zdravniki. Podjetje ponuja ve\u010d kot 200 izdelkov, katerih ve\u010dina je narejenih iz sestavin lastne blagovne znamke. Podjetje se lahko pohvali z izdelki, ki jih odlikujejo standardi najvi\u0161je kakovosti.","parent":0,"count":32,"filter":"raw"}],"product_brand":[],"product_cat":[3722,3733,3875,3759,3756,3724],"product_tag":[5471,5440,5498,5451,5503,5445,5618,5458],"class_list":{"0":"post-60381","1":"product","2":"type-product","3":"status-publish","4":"has-post-thumbnail","6":"brand-doctors-best","7":"product_cat-antioksidanti","8":"product_cat-imunski-sistem","9":"product_cat-novo-v-ponudbi","10":"product_cat-pljuca-dihala","11":"product_cat-prehladna-obolenja","12":"product_cat-razstrupljanje-in-jetra","13":"product_tag-antioksidant","14":"product_tag-glutation","15":"product_tag-gripa","16":"product_tag-jetra","17":"product_tag-prehlad","18":"product_tag-razstrupljanje","19":"product_tag-sinusi","20":"product_tag-sluznica","22":"first","23":"outofstock","24":"taxable","25":"shipping-taxable","26":"purchasable","27":"product-type-simple"},"_links":{"self":[{"href":"https:\/\/fmed.eu\/de\/wp-json\/wp\/v2\/product\/60381","targetHints":{"allow":["GET"]}}],"collection":[{"href":"https:\/\/fmed.eu\/de\/wp-json\/wp\/v2\/product"}],"about":[{"href":"https:\/\/fmed.eu\/de\/wp-json\/wp\/v2\/types\/product"}],"replies":[{"embeddable":true,"href":"https:\/\/fmed.eu\/de\/wp-json\/wp\/v2\/comments?post=60381"}],"version-history":[{"count":1,"href":"https:\/\/fmed.eu\/de\/wp-json\/wp\/v2\/product\/60381\/revisions"}],"predecessor-version":[{"id":69264,"href":"https:\/\/fmed.eu\/de\/wp-json\/wp\/v2\/product\/60381\/revisions\/69264"}],"wp:featuredmedia":[{"embeddable":true,"href":"https:\/\/fmed.eu\/de\/wp-json\/wp\/v2\/media\/60382"}],"wp:attachment":[{"href":"https:\/\/fmed.eu\/de\/wp-json\/wp\/v2\/media?parent=60381"}],"wp:term":[{"taxonomy":"brand","embeddable":true,"href":"https:\/\/fmed.eu\/de\/wp-json\/wp\/v2\/etheme_brands?post=60381"},{"taxonomy":"product_brand","embeddable":true,"href":"https:\/\/fmed.eu\/de\/wp-json\/wp\/v2\/product_brand?post=60381"},{"taxonomy":"product_cat","embeddable":true,"href":"https:\/\/fmed.eu\/de\/wp-json\/wp\/v2\/product_cat?post=60381"},{"taxonomy":"product_tag","embeddable":true,"href":"https:\/\/fmed.eu\/de\/wp-json\/wp\/v2\/product_tag?post=60381"}],"curies":[{"name":"wp","href":"https:\/\/api.w.org\/{rel}","templated":true}]}}