{"id":60419,"date":"2022-01-04T13:37:45","date_gmt":"2022-01-04T13:37:45","guid":{"rendered":"https:\/\/fmed.eu\/product\/resveratrol-synergy-jarrow-formulas\/"},"modified":"2025-04-22T13:04:56","modified_gmt":"2025-04-22T11:04:56","slug":"resveratrol-synergy-jarrow-formulas","status":"publish","type":"product","link":"https:\/\/fmed.eu\/de\/produkt\/resveratrol-synergy-jarrow-formulas\/","title":{"rendered":"Resveratrol Synergy, Jarrow Formulas, 60 tablet"},"content":{"rendered":"<p>Jarrow Formulas Resveratrol Synergy ekstrakt 60 tablet x 200 mg<\/p>\n<p>Resveratrol je sestavina vina, ki je povezana z izbolj\u0161anim zdravjem in dalj\u0161im \u017eivljenjem. Resveratrol je verjetno najbolj poznan po tem, da podalj\u0161uje \u017eivljenje in skrbi za zdravje srca in o\u017eilja ima pa \u0161e veliko drugih pomembnih lastnosti.<\/p>\n<p>200 mg skupnega resveratrola<\/p>\n<p>S trans-Pterostilbenom (dimetilresveratrol)<\/p>\n<p>Podpira sr\u010dno-\u017eilno funkcijo in zdrav antioksidativni status<\/p>\n<p>Silbinol<\/p>\n<p>veganski produkt<\/p>\n<p>Prehransko dopolnilo<\/p>\n<p>Primerno za vegetarijance\/vegane<\/p>\n<p>Resveratrol je bioflavonoid , ki se nahaja v rde\u010dem vinu in je najverjetneje tudi njegova najbolj koristna sestavina. Proizvaja ga grozdje, da se za\u0161\u010diti pred toksini in najve\u010d ga vsebuje olup.<\/p>\n<p>Pri ljudeh je povezan z obrambo pred sr\u010dno-\u017eilnimi boleznimi ter inzulinsko rezistenco , z bioflavonoidi pa si deli tudi njihove klasi\u010dne lastnosti kot so zmanj\u0161evanje vnetij, za\u0161\u010dito pred osteoporozo , izbolj\u0161ano izgorevanje ma\u0161\u010dob in s tem la\u017eje huj\u0161anje ter zni\u017eevanje krvnega pritiska .<\/p>\n<p>Jarrow formulas Resveratrol vsebuje ekstrakt z najmanj 90% trans-resveratrola, ki je edina u\u010dinkovita oblika resveratrola za \u010dlove\u0161ko telo.<\/p>\n<p>Jarrow Formulas\u00ae Resveratrol Synergy\u00ae zdru\u017euje resveratrol (3,4&#8242;,5-trihidroksistilben) in druge naravno prisotne fenolne antioksidativne spojine, da tvori mo\u010dno sinergisti\u010dno formulo, ki spodbuja normalno aktivacijo endogene antioksidativne mre\u017ee telesa in podpira sr\u010dno-\u017eilni sistem. Pterostilbene (Silbinol\u00ae), znan tudi kot dimetilresveratrol, je naravno prisotna, metilirana oblika resveratrola. Metilacija mo\u010dno izbolj\u0161a \u010drevesno in celi\u010dno absorpcijo te pomembne fitokemikalije, hkrati pa zmanj\u0161a prekomerni o\u010distek jeter.<\/p>\n<p>U\u010dinki resveratrola:<\/p>\n<p>izbolj\u0161ana prilagoditev na fizi\u010dno obremenitev in bolj\u0161a regeneracija po treningu,<\/p>\n<p>zmanj\u0161anje po\u0161kodb celic zaradi oksidativnega stresa,<\/p>\n<p>izbolj\u0161ana anaerobna kapaciteta za \u0161portnike in rekreativce,<\/p>\n<p>izbolj\u0161an pretok krvi (tudi v mo\u017eganih),<\/p>\n<p>uravnavanje krvnega pritiska,<\/p>\n<p>uravnavanje krvnega sladkorja in zmanj\u0161ana potreba po inzulinu,<\/p>\n<p>izbolj\u0161anje holesterola ter trigliceridov,<\/p>\n<p>podpora razstrupljanja v jetrih,<\/p>\n<p>obnavlja ko\u017eo in izbolj\u0161uje njen videz.<\/p>\n<p>Resveratrol se odli\u010dno kombinira s Kvercetinom , Kalcijevim-D-glukaratom in kurkuminom .<\/p>\n","protected":false},"excerpt":{"rendered":"<p>Dolgo\u017eivost in zdravje srca ter o\u017eilja.<\/p>\n","protected":false},"featured_media":60420,"comment_status":"open","ping_status":"closed","template":"","meta":[],"etheme_brands":[{"term_id":4642,"name":"Jarrow Formulas","slug":"jarrow-formulas","term_group":0,"term_taxonomy_id":4642,"taxonomy":"brand","description":"Jarrow Formulas (podjetje s sede\u017eem v ameri\u0161kem Los Angelesu) je snovalec in dobavitelj vrhunskih prehranskih dopolnil. Podjetje je bilo ustanovljeno leta 1977. Celotna linija Jarrow Formulas zajema vitamine, minerale, probiotike, standardizirane zeli\u0161\u010dne koncentrate, aminokisline in encime.\r\nPodjetje tudi financira raziskovalne \u0161tudije o pomembnosti prehranskih izdelkov, kot je denimo CoQ10. Cilj podjetja je namre\u010d spodbujati optimalno zdravje s prehranskimi dopolnili visoke kakovosti, u\u010dinkovitosti, dostopnosti in v vrhunskih oblikah.","parent":0,"count":36,"filter":"raw"}],"product_brand":[],"product_cat":[3731,3722,3875,3723,3724,3736,3740,3755,3726,3752],"product_tag":[5471,5579,5709,5442,5496,5710,5497],"class_list":{"0":"post-60419","1":"product","2":"type-product","3":"status-publish","4":"has-post-thumbnail","6":"brand-jarrow-formulas","7":"product_cat-akcija","8":"product_cat-antioksidanti","9":"product_cat-novo-v-ponudbi","10":"product_cat-podpora-srca-in-ozilja","11":"product_cat-razstrupljanje-in-jetra","12":"product_cat-spomin-in-zdravje-mozganov","13":"product_cat-uravnavanje-krvnega-sladkorja","14":"product_cat-vnetja-avtoimune-bolezni","15":"product_cat-vnetja-kosti-in-sklepi","16":"product_cat-zelisca-izvlecki-in-tinkture","17":"product_tag-antioksidant","18":"product_tag-celulit","19":"product_tag-dolgozivost","20":"product_tag-koza","21":"product_tag-ozilje","22":"product_tag-sport","23":"product_tag-srce","25":"first","26":"outofstock","27":"taxable","28":"shipping-taxable","29":"purchasable","30":"product-type-simple"},"_links":{"self":[{"href":"https:\/\/fmed.eu\/de\/wp-json\/wp\/v2\/product\/60419","targetHints":{"allow":["GET"]}}],"collection":[{"href":"https:\/\/fmed.eu\/de\/wp-json\/wp\/v2\/product"}],"about":[{"href":"https:\/\/fmed.eu\/de\/wp-json\/wp\/v2\/types\/product"}],"replies":[{"embeddable":true,"href":"https:\/\/fmed.eu\/de\/wp-json\/wp\/v2\/comments?post=60419"}],"version-history":[{"count":1,"href":"https:\/\/fmed.eu\/de\/wp-json\/wp\/v2\/product\/60419\/revisions"}],"predecessor-version":[{"id":69262,"href":"https:\/\/fmed.eu\/de\/wp-json\/wp\/v2\/product\/60419\/revisions\/69262"}],"wp:featuredmedia":[{"embeddable":true,"href":"https:\/\/fmed.eu\/de\/wp-json\/wp\/v2\/media\/60420"}],"wp:attachment":[{"href":"https:\/\/fmed.eu\/de\/wp-json\/wp\/v2\/media?parent=60419"}],"wp:term":[{"taxonomy":"brand","embeddable":true,"href":"https:\/\/fmed.eu\/de\/wp-json\/wp\/v2\/etheme_brands?post=60419"},{"taxonomy":"product_brand","embeddable":true,"href":"https:\/\/fmed.eu\/de\/wp-json\/wp\/v2\/product_brand?post=60419"},{"taxonomy":"product_cat","embeddable":true,"href":"https:\/\/fmed.eu\/de\/wp-json\/wp\/v2\/product_cat?post=60419"},{"taxonomy":"product_tag","embeddable":true,"href":"https:\/\/fmed.eu\/de\/wp-json\/wp\/v2\/product_tag?post=60419"}],"curies":[{"name":"wp","href":"https:\/\/api.w.org\/{rel}","templated":true}]}}