{"id":60531,"date":"2022-01-06T18:23:12","date_gmt":"2022-01-06T16:23:12","guid":{"rendered":"https:\/\/fmed.eu\/product\/resveratrol-trans-resveratrol-arzte-beste\/"},"modified":"2025-03-04T11:58:38","modified_gmt":"2025-03-04T11:58:38","slug":"resveratrol-trans-resveratrol-arzte-beste","status":"publish","type":"product","link":"https:\/\/fmed.eu\/de\/produkt\/resveratrol-trans-resveratrol-arzte-beste\/","title":{"rendered":"Resveratrol (Trans-Resveratrol) 600mg, Doctor&#8217;s Best"},"content":{"rendered":"<h2><span class=\"st\">Doctor&#8217;s Best Trans-Resveratrol-Extrakt 60 x 600 mg<\/span><\/h2>\n<p>Doctor&#8217;s Best High Potency Trans-Resveratrol 600 bietet hochkonzentrierte Mengen an Trans-Resveratrol (98% rein) aus der Wurzel des Japanischen Staudenkn\u00f6terichs (Polygonum cuspidatum). Trans-Resveratrol ist ein einzigartiges Antioxidans mit der F\u00e4higkeit, die Blut-Hirn-Schranke zu \u00fcberwinden.<\/p>\n<p>Dieses Trans-Resveratrol wird durch das von Ethical Naturals, Inc. entwickelte ProfileProven\u00ae-Qualit\u00e4tssicherungssystem garantiert. Dieser Prozess umfasst die umfangreichsten Tests und Inspektionen in jeder Produktionsphase, um Sauberkeit und Festigkeit zu gew\u00e4hrleisten.<\/p>\n<ul>\n<li>Trans-Resveratrol wirkt als starkes Antioxidans<\/li>\n<li>Es hilft, die Zellen vor Sch\u00e4den durch freie Radikale zu sch\u00fctzen<\/li>\n<li>Hilft oxidativen Stress zu reduzieren<\/li>\n<li>98% reines Trans-Resveratrol<\/li>\n<\/ul>\n<h2>Wirkungen von Resveratrol:<\/h2>\n<ul>\n<li>verbesserte Anpassung an k\u00f6rperliche Aktivit\u00e4t und bessere Regeneration nach dem Training,<\/li>\n<li>Reduzierung von Zellsch\u00e4den durch oxidativen Stress,<\/li>\n<li>verbesserte anaerobe Kapazit\u00e4t f\u00fcr Sportler und Freizeitsportler,<\/li>\n<li>verbesserte Durchblutung (auch im Gehirn),<\/li>\n<li>Blutdruckregulierung,<\/li>\n<li>Blutzuckerkontrolle und reduzierter Insulinbedarf<\/li>\n<li>Verbesserung von Cholesterin und Triglyceriden,<\/li>\n<li>Unterst\u00fctzung der Leberentgiftung,<\/li>\n<li>regeneriert die Haut und verbessert ihr Aussehen.<\/li>\n<\/ul>\n<p>&nbsp;<\/p>\n<p>Resveratrol l\u00e4sst sich gut mit <a href=\"\/?p=9886\">Quercetin<\/a> , <a href=\"\/?p=9876\">Calcium-D-Glucarat<\/a> und <a href=\"\/?p=9852\">Curcumin<\/a> kombinieren.<\/p>\n","protected":false},"excerpt":{"rendered":"<p>Langlebigkeit und Herz-Kreislauf-Gesundheit.<\/p>\n","protected":false},"featured_media":60521,"comment_status":"open","ping_status":"closed","template":"","meta":[],"etheme_brands":[{"term_id":4752,"name":"Doctor's Best","slug":"doctors-best-de","term_group":0,"term_taxonomy_id":4752,"taxonomy":"brand","description":"Doctor's Best ist eine Marke, die 1990 von \u00c4rzten gegr\u00fcndet wurde. Das Unternehmen bietet mehr als 200 Produkte an, von denen die meisten aus Zutaten der eigenen Marke hergestellt werden. Das Unternehmen bietet Produkte, die sich durch h\u00f6chste Qualit\u00e4tsstandards auszeichnen.","parent":0,"count":6,"filter":"raw"}],"product_brand":[],"product_cat":[3849,3861,3862,3856,3851,3857,3858,3863,3884],"product_tag":[6307,6377,6267],"class_list":{"0":"post-60531","1":"product","2":"type-product","3":"status-publish","4":"has-post-thumbnail","6":"brand-doctors-best-de","7":"product_cat-antioxidantien","8":"product_cat-blutzuckerregulierung","9":"product_cat-entgiftung-und-leber","10":"product_cat-entzundung-knochen-und-gelenke","11":"product_cat-entzundungen-autoimmunerkrankungen","12":"product_cat-gedachtnis-und-gehirngesundheit","13":"product_cat-herz-kreislauf-unterstutzung","14":"product_cat-krauter-extrakte-und-tinkturen","15":"product_cat-neu-im-angebot","16":"product_tag-haut-de","17":"product_tag-herz-de","18":"product_tag-sport-de","20":"first","21":"outofstock","22":"taxable","23":"shipping-taxable","24":"purchasable","25":"product-type-simple"},"_links":{"self":[{"href":"https:\/\/fmed.eu\/de\/wp-json\/wp\/v2\/product\/60531","targetHints":{"allow":["GET"]}}],"collection":[{"href":"https:\/\/fmed.eu\/de\/wp-json\/wp\/v2\/product"}],"about":[{"href":"https:\/\/fmed.eu\/de\/wp-json\/wp\/v2\/types\/product"}],"replies":[{"embeddable":true,"href":"https:\/\/fmed.eu\/de\/wp-json\/wp\/v2\/comments?post=60531"}],"version-history":[{"count":0,"href":"https:\/\/fmed.eu\/de\/wp-json\/wp\/v2\/product\/60531\/revisions"}],"wp:featuredmedia":[{"embeddable":true,"href":"https:\/\/fmed.eu\/de\/wp-json\/wp\/v2\/media\/60521"}],"wp:attachment":[{"href":"https:\/\/fmed.eu\/de\/wp-json\/wp\/v2\/media?parent=60531"}],"wp:term":[{"taxonomy":"brand","embeddable":true,"href":"https:\/\/fmed.eu\/de\/wp-json\/wp\/v2\/etheme_brands?post=60531"},{"taxonomy":"product_brand","embeddable":true,"href":"https:\/\/fmed.eu\/de\/wp-json\/wp\/v2\/product_brand?post=60531"},{"taxonomy":"product_cat","embeddable":true,"href":"https:\/\/fmed.eu\/de\/wp-json\/wp\/v2\/product_cat?post=60531"},{"taxonomy":"product_tag","embeddable":true,"href":"https:\/\/fmed.eu\/de\/wp-json\/wp\/v2\/product_tag?post=60531"}],"curies":[{"name":"wp","href":"https:\/\/api.w.org\/{rel}","templated":true}]}}