{"id":60625,"date":"2022-01-05T16:09:41","date_gmt":"2022-01-05T16:09:41","guid":{"rendered":"https:\/\/fmed.eu\/product\/carotinall-jarrow-formeln\/"},"modified":"2025-03-04T11:58:39","modified_gmt":"2025-03-04T11:58:39","slug":"carotinall-jarrow-formeln","status":"publish","type":"product","link":"https:\/\/fmed.eu\/de\/produkt\/carotinall-jarrow-formeln\/","title":{"rendered":"CarotenAll, Jarrow Formulas"},"content":{"rendered":"<h2>CarotenAll, Jarrow Formulas<\/h2>\n<ul>\n<li>Gemischter Carotinoid-Komplex: CarotenAll ist ein gemischter Carotinoid-Komplex, der die Gesamtmenge der wichtigsten Carotinoide (Alpha- und Beta-Carotin, Lutein, Zeaxanthin und Lycopin) in einer Weichkapsel mit f\u00fcnf Portionen Obst und Gem\u00fcse enth\u00e4lt.<\/li>\n<li>Herz-Kreislauf- und Sehhilfe: CarotenAll als Teil einer gesunden Ern\u00e4hrung unterst\u00fctzt die Herz-Kreislauf- und Sehkraft-Gesundheit mit Carotinoiden (aus Palmfr\u00fcchten im gleichen Verh\u00e4ltnis wie Karotten gewonnen) und Lycopin (in GVO-freien Tomaten enthalten)<\/li>\n<li>Andere Carotinoide enthalten: Das 7-Carotinoid-Softgel enth\u00e4lt auch Lutein und Zeaxanthin (in dunklem, gr\u00fcnem Blattgem\u00fcse enthalten) und Astaxanthin (in Meeresfr\u00fcchten und Algen enthalten).<\/li>\n<li>Praktische Weichkapseln: Eine Weichkapsel entspricht Carotinoiden in f\u00fcnf Portionen Obst und Gem\u00fcse; Nehmen Sie ein- bis zweimal t\u00e4glich eine Kapsel oder wie von Ihrem qualifizierten Arzt verordnet ein<\/li>\n<\/ul>\n<p>CarotenAll\u00ae enth\u00e4lt aus Palmfr\u00fcchten gewonnenes Alpha- und Beta-Carotin (EVTene\u2122) in einem karotten\u00e4hnlichen Verh\u00e4ltnis. Eine CarotenAll\u00ae Weichkapsel liefert h\u00f6here Mengen an wichtigen Carotinoiden (Alpha- und Beta-Carotin, Lutein, Zeaxanthin und Lycopin) als 5-6 Portionen Obst und Gem\u00fcse.<\/p>\n<p>Lycopin ist ein antioxidatives Carotinoid, das aus gentechnikfreien Tomaten (Lyc-O-Mato\u00ae) gewonnen wird. Lycopin sch\u00fctzt Zellen vor Singulett-Sauerstoff reaktiver Sauerstoffspezies (ROS).<\/p>\n<p>Lutein ist ein antioxidatives Carotinoid, das zusammen mit Zeaxanthin in der Natur vorkommt. Lutein und Zeaxanthin in der Nahrung sind in der Makula und der Linse des Auges konzentriert, wo sie diese Gewebe vor oxidativem Stress sch\u00fctzen. Astaxanthin ist ein sehr starkes antioxidatives Carotinoid, das in Meeresfr\u00fcchten und Algen vorkommt und die Lipide vor Peroxidation sch\u00fctzt.<\/p>\n","protected":false},"excerpt":{"rendered":"<p>Tragen Sie zur allgemeinen Augengesundheit bei und unterst\u00fctzen Sie das Herz-Kreislauf-System. Unterst\u00fctzt die Gesundheit von Herz-Kreislauf und Sehkraft mit Carotinoiden<\/p>\n","protected":false},"featured_media":60499,"comment_status":"open","ping_status":"closed","template":"","meta":[],"etheme_brands":[{"term_id":4737,"name":"Jarrow Formulas","slug":"jarrow-formulas-de","term_group":0,"term_taxonomy_id":4737,"taxonomy":"brand","description":"Jarrow Formulas (a company based in Los Angeles) is the founder and supplier of premium dietary supplements. The company was founded in 1977. The entire line of Jarrow Formulas covers vitamins, minerals, probiotics, standardized herbal concentrates, amino acids and enzymes.\nThe company also funds research studies on the importance of food products, such as CoQ10. The aim of the company is to promote optimal health with high quality food supplements, efficiency, accessibility and top-quality forms.","parent":0,"count":13,"filter":"raw"}],"product_brand":[],"product_cat":[3849,3872,3850,3857,3853],"product_tag":[6260,6272,6379],"class_list":{"0":"post-60625","1":"product","2":"type-product","3":"status-publish","4":"has-post-thumbnail","6":"brand-jarrow-formulas-de","7":"product_cat-antioxidantien","8":"product_cat-augengesundheit","9":"product_cat-energie-und-motivation","10":"product_cat-gedachtnis-und-gehirngesundheit","11":"product_cat-immunsystem","12":"product_tag-energie-de","13":"product_tag-immunsystem-de","14":"product_tag-vitamine-de","16":"first","17":"outofstock","18":"taxable","19":"shipping-taxable","20":"purchasable","21":"product-type-simple"},"_links":{"self":[{"href":"https:\/\/fmed.eu\/de\/wp-json\/wp\/v2\/product\/60625","targetHints":{"allow":["GET"]}}],"collection":[{"href":"https:\/\/fmed.eu\/de\/wp-json\/wp\/v2\/product"}],"about":[{"href":"https:\/\/fmed.eu\/de\/wp-json\/wp\/v2\/types\/product"}],"replies":[{"embeddable":true,"href":"https:\/\/fmed.eu\/de\/wp-json\/wp\/v2\/comments?post=60625"}],"version-history":[{"count":0,"href":"https:\/\/fmed.eu\/de\/wp-json\/wp\/v2\/product\/60625\/revisions"}],"wp:featuredmedia":[{"embeddable":true,"href":"https:\/\/fmed.eu\/de\/wp-json\/wp\/v2\/media\/60499"}],"wp:attachment":[{"href":"https:\/\/fmed.eu\/de\/wp-json\/wp\/v2\/media?parent=60625"}],"wp:term":[{"taxonomy":"brand","embeddable":true,"href":"https:\/\/fmed.eu\/de\/wp-json\/wp\/v2\/etheme_brands?post=60625"},{"taxonomy":"product_brand","embeddable":true,"href":"https:\/\/fmed.eu\/de\/wp-json\/wp\/v2\/product_brand?post=60625"},{"taxonomy":"product_cat","embeddable":true,"href":"https:\/\/fmed.eu\/de\/wp-json\/wp\/v2\/product_cat?post=60625"},{"taxonomy":"product_tag","embeddable":true,"href":"https:\/\/fmed.eu\/de\/wp-json\/wp\/v2\/product_tag?post=60625"}],"curies":[{"name":"wp","href":"https:\/\/api.w.org\/{rel}","templated":true}]}}