{"id":60627,"date":"2022-01-05T12:35:24","date_gmt":"2022-01-05T12:35:24","guid":{"rendered":"https:\/\/fmed.eu\/product\/pegasti-badelj-milch-distel-jarrow-formeln\/"},"modified":"2025-03-04T11:58:40","modified_gmt":"2025-03-04T11:58:40","slug":"pegasti-badelj-milch-distel-jarrow-formeln","status":"publish","type":"product","link":"https:\/\/fmed.eu\/de\/produkt\/pegasti-badelj-milch-distel-jarrow-formeln\/","title":{"rendered":"Gefleckte Mariendistel, Jarrow Formulas"},"content":{"rendered":"<h2>Gefleckte Mariendistel, Jarrow Formulas<\/h2>\n<p>Jarrow Formulas\u00ae (Silybum marianum) 30:1-Extrakt ist standardisiert, um 80 % der gesamten Flavonoide aus Mariendistelsamen zu enthalten, einschlie\u00dflich Isosilibinine, Silibinine, Silicristin und Silidianin. Diese Gruppe von Flavonoiden, zusammenfassend als Silymarin bekannt, unterst\u00fctzt die Leberfunktion. einen sch\u00fctzenden Glutathionspiegel aufrechterhalten.<\/p>\n<ul>\n<li>Antioxidative Unterst\u00fctzung: Mariendistel liefert Verbindungen, die das antioxidative System des K\u00f6rpers unterst\u00fctzen, einschlie\u00dflich der Immunantwort und der Leberproteinsynthese; Die Formel enth\u00e4lt einen 30:1 Extrakt, der 80 Prozent aller Distelsamen-Flavonoide enth\u00e4lt.<\/li>\n<li>Unterst\u00fctzt die Leberfunktion und Glutathion: Diese Gruppe von Flavonoiden aus Mariendistelsamen, zusammenfassend als Silymarin bekannt, unterst\u00fctzt die Leberfunktion und den Glutathionspiegel; Glutathion ist das wichtigste Antioxidans des K\u00f6rpers<br \/>\nKr\u00e4uterkapseln: Nehmen Sie t\u00e4glich ein bis drei Gem\u00fcsekapseln oder nach Anweisung Ihres qualifizierten Arztes ein; Diese Formel ist f\u00fcr Veganer und Vegetarier geeignet<\/li>\n<\/ul>\n","protected":false},"excerpt":{"rendered":"<p>Mariendistel unterst\u00fctzt das antioxidative System, die Immunantwort und die Leberproteinsynthese, erh\u00e4lt den Schutzspiegel von Glutathion, unterst\u00fctzt die Leber.<\/p>\n","protected":false},"featured_media":60477,"comment_status":"open","ping_status":"closed","template":"","meta":[],"etheme_brands":[{"term_id":4737,"name":"Jarrow Formulas","slug":"jarrow-formulas-de","term_group":0,"term_taxonomy_id":4737,"taxonomy":"brand","description":"Jarrow Formulas (a company based in Los Angeles) is the founder and supplier of premium dietary supplements. The company was founded in 1977. The entire line of Jarrow Formulas covers vitamins, minerals, probiotics, standardized herbal concentrates, amino acids and enzymes.\nThe company also funds research studies on the importance of food products, such as CoQ10. The aim of the company is to promote optimal health with high quality food supplements, efficiency, accessibility and top-quality forms.","parent":0,"count":13,"filter":"raw"}],"product_brand":[],"product_cat":[3849,3850,3862,3858,3853,3884],"product_tag":[6260,6272,6379],"class_list":{"0":"post-60627","1":"product","2":"type-product","3":"status-publish","4":"has-post-thumbnail","6":"brand-jarrow-formulas-de","7":"product_cat-antioxidantien","8":"product_cat-energie-und-motivation","9":"product_cat-entgiftung-und-leber","10":"product_cat-herz-kreislauf-unterstutzung","11":"product_cat-immunsystem","12":"product_cat-neu-im-angebot","13":"product_tag-energie-de","14":"product_tag-immunsystem-de","15":"product_tag-vitamine-de","17":"first","18":"outofstock","19":"taxable","20":"shipping-taxable","21":"purchasable","22":"product-type-variable"},"_links":{"self":[{"href":"https:\/\/fmed.eu\/de\/wp-json\/wp\/v2\/product\/60627","targetHints":{"allow":["GET"]}}],"collection":[{"href":"https:\/\/fmed.eu\/de\/wp-json\/wp\/v2\/product"}],"about":[{"href":"https:\/\/fmed.eu\/de\/wp-json\/wp\/v2\/types\/product"}],"replies":[{"embeddable":true,"href":"https:\/\/fmed.eu\/de\/wp-json\/wp\/v2\/comments?post=60627"}],"version-history":[{"count":0,"href":"https:\/\/fmed.eu\/de\/wp-json\/wp\/v2\/product\/60627\/revisions"}],"wp:featuredmedia":[{"embeddable":true,"href":"https:\/\/fmed.eu\/de\/wp-json\/wp\/v2\/media\/60477"}],"wp:attachment":[{"href":"https:\/\/fmed.eu\/de\/wp-json\/wp\/v2\/media?parent=60627"}],"wp:term":[{"taxonomy":"brand","embeddable":true,"href":"https:\/\/fmed.eu\/de\/wp-json\/wp\/v2\/etheme_brands?post=60627"},{"taxonomy":"product_brand","embeddable":true,"href":"https:\/\/fmed.eu\/de\/wp-json\/wp\/v2\/product_brand?post=60627"},{"taxonomy":"product_cat","embeddable":true,"href":"https:\/\/fmed.eu\/de\/wp-json\/wp\/v2\/product_cat?post=60627"},{"taxonomy":"product_tag","embeddable":true,"href":"https:\/\/fmed.eu\/de\/wp-json\/wp\/v2\/product_tag?post=60627"}],"curies":[{"name":"wp","href":"https:\/\/api.w.org\/{rel}","templated":true}]}}