{"id":60647,"date":"2022-02-04T10:24:46","date_gmt":"2022-02-04T10:24:46","guid":{"rendered":"https:\/\/fmed.eu\/product\/optimiziran-cesen-optimized-garlic-life-extension\/"},"modified":"2025-04-22T13:04:54","modified_gmt":"2025-04-22T11:04:54","slug":"optimiziran-cesen-optimized-garlic-life-extension","status":"publish","type":"product","link":"https:\/\/fmed.eu\/de\/produkt\/optimiziran-cesen-optimized-garlic-life-extension\/","title":{"rendered":"Optimiziran \u010desen (Optimized Garlic), Life Extension,200 kapsul"},"content":{"rendered":"<p>Optimiziran \u010desen (Optimized Garlic), Life Extension<\/p>\n<p>Kaj je optimiziran \u010desen?<br \/>\n\u010cesen je po vsem svetu znan kot neverjeten oja\u010devalec okusa, pona\u0161a pa se tudi z ve\u010d zdravstvenimi koristmi za telo. Optimizirani \u010desen temelji na ve\u010d objavljenih \u0161tudijah teh koristi, vklju\u010dno s podpiranjem odziva telesa na oksidativni stres, izbolj\u0161anjem celi\u010dnega razstrupljanja in podpiranjem imunskega odziva.<\/p>\n<p>\u010cesen pripomore k bolj\u0161emu okusu omake za testenine, vendar je zaradi \u0161tevilnih zdravstvenih koristi, ki jih navajajo znanstveniki, \u0161e bolj okusen dodatek k va\u0161emu dnevnemu re\u017eimu. Optimizirani \u010desen te znanstvene \u0161tudije uporablja v praksi z 10.000 ppm potenciala alicina, klju\u010dne sestavine nestaranega \u010desna, ki spodbuja zdravje in pomaga podpirati na\u0161 imunski odziv in \u0161\u010diti pred oksidativnim stresom.<\/p>\n<p>Optimizirani \u010desen smo zasnovali na znanstvenih \u0161tudijah, ki nudijo zdravstvene koristi za sr\u010dno-\u017eilni in imunski sistem.<\/p>\n<p>Optimizirane prednosti \u010desna<\/p>\n<p>Zagotavlja sr\u010dno-\u017eilno podporo<\/p>\n<p>Pomaga pove\u010dati imunski odziv<\/p>\n<p>Pomaga pri razstrupljanju celic<\/p>\n<p>Podpira zdravo delovanje trombocitov<\/p>\n","protected":false},"excerpt":{"rendered":"<p>Optimizirani \u010desen temelji na ve\u010d objavljenih \u0161tudijah, vklju\u010dno s podpiranjem odziva telesa na oksidativni stres, izbolj\u0161anjem celi\u010dnega razstrupljanja in podpiranjem imunskega odziva.<\/p>\n","protected":false},"featured_media":60648,"comment_status":"open","ping_status":"closed","template":"","meta":[],"etheme_brands":[{"term_id":4696,"name":"LifeExtension","slug":"lifeextension","term_group":0,"term_taxonomy_id":4696,"taxonomy":"brand","description":"LifeExtenstion je podjetje, ki polaga posebno pozornost na kvaliteto. Osredoto\u010deni so na dva posebna podro\u010dja:\r\n\r\nSurovine: Za razliko od drugih proizvajalcev, sestavine, ki gredo v njihove izdelke, niso izbrane na podlagi stro\u0161kov. Namesto tega so izbrane na podlagi \u010distosti, u\u010dinkovitosti in dokazov iz znanstvenih raziskav.\r\n\r\nPotrjevanje u\u010dinkovitosti u\u010dinkovin z znanstvenimi raziskavami: Uporabljajo sestavine in odmerke, ki natan\u010dno posnemajo najuspe\u0161nej\u0161e rezultate, pridobljene v znanstvenih \u0161tudijah, za najve\u010djo u\u010dinkovitost.","parent":0,"count":12,"filter":"raw"}],"product_brand":[],"product_cat":[3722,3732,3733,3875,5384,3723,3716,3736],"product_tag":[5469,5500,5496,5436,5497,5470,5467],"class_list":{"0":"post-60647","1":"product","2":"type-product","3":"status-publish","4":"has-post-thumbnail","6":"brand-lifeextension","7":"product_cat-antioksidanti","8":"product_cat-energija-in-motivacija","9":"product_cat-imunski-sistem","10":"product_cat-novo-v-ponudbi","11":"product_cat-obvladovanje-stresa","12":"product_cat-podpora-srca-in-ozilja","13":"product_cat-prebava-zelodec-crevesje","14":"product_cat-spomin-in-zdravje-mozganov","15":"product_tag-energija","16":"product_tag-imunski-sistem","17":"product_tag-ozilje","18":"product_tag-prebava","19":"product_tag-srce","20":"product_tag-stres","21":"product_tag-utrujenost","23":"first","24":"outofstock","25":"taxable","26":"shipping-taxable","27":"purchasable","28":"product-type-simple"},"_links":{"self":[{"href":"https:\/\/fmed.eu\/de\/wp-json\/wp\/v2\/product\/60647","targetHints":{"allow":["GET"]}}],"collection":[{"href":"https:\/\/fmed.eu\/de\/wp-json\/wp\/v2\/product"}],"about":[{"href":"https:\/\/fmed.eu\/de\/wp-json\/wp\/v2\/types\/product"}],"replies":[{"embeddable":true,"href":"https:\/\/fmed.eu\/de\/wp-json\/wp\/v2\/comments?post=60647"}],"version-history":[{"count":1,"href":"https:\/\/fmed.eu\/de\/wp-json\/wp\/v2\/product\/60647\/revisions"}],"predecessor-version":[{"id":69254,"href":"https:\/\/fmed.eu\/de\/wp-json\/wp\/v2\/product\/60647\/revisions\/69254"}],"wp:featuredmedia":[{"embeddable":true,"href":"https:\/\/fmed.eu\/de\/wp-json\/wp\/v2\/media\/60648"}],"wp:attachment":[{"href":"https:\/\/fmed.eu\/de\/wp-json\/wp\/v2\/media?parent=60647"}],"wp:term":[{"taxonomy":"brand","embeddable":true,"href":"https:\/\/fmed.eu\/de\/wp-json\/wp\/v2\/etheme_brands?post=60647"},{"taxonomy":"product_brand","embeddable":true,"href":"https:\/\/fmed.eu\/de\/wp-json\/wp\/v2\/product_brand?post=60647"},{"taxonomy":"product_cat","embeddable":true,"href":"https:\/\/fmed.eu\/de\/wp-json\/wp\/v2\/product_cat?post=60647"},{"taxonomy":"product_tag","embeddable":true,"href":"https:\/\/fmed.eu\/de\/wp-json\/wp\/v2\/product_tag?post=60647"}],"curies":[{"name":"wp","href":"https:\/\/api.w.org\/{rel}","templated":true}]}}