{"id":60729,"date":"2022-08-10T18:20:45","date_gmt":"2022-08-10T18:20:45","guid":{"rendered":"https:\/\/fmed.eu\/product\/jarrow-formulas-krilovo-olje-60-mehkih-gel-kapsul\/"},"modified":"2026-04-25T02:04:33","modified_gmt":"2026-04-25T00:04:33","slug":"jarrow-formulas-krilovo-olje-60-mehkih-gel-kapsul","status":"publish","type":"product","link":"https:\/\/fmed.eu\/de\/produkt\/jarrow-formulas-krilovo-olje-60-mehkih-gel-kapsul\/","title":{"rendered":"Jarrow Formulas Krilovo Olje &#8211; 60 mehkih gel kapsul"},"content":{"rendered":"<p>Jarrow Formulas Krilovo Olje &#8211; 60 mehkih gel kapsul<\/p>\n<p>Fosfolipidni omega-3 kompleks z astaksantinom: Krilovo olje je nizkotemperaturni izvle\u010dek bogatega antarkti\u010dnega krila in vklju\u010duje edinstvene fosfolipide, bogate z omega-3 PUFA (EPA in DHA);\u00a0Formula vsebuje tudi astaksantin<\/p>\n<p>Delovanje in presnova mo\u017eganov: Razvijajo\u010da se znanost prikazuje nekaj dokazov o potencialu krilovega olja za podporo zdravega upravljanja lipidov, prehrane mo\u017eganov in presnove<\/p>\n<p>Visoka kakovost: Krilovo olje Jarrow Formulas je oblikovano z ve\u010dstopenjskim postopkom ekstrakcije olja, ki zagotavlja visokokakovostno naravno obliko trigliceridov omega-3 in zmanj\u0161a trimetilamin, kar povzro\u010di manj ribjega vonja ali priokusa.<\/p>\n<p>Predlagana uporaba: Vzemite dve mehki kapsuli na dan z obroki ali po navodilih svojega usposobljenega zdravstvenega delavca<\/p>\n<p>Vrhunska prehrana in formulacija: Cilj Jarrow Formul je spodbujanje optimalnega zdravja z visoko kakovostno, u\u010dinkovito, cenovno dostopno in vrhunsko formulacijo prehranskih dopolnil;\u00a0Na\u0161e stranke so lahko prepri\u010dane o \u010distosti, vrednosti in mo\u010di<\/p>\n<p>Bistvenega pomena za zdravje mo\u017eganov, srca in o\u017eilja, imunskega sistema in splo\u0161no zdravje*<\/p>\n<p>Ribje olje zagotavlja specifi\u010dne omega-3 ma\u0161\u010dobne kisline, eikosapentaenojsko kislino (EPA) in dokozaheksaenojsko kislino (DHA), ki so bistvenega pomena za zdravje mo\u017eganov, srca in o\u017eilja, imunskega sistema in splo\u0161no presnovo.\u00a0Telo teh esencialnih ma\u0161\u010dob ne proizvaja, zato jih je treba zau\u017eiti v prehrani z mastnimi ribami, vendar ve\u010dina ljudi ne dosega priporo\u010denih ravni vnosa.\u00a0Dodatki ribjega olja Jarrow Formulas so izdelani v skladu z zahtevami dobre proizvodne prakse (GMP) in zagotavljajo visoko pre\u010di\u0161\u010dene, koncentrirane vire EPA in DHA.*<\/p>\n<p>Zavrnitev odgovornosti FDA:<\/p>\n<p>*Uprava za hrano in zdravila teh izjav ni ovrednotila.\u00a0Ti izdelki niso namenjeni diagnosticiranju, zdravljenju ali prepre\u010devanju kakr\u0161nih koli bolezni.<\/p>\n<p>Krilovo olje je nizkotemperaturni izvle\u010dek bogatega antarkti\u010dnega krila (Euphausia superba) in vsebuje edinstvene fosfolipide, bogate z Omega 3 PUFA (EPA in DHA).\u00a0Hraniti na hladnem in suhem mestu.\u00a0OPOMBA: \u010ce imate zdravstveno stanje (zlasti alergije na morsko hrano ali koagulopatijo), ste mlaj\u0161i od 18 let, jemljete zdravila (zlasti antikoagulante) ali se soo\u010date z operacijo, se pred uporabo tega izdelka posvetujte s svojim zdravstvenim delavcem.<\/p>\n","protected":false},"excerpt":{"rendered":"<p>KIKI&#8217;s Krill Oil je kapsulirano v kapsulah Licaps, kar omogo\u010da hitrej\u0161e spro\u0161\u010danje izdelka in posledi\u010dno pospe\u0161uje absorpcijo olja.<\/p>\n","protected":false},"featured_media":60730,"comment_status":"open","ping_status":"closed","template":"","meta":[],"etheme_brands":[{"term_id":4642,"name":"Jarrow Formulas","slug":"jarrow-formulas","term_group":0,"term_taxonomy_id":4642,"taxonomy":"brand","description":"Jarrow Formulas (podjetje s sede\u017eem v ameri\u0161kem Los Angelesu) je snovalec in dobavitelj vrhunskih prehranskih dopolnil. Podjetje je bilo ustanovljeno leta 1977. Celotna linija Jarrow Formulas zajema vitamine, minerale, probiotike, standardizirane zeli\u0161\u010dne koncentrate, aminokisline in encime.\r\nPodjetje tudi financira raziskovalne \u0161tudije o pomembnosti prehranskih izdelkov, kot je denimo CoQ10. Cilj podjetja je namre\u010d spodbujati optimalno zdravje s prehranskimi dopolnili visoke kakovosti, u\u010dinkovitosti, dostopnosti in v vrhunskih oblikah.","parent":0,"count":36,"filter":"raw"}],"product_brand":[],"product_cat":[3732,3733,5384,3876,3723,3716,3756,3724,3736,3739,3740,3766,3725,3755,3726,3762],"product_tag":[5521,5449,5468,5540,5491,5637,5638,5496,5639,5640,5455,5641,5636,5522],"class_list":{"0":"post-60729","1":"product","2":"type-product","3":"status-publish","4":"has-post-thumbnail","6":"brand-jarrow-formulas","7":"product_cat-energija-in-motivacija","8":"product_cat-imunski-sistem","9":"product_cat-obvladovanje-stresa","10":"product_cat-omega-3","11":"product_cat-podpora-srca-in-ozilja","12":"product_cat-prebava-zelodec-crevesje","13":"product_cat-prehladna-obolenja","14":"product_cat-razstrupljanje-in-jetra","15":"product_cat-spomin-in-zdravje-mozganov","16":"product_cat-uravnavanje-hormonov","17":"product_cat-uravnavanje-krvnega-sladkorja","18":"product_cat-vitamin-d","19":"product_cat-vitamini-in-minerali","20":"product_cat-vnetja-avtoimune-bolezni","21":"product_cat-vnetja-kosti-in-sklepi","22":"product_cat-zdrave-mascobe","23":"product_tag-bolecine","24":"product_tag-depresija","25":"product_tag-diabetes","26":"product_tag-holesterol","27":"product_tag-hujsanje","28":"product_tag-krvni-pritisk","29":"product_tag-omega-3","30":"product_tag-ozilje","31":"product_tag-polenovka","32":"product_tag-ribje-olje","33":"product_tag-sklepi","34":"product_tag-vitamin-a","35":"product_tag-vitamin-d","36":"product_tag-vnetja","38":"first","39":"instock","40":"taxable","41":"shipping-taxable","42":"purchasable","43":"product-type-simple"},"_links":{"self":[{"href":"https:\/\/fmed.eu\/de\/wp-json\/wp\/v2\/product\/60729","targetHints":{"allow":["GET"]}}],"collection":[{"href":"https:\/\/fmed.eu\/de\/wp-json\/wp\/v2\/product"}],"about":[{"href":"https:\/\/fmed.eu\/de\/wp-json\/wp\/v2\/types\/product"}],"replies":[{"embeddable":true,"href":"https:\/\/fmed.eu\/de\/wp-json\/wp\/v2\/comments?post=60729"}],"version-history":[{"count":1,"href":"https:\/\/fmed.eu\/de\/wp-json\/wp\/v2\/product\/60729\/revisions"}],"predecessor-version":[{"id":69248,"href":"https:\/\/fmed.eu\/de\/wp-json\/wp\/v2\/product\/60729\/revisions\/69248"}],"wp:featuredmedia":[{"embeddable":true,"href":"https:\/\/fmed.eu\/de\/wp-json\/wp\/v2\/media\/60730"}],"wp:attachment":[{"href":"https:\/\/fmed.eu\/de\/wp-json\/wp\/v2\/media?parent=60729"}],"wp:term":[{"taxonomy":"brand","embeddable":true,"href":"https:\/\/fmed.eu\/de\/wp-json\/wp\/v2\/etheme_brands?post=60729"},{"taxonomy":"product_brand","embeddable":true,"href":"https:\/\/fmed.eu\/de\/wp-json\/wp\/v2\/product_brand?post=60729"},{"taxonomy":"product_cat","embeddable":true,"href":"https:\/\/fmed.eu\/de\/wp-json\/wp\/v2\/product_cat?post=60729"},{"taxonomy":"product_tag","embeddable":true,"href":"https:\/\/fmed.eu\/de\/wp-json\/wp\/v2\/product_tag?post=60729"}],"curies":[{"name":"wp","href":"https:\/\/api.w.org\/{rel}","templated":true}]}}