{"id":60803,"date":"2022-10-05T18:05:31","date_gmt":"2022-10-05T18:05:31","guid":{"rendered":"https:\/\/fmed.eu\/product\/fitosom-kurkumina-jarrow-formulas\/"},"modified":"2026-03-19T13:06:32","modified_gmt":"2026-03-19T11:06:32","slug":"fitosom-kurkumina-jarrow-formulas","status":"publish","type":"product","link":"https:\/\/fmed.eu\/de\/produkt\/fitosom-kurkumina-jarrow-formulas\/","title":{"rendered":"Jarrow Formulas, Curcumin Phytosome, 500mg 60 kapsul"},"content":{"rendered":"<p>Fitosom kurkumina, Jarrow Formulas<\/p>\n<p>Meriva\u00ae<br \/>\nZagotavlja antioksidativno podporo<br \/>\nPrehransko dopolnilo<br \/>\nVeganska<br \/>\nBrez GSO, certificirano s strani NSF<br \/>\nMeriva\u00ae, fitosomska oblika kurkumina, je patentirana sestavina, ki jo sestavlja kurkumin (izvle\u010dek kurkume), vezan na fosfatidilholin za ve\u010djo absorpcijo. Kurkumin in njegovi metaboliti zagotavljajo antioksidativno podporo za zmanj\u0161anje oksidativnega stresa.<\/p>\n<p>Zakaj uporabljati kurkumin?<\/p>\n<p>Kurkumin je odli\u010dna naravna snov za zni\u017eevanje vnetij. Vnetja so v sodobnem svetu pogost pojav in povzro\u010dajo kopico sodobnih bolezni. Na primer artritis in bole\u010dina v sklepih je posledica vnetij, prav tako sladkorna bolezen, prehitro staranje, slab imunski sistem in nepro\u017ena ko\u017ea. Kurkumin je nedvomno eno najbolj uporabnih in u\u010dinkovitih in uporabnih prehranskih dopolnil na trgu nasploh. Preberite si ve\u010d o pozitivnih u\u010dinkih kurkumina v tem \u010dlanku (angle\u0161ko).<\/p>\n<p>Meriva<\/p>\n<p>Meriva je posebna tehnologija fitosomov, ki temelji na bio-mimeti\u010dnem konceptu.<\/p>\n<p>Na njeno varnost in u\u010dinkovitost je bilo narejenih \u017ee ve\u010d kot 30 \u0161tudij s preko 2000 udele\u017eenci, kar jo postavlja med najbolj raziskana prehranska dopolnila nasploh.<\/p>\n<p>Najve\u010dja te\u017eava kurkumina je, da se zelo slabo absorbira zato ponuja Kurkumin Phytosome, poseben, fitosomski na\u010din absorpcije in dostave v celice. Vezava kurkumina na fosfolipid fosfatidilholin izbolj\u0161a njegovo absorpcijo (liposomski na\u010din), saj se na ta na\u010din kurkumin absorbira preko limfnega sistema (kot ma\u0161\u010dobe) in ne preko portalnega sistema. Na ta na\u010din je absorpcija la\u017eje, saj gre za enostavno pasivno difuzijo v limfo in ne potrebuje aktivnega transportnega mehanizma, dodatno pa ne obremenjuje jeter. Na ta na\u010din se absorpcija in dostava v celice mo\u010dno pove\u010da.<\/p>\n<p>Dodatno Meriva vsebuje vse tri kukruminoide iz kurkume:<\/p>\n<p>Kurkumin<\/p>\n<p>Demetoksikurkumin<\/p>\n<p>Bisdemetoksikurkumin<\/p>\n<p>Kurkuminoidi v kurkumi<\/p>\n<p>Pogosto se poraja vpra\u0161anje zakaj ne bi uporabljal malo ve\u010d kurkume namesto kapsule. V prakti\u010dnem smislu je to zelo te\u017eko izvedljivo.<\/p>\n<p>U\u010dinkovit odmerek je 1g kukruminoidov dnevno.<\/p>\n<p>1 zvrhana \u017elica kurkume v prahu vsebuje 200mg kurkuminoidov, kar pomeni, da bi morali vsak dan zau\u017eiti vsaj 5 \u017elic kurkume za u\u010dinkovit odmerek. In to ob zanemarjanju dejstva, da je absorpcija kurkuminoidov iz naravne kurkume zelo slaba.<\/p>\n","protected":false},"excerpt":{"rendered":"<p>Kurkumin fitosom je liposomska oblika kurkumina z bolj\u0161o absorpcijo in u\u010dinkuje mo\u010dno protivnetno.<\/p>\n","protected":false},"featured_media":60804,"comment_status":"open","ping_status":"closed","template":"","meta":[],"etheme_brands":[{"term_id":4642,"name":"Jarrow Formulas","slug":"jarrow-formulas","term_group":0,"term_taxonomy_id":4642,"taxonomy":"brand","description":"Jarrow Formulas (podjetje s sede\u017eem v ameri\u0161kem Los Angelesu) je snovalec in dobavitelj vrhunskih prehranskih dopolnil. Podjetje je bilo ustanovljeno leta 1977. Celotna linija Jarrow Formulas zajema vitamine, minerale, probiotike, standardizirane zeli\u0161\u010dne koncentrate, aminokisline in encime.\r\nPodjetje tudi financira raziskovalne \u0161tudije o pomembnosti prehranskih izdelkov, kot je denimo CoQ10. Cilj podjetja je namre\u010d spodbujati optimalno zdravje s prehranskimi dopolnili visoke kakovosti, u\u010dinkovitosti, dostopnosti in v vrhunskih oblikah.","parent":0,"count":36,"filter":"raw"}],"product_brand":[],"product_cat":[3722,3733,5384,3723,3736,3740,3755,3726,3752],"product_tag":[5520,5521,5455,5522],"class_list":{"0":"post-60803","1":"product","2":"type-product","3":"status-publish","4":"has-post-thumbnail","6":"brand-jarrow-formulas","7":"product_cat-antioksidanti","8":"product_cat-imunski-sistem","9":"product_cat-obvladovanje-stresa","10":"product_cat-podpora-srca-in-ozilja","11":"product_cat-spomin-in-zdravje-mozganov","12":"product_cat-uravnavanje-krvnega-sladkorja","13":"product_cat-vnetja-avtoimune-bolezni","14":"product_cat-vnetja-kosti-in-sklepi","15":"product_cat-zelisca-izvlecki-in-tinkture","16":"product_tag-artritis","17":"product_tag-bolecine","18":"product_tag-sklepi","19":"product_tag-vnetja","21":"first","22":"instock","23":"taxable","24":"shipping-taxable","25":"purchasable","26":"product-type-simple"},"_links":{"self":[{"href":"https:\/\/fmed.eu\/de\/wp-json\/wp\/v2\/product\/60803","targetHints":{"allow":["GET"]}}],"collection":[{"href":"https:\/\/fmed.eu\/de\/wp-json\/wp\/v2\/product"}],"about":[{"href":"https:\/\/fmed.eu\/de\/wp-json\/wp\/v2\/types\/product"}],"replies":[{"embeddable":true,"href":"https:\/\/fmed.eu\/de\/wp-json\/wp\/v2\/comments?post=60803"}],"version-history":[{"count":1,"href":"https:\/\/fmed.eu\/de\/wp-json\/wp\/v2\/product\/60803\/revisions"}],"predecessor-version":[{"id":69243,"href":"https:\/\/fmed.eu\/de\/wp-json\/wp\/v2\/product\/60803\/revisions\/69243"}],"wp:featuredmedia":[{"embeddable":true,"href":"https:\/\/fmed.eu\/de\/wp-json\/wp\/v2\/media\/60804"}],"wp:attachment":[{"href":"https:\/\/fmed.eu\/de\/wp-json\/wp\/v2\/media?parent=60803"}],"wp:term":[{"taxonomy":"brand","embeddable":true,"href":"https:\/\/fmed.eu\/de\/wp-json\/wp\/v2\/etheme_brands?post=60803"},{"taxonomy":"product_brand","embeddable":true,"href":"https:\/\/fmed.eu\/de\/wp-json\/wp\/v2\/product_brand?post=60803"},{"taxonomy":"product_cat","embeddable":true,"href":"https:\/\/fmed.eu\/de\/wp-json\/wp\/v2\/product_cat?post=60803"},{"taxonomy":"product_tag","embeddable":true,"href":"https:\/\/fmed.eu\/de\/wp-json\/wp\/v2\/product_tag?post=60803"}],"curies":[{"name":"wp","href":"https:\/\/api.w.org\/{rel}","templated":true}]}}